{"id":32238,"date":"2026-01-22T10:05:56","date_gmt":"2026-01-22T10:05:56","guid":{"rendered":"https:\/\/www.krkgida.com\/?post_type=product&#038;p=32238"},"modified":"2026-01-22T10:08:06","modified_gmt":"2026-01-22T10:08:06","slug":"krk-gida-sucuk-baharat-karisimi","status":"publish","type":"product","link":"https:\/\/www.krkgida.com\/?product=krk-gida-sucuk-baharat-karisimi","title":{"rendered":"KRK GIDA SUCUK BAHARAT KARI\u015eIMI"},"content":{"rendered":"\t\t<div data-elementor-type=\"product-post\" data-elementor-id=\"32238\" class=\"elementor elementor-32238\" data-elementor-post-type=\"product\">\n\t\t\t\t<div class=\"wd-negative-gap elementor-element elementor-element-29d89e80 e-flex e-con-boxed e-con e-parent\" data-id=\"29d89e80\" data-element_type=\"container\">\n\t\t\t\t\t<div class=\"e-con-inner\">\n\t\t\t\t<div class=\"elementor-element elementor-element-43053cb6 color-scheme-inherit text-left elementor-widget elementor-widget-text-editor\" data-id=\"43053cb6\" data-element_type=\"widget\" data-widget_type=\"text-editor.default\">\n\t\t\t\t<div class=\"elementor-widget-container\">\n\t\t\t\t\t\t\t\t\t<p><strong>\u0130\u00e7indekiler:<\/strong> KARAB\u0130BER (Piper nigrum), KIRMIZI B\u0130BER TATLI (Capsicum annuum), ZENCEF\u0130L (Zingiber officinale), KEK\u0130K (Thymus sp.), K\u0130MYON (fructus Cumini), K\u0130\u015eN\u0130\u015e (Coriandrum sativum), KARANF\u0130L (Eugenia), KIRMIZI B\u0130BER ACI (Capsicum annuum), SARIMSAK GRAN\u00dcR (Allium sativum), TUZ<br \/><strong>Net Miktar\u0131:<\/strong> 1KG<br \/><strong>Saklama Ko\u015fullar\u0131:<\/strong> Serin ve rutubetsiz yerde g\u00fcne\u015f \u0131\u015f\u0131\u011f\u0131ndan koruyarak saklay\u0131n\u0131z.<br \/><strong>\u0130malat\u00e7\u0131 \u00dclke:<\/strong> T\u00dcRK\u0130YE<\/p>\t\t\t\t\t\t\t\t<\/div>\n\t\t\t\t<\/div>\n\t\t\t\t\t<\/div>\n\t\t\t\t<\/div>\n\t\t\t\t<\/div>\n\t\t","protected":false},"excerpt":{"rendered":"<p>KRK GIDA SUCUK BAHARAT KARI\u015eIMI<\/p>\n","protected":false},"featured_media":32241,"comment_status":"open","ping_status":"closed","template":"","meta":[],"product_brand":[],"product_cat":[343,245,272],"product_tag":[],"class_list":{"0":"post-32238","1":"product","2":"type-product","3":"status-publish","4":"has-post-thumbnail","6":"product_cat-1kglik-baharatlar","7":"product_cat-baharatlar","8":"product_cat-baharat-karisimlari","10":"first","11":"instock","12":"shipping-taxable","13":"product-type-simple"},"_links":{"self":[{"href":"https:\/\/www.krkgida.com\/index.php?rest_route=\/wp\/v2\/product\/32238","targetHints":{"allow":["GET"]}}],"collection":[{"href":"https:\/\/www.krkgida.com\/index.php?rest_route=\/wp\/v2\/product"}],"about":[{"href":"https:\/\/www.krkgida.com\/index.php?rest_route=\/wp\/v2\/types\/product"}],"replies":[{"embeddable":true,"href":"https:\/\/www.krkgida.com\/index.php?rest_route=%2Fwp%2Fv2%2Fcomments&post=32238"}],"version-history":[{"count":4,"href":"https:\/\/www.krkgida.com\/index.php?rest_route=\/wp\/v2\/product\/32238\/revisions"}],"predecessor-version":[{"id":32259,"href":"https:\/\/www.krkgida.com\/index.php?rest_route=\/wp\/v2\/product\/32238\/revisions\/32259"}],"wp:featuredmedia":[{"embeddable":true,"href":"https:\/\/www.krkgida.com\/index.php?rest_route=\/wp\/v2\/media\/32241"}],"wp:attachment":[{"href":"https:\/\/www.krkgida.com\/index.php?rest_route=%2Fwp%2Fv2%2Fmedia&parent=32238"}],"wp:term":[{"taxonomy":"product_brand","embeddable":true,"href":"https:\/\/www.krkgida.com\/index.php?rest_route=%2Fwp%2Fv2%2Fproduct_brand&post=32238"},{"taxonomy":"product_cat","embeddable":true,"href":"https:\/\/www.krkgida.com\/index.php?rest_route=%2Fwp%2Fv2%2Fproduct_cat&post=32238"},{"taxonomy":"product_tag","embeddable":true,"href":"https:\/\/www.krkgida.com\/index.php?rest_route=%2Fwp%2Fv2%2Fproduct_tag&post=32238"}],"curies":[{"name":"wp","href":"https:\/\/api.w.org\/{rel}","templated":true}]}}