{"id":32187,"date":"2026-01-22T09:51:36","date_gmt":"2026-01-22T09:51:36","guid":{"rendered":"https:\/\/www.krkgida.com\/?post_type=product&#038;p=32187"},"modified":"2026-01-22T09:54:18","modified_gmt":"2026-01-22T09:54:18","slug":"krk-gida-et-baharat-karisimi","status":"publish","type":"product","link":"https:\/\/www.krkgida.com\/?product=krk-gida-et-baharat-karisimi","title":{"rendered":"KRK GIDA ET BAHARAT KARI\u015eIMI"},"content":{"rendered":"\t\t<div data-elementor-type=\"product-post\" data-elementor-id=\"32187\" class=\"elementor elementor-32187\" data-elementor-post-type=\"product\">\n\t\t\t\t<div class=\"wd-negative-gap elementor-element elementor-element-29711375 e-flex e-con-boxed e-con e-parent\" data-id=\"29711375\" data-element_type=\"container\">\n\t\t\t\t\t<div class=\"e-con-inner\">\n\t\t\t\t<div class=\"elementor-element elementor-element-a1d78cc color-scheme-inherit text-left elementor-widget elementor-widget-text-editor\" data-id=\"a1d78cc\" data-element_type=\"widget\" data-widget_type=\"text-editor.default\">\n\t\t\t\t<div class=\"elementor-widget-container\">\n\t\t\t\t\t\t\t\t\t<p><strong>\u0130\u00e7indekiler:<\/strong> PUL KIRMIZI B\u0130BER (CAPS\u0130CUM ANNUUM), KEK\u0130K (THYMUS SP.), SARIMSAK GRAN\u00dcL (ALL\u0130UM SAT\u0130VUM), ZERDE\u00c7AL \u00d6\u011e\u00dcT\u00dcLM\u00dc\u015e ( CURCUMA LONGA), SUMAK \u00d6\u011e\u00dcT\u00dcLM\u00dc\u015e (FOL\u0130UM RHO\u0130S COR\u0130AR\u0130AE), KEREV\u0130Z TOHUMU (AP\u0130UM GRAVEOLENS), TUZ<br \/><strong>Net Miktar\u0131:<\/strong> 1KG<br \/><strong>Saklama Ko\u015fullar\u0131:<\/strong> Serin ve rutubetsiz yerde g\u00fcne\u015f \u0131\u015f\u0131\u011f\u0131ndan koruyarak saklay\u0131n\u0131z.<br \/><strong>\u0130malat\u00e7\u0131 \u00dclke:<\/strong> T\u00dcRK\u0130YE<\/p>\t\t\t\t\t\t\t\t<\/div>\n\t\t\t\t<\/div>\n\t\t\t\t\t<\/div>\n\t\t\t\t<\/div>\n\t\t\t\t<\/div>\n\t\t","protected":false},"excerpt":{"rendered":"<p>KRK GIDA ET BAHARAT KARI\u015eIMI<\/p>\n","protected":false},"featured_media":32188,"comment_status":"open","ping_status":"closed","template":"","meta":[],"product_brand":[],"product_cat":[343,245,272],"product_tag":[],"class_list":{"0":"post-32187","1":"product","2":"type-product","3":"status-publish","4":"has-post-thumbnail","6":"product_cat-1kglik-baharatlar","7":"product_cat-baharatlar","8":"product_cat-baharat-karisimlari","10":"first","11":"instock","12":"shipping-taxable","13":"product-type-simple"},"_links":{"self":[{"href":"https:\/\/www.krkgida.com\/index.php?rest_route=\/wp\/v2\/product\/32187","targetHints":{"allow":["GET"]}}],"collection":[{"href":"https:\/\/www.krkgida.com\/index.php?rest_route=\/wp\/v2\/product"}],"about":[{"href":"https:\/\/www.krkgida.com\/index.php?rest_route=\/wp\/v2\/types\/product"}],"replies":[{"embeddable":true,"href":"https:\/\/www.krkgida.com\/index.php?rest_route=%2Fwp%2Fv2%2Fcomments&post=32187"}],"version-history":[{"count":5,"href":"https:\/\/www.krkgida.com\/index.php?rest_route=\/wp\/v2\/product\/32187\/revisions"}],"predecessor-version":[{"id":32212,"href":"https:\/\/www.krkgida.com\/index.php?rest_route=\/wp\/v2\/product\/32187\/revisions\/32212"}],"wp:featuredmedia":[{"embeddable":true,"href":"https:\/\/www.krkgida.com\/index.php?rest_route=\/wp\/v2\/media\/32188"}],"wp:attachment":[{"href":"https:\/\/www.krkgida.com\/index.php?rest_route=%2Fwp%2Fv2%2Fmedia&parent=32187"}],"wp:term":[{"taxonomy":"product_brand","embeddable":true,"href":"https:\/\/www.krkgida.com\/index.php?rest_route=%2Fwp%2Fv2%2Fproduct_brand&post=32187"},{"taxonomy":"product_cat","embeddable":true,"href":"https:\/\/www.krkgida.com\/index.php?rest_route=%2Fwp%2Fv2%2Fproduct_cat&post=32187"},{"taxonomy":"product_tag","embeddable":true,"href":"https:\/\/www.krkgida.com\/index.php?rest_route=%2Fwp%2Fv2%2Fproduct_tag&post=32187"}],"curies":[{"name":"wp","href":"https:\/\/api.w.org\/{rel}","templated":true}]}}