{"id":32175,"date":"2026-01-22T09:52:22","date_gmt":"2026-01-22T09:52:22","guid":{"rendered":"https:\/\/www.krkgida.com\/?post_type=product&#038;p=32175"},"modified":"2026-01-22T09:54:25","modified_gmt":"2026-01-22T09:54:25","slug":"krk-gida-kajun-baharat-karisimi","status":"publish","type":"product","link":"https:\/\/www.krkgida.com\/?product=krk-gida-kajun-baharat-karisimi","title":{"rendered":"KRK GIDA KAJUN BAHARAT KARI\u015eIMI"},"content":{"rendered":"\t\t<div data-elementor-type=\"product-post\" data-elementor-id=\"32175\" class=\"elementor elementor-32175\" data-elementor-post-type=\"product\">\n\t\t\t\t<div class=\"wd-negative-gap elementor-element elementor-element-231c8dcb e-flex e-con-boxed e-con e-parent\" data-id=\"231c8dcb\" data-element_type=\"container\">\n\t\t\t\t\t<div class=\"e-con-inner\">\n\t\t\t\t<div class=\"elementor-element elementor-element-7b47f6f6 color-scheme-inherit text-left elementor-widget elementor-widget-text-editor\" data-id=\"7b47f6f6\" data-element_type=\"widget\" data-widget_type=\"text-editor.default\">\n\t\t\t\t<div class=\"elementor-widget-container\">\n\t\t\t\t\t\t\t\t\t<p><strong>\u0130\u00e7indekiler:<\/strong> KIRMIZI B\u0130BER TATLI (Capsicum annuum), TOZ KIRMIZI B\u0130BER ACI (Capsicum annuum), KEK\u0130K (Thymus sp.), BEYAZ B\u0130BER (AKB\u0130BER) (Piper nigrum), TUZ, KARAB\u0130BER (Piper nigrum), SARIMSAK GRAN\u00dcR (Allium sativum), MERCAN K\u00d6\u015eK (Herba majoranae), SO\u011eAN KURUSU (Bulbus Allii cepae)<br \/><strong>Net Miktar\u0131:<\/strong> 1KG<br \/><strong>Saklama Ko\u015fullar\u0131:<\/strong> Serin ve rutubetsiz yerde g\u00fcne\u015f \u0131\u015f\u0131\u011f\u0131ndan koruyarak saklay\u0131n\u0131z.<br \/><strong>\u0130malat\u00e7\u0131 \u00dclke:<\/strong> T\u00dcRK\u0130YE<\/p>\t\t\t\t\t\t\t\t<\/div>\n\t\t\t\t<\/div>\n\t\t\t\t\t<\/div>\n\t\t\t\t<\/div>\n\t\t\t\t<\/div>\n\t\t","protected":false},"excerpt":{"rendered":"<p>KRK GIDA KAJUN BAHARAT KARI\u015eIMI<\/p>\n","protected":false},"featured_media":32192,"comment_status":"open","ping_status":"closed","template":"","meta":[],"product_brand":[],"product_cat":[343,245,272],"product_tag":[],"class_list":{"0":"post-32175","1":"product","2":"type-product","3":"status-publish","4":"has-post-thumbnail","6":"product_cat-1kglik-baharatlar","7":"product_cat-baharatlar","8":"product_cat-baharat-karisimlari","10":"first","11":"instock","12":"shipping-taxable","13":"product-type-simple"},"_links":{"self":[{"href":"https:\/\/www.krkgida.com\/index.php?rest_route=\/wp\/v2\/product\/32175","targetHints":{"allow":["GET"]}}],"collection":[{"href":"https:\/\/www.krkgida.com\/index.php?rest_route=\/wp\/v2\/product"}],"about":[{"href":"https:\/\/www.krkgida.com\/index.php?rest_route=\/wp\/v2\/types\/product"}],"replies":[{"embeddable":true,"href":"https:\/\/www.krkgida.com\/index.php?rest_route=%2Fwp%2Fv2%2Fcomments&post=32175"}],"version-history":[{"count":5,"href":"https:\/\/www.krkgida.com\/index.php?rest_route=\/wp\/v2\/product\/32175\/revisions"}],"predecessor-version":[{"id":32214,"href":"https:\/\/www.krkgida.com\/index.php?rest_route=\/wp\/v2\/product\/32175\/revisions\/32214"}],"wp:featuredmedia":[{"embeddable":true,"href":"https:\/\/www.krkgida.com\/index.php?rest_route=\/wp\/v2\/media\/32192"}],"wp:attachment":[{"href":"https:\/\/www.krkgida.com\/index.php?rest_route=%2Fwp%2Fv2%2Fmedia&parent=32175"}],"wp:term":[{"taxonomy":"product_brand","embeddable":true,"href":"https:\/\/www.krkgida.com\/index.php?rest_route=%2Fwp%2Fv2%2Fproduct_brand&post=32175"},{"taxonomy":"product_cat","embeddable":true,"href":"https:\/\/www.krkgida.com\/index.php?rest_route=%2Fwp%2Fv2%2Fproduct_cat&post=32175"},{"taxonomy":"product_tag","embeddable":true,"href":"https:\/\/www.krkgida.com\/index.php?rest_route=%2Fwp%2Fv2%2Fproduct_tag&post=32175"}],"curies":[{"name":"wp","href":"https:\/\/api.w.org\/{rel}","templated":true}]}}