{"id":32174,"date":"2026-01-22T09:44:08","date_gmt":"2026-01-22T09:44:08","guid":{"rendered":"https:\/\/www.krkgida.com\/?post_type=product&#038;p=32174"},"modified":"2026-01-22T09:45:33","modified_gmt":"2026-01-22T09:45:33","slug":"krk-gida-yaseminli-bitkisel-cay-karisimi","status":"publish","type":"product","link":"https:\/\/www.krkgida.com\/?product=krk-gida-yaseminli-bitkisel-cay-karisimi","title":{"rendered":"KRK GIDA YASEM\u0130NL\u0130 B\u0130TK\u0130SEL \u00c7AY KARI\u015eIMI"},"content":{"rendered":"\t\t<div data-elementor-type=\"product-post\" data-elementor-id=\"32174\" class=\"elementor elementor-32174\" data-elementor-post-type=\"product\">\n\t\t\t\t<div class=\"wd-negative-gap elementor-element elementor-element-6e729d07 e-flex e-con-boxed e-con e-parent\" data-id=\"6e729d07\" data-element_type=\"container\">\n\t\t\t\t\t<div class=\"e-con-inner\">\n\t\t\t\t<div class=\"elementor-element elementor-element-4b0f1e62 color-scheme-inherit text-left elementor-widget elementor-widget-text-editor\" data-id=\"4b0f1e62\" data-element_type=\"widget\" data-widget_type=\"text-editor.default\">\n\t\t\t\t<div class=\"elementor-widget-container\">\n\t\t\t\t\t\t\t\t\t<p><strong>\u0130\u00e7indekiler:<\/strong> NAR \u00c7\u0130\u00c7EK (PUN\u0130CA GRANATUM), KU\u015eBURNU (ROSA CAN\u0130NA), H\u0130B\u0130SKUS (H\u0130B\u0130SCUS SABDAR\u0130FFA), YASEM\u0130N (JASM\u0130NUM OFF\u0130C\u0130NALE), EBE G\u00d6MEC\u0130 (MALCA SP.), HATM\u0130 (ALTHEA OFF\u0130C\u0130NAL\u0130S)<br \/><strong>Net Miktar\u0131:<\/strong> 1KG<br \/><strong>Saklama Ko\u015fullar\u0131:<\/strong> Serin ve rutubetsiz yerde g\u00fcne\u015f \u0131\u015f\u0131\u011f\u0131ndan koruyarak saklay\u0131n\u0131z.<br \/><strong>\u0130malat\u00e7\u0131 \u00dclke:<\/strong> T\u00dcRK\u0130YE<\/p>\t\t\t\t\t\t\t\t<\/div>\n\t\t\t\t<\/div>\n\t\t\t\t\t<\/div>\n\t\t\t\t<\/div>\n\t\t\t\t<\/div>\n\t\t","protected":false},"excerpt":{"rendered":"<p>KRK GIDA YASEM\u0130NL\u0130 B\u0130TK\u0130SEL \u00c7AY KARI\u015eIMI<\/p>\n","protected":false},"featured_media":32179,"comment_status":"open","ping_status":"closed","template":"","meta":[],"product_brand":[],"product_cat":[248],"product_tag":[],"class_list":{"0":"post-32174","1":"product","2":"type-product","3":"status-publish","4":"has-post-thumbnail","6":"product_cat-bitkisel-caylar","8":"first","9":"instock","10":"shipping-taxable","11":"product-type-simple"},"_links":{"self":[{"href":"https:\/\/www.krkgida.com\/index.php?rest_route=\/wp\/v2\/product\/32174","targetHints":{"allow":["GET"]}}],"collection":[{"href":"https:\/\/www.krkgida.com\/index.php?rest_route=\/wp\/v2\/product"}],"about":[{"href":"https:\/\/www.krkgida.com\/index.php?rest_route=\/wp\/v2\/types\/product"}],"replies":[{"embeddable":true,"href":"https:\/\/www.krkgida.com\/index.php?rest_route=%2Fwp%2Fv2%2Fcomments&post=32174"}],"version-history":[{"count":4,"href":"https:\/\/www.krkgida.com\/index.php?rest_route=\/wp\/v2\/product\/32174\/revisions"}],"predecessor-version":[{"id":32191,"href":"https:\/\/www.krkgida.com\/index.php?rest_route=\/wp\/v2\/product\/32174\/revisions\/32191"}],"wp:featuredmedia":[{"embeddable":true,"href":"https:\/\/www.krkgida.com\/index.php?rest_route=\/wp\/v2\/media\/32179"}],"wp:attachment":[{"href":"https:\/\/www.krkgida.com\/index.php?rest_route=%2Fwp%2Fv2%2Fmedia&parent=32174"}],"wp:term":[{"taxonomy":"product_brand","embeddable":true,"href":"https:\/\/www.krkgida.com\/index.php?rest_route=%2Fwp%2Fv2%2Fproduct_brand&post=32174"},{"taxonomy":"product_cat","embeddable":true,"href":"https:\/\/www.krkgida.com\/index.php?rest_route=%2Fwp%2Fv2%2Fproduct_cat&post=32174"},{"taxonomy":"product_tag","embeddable":true,"href":"https:\/\/www.krkgida.com\/index.php?rest_route=%2Fwp%2Fv2%2Fproduct_tag&post=32174"}],"curies":[{"name":"wp","href":"https:\/\/api.w.org\/{rel}","templated":true}]}}