{"id":32152,"date":"2026-01-22T09:35:12","date_gmt":"2026-01-22T09:35:12","guid":{"rendered":"https:\/\/www.krkgida.com\/?post_type=product&#038;p=32152"},"modified":"2026-01-22T09:36:09","modified_gmt":"2026-01-22T09:36:09","slug":"krk-gida-limon-dilimi","status":"publish","type":"product","link":"https:\/\/www.krkgida.com\/?product=krk-gida-limon-dilimi","title":{"rendered":"KRK GIDA L\u0130MON D\u0130L\u0130M\u0130"},"content":{"rendered":"\t\t<div data-elementor-type=\"product-post\" data-elementor-id=\"32152\" class=\"elementor elementor-32152\" data-elementor-post-type=\"product\">\n\t\t\t\t<div class=\"wd-negative-gap elementor-element elementor-element-cb85269 e-flex e-con-boxed e-con e-parent\" data-id=\"cb85269\" data-element_type=\"container\">\n\t\t\t\t\t<div class=\"e-con-inner\">\n\t\t\t\t<div class=\"elementor-element elementor-element-5ebbb2fa color-scheme-inherit text-left elementor-widget elementor-widget-text-editor\" data-id=\"5ebbb2fa\" data-element_type=\"widget\" data-widget_type=\"text-editor.default\">\n\t\t\t\t<div class=\"elementor-widget-container\">\n\t\t\t\t\t\t\t\t\t<p><strong>\u0130\u00e7indekiler:<\/strong> L\u0130MON D\u0130L\u0130M\u0130 (C\u0130TRUS LEMON)<br \/><strong>Net Miktar\u0131:<\/strong> 1KG<br \/><strong>Men\u015fei:<\/strong> T\u00dcRK\u0130YE<br \/><strong>Saklama Ko\u015fullar\u0131:<\/strong> Serin ve rutubetsiz yerde g\u00fcne\u015f \u0131\u015f\u0131\u011f\u0131ndan koruyarak saklay\u0131n\u0131z.<br \/><strong>\u0130malat\u00e7\u0131 \u00dclke:<\/strong> T\u00dcRK\u0130YE<\/p>\t\t\t\t\t\t\t\t<\/div>\n\t\t\t\t<\/div>\n\t\t\t\t\t<\/div>\n\t\t\t\t<\/div>\n\t\t\t\t<\/div>\n\t\t","protected":false},"excerpt":{"rendered":"<p>KRK GIDA L\u0130MON D\u0130L\u0130M\u0130<\/p>\n","protected":false},"featured_media":32155,"comment_status":"open","ping_status":"closed","template":"","meta":[],"product_brand":[],"product_cat":[248],"product_tag":[],"class_list":{"0":"post-32152","1":"product","2":"type-product","3":"status-publish","4":"has-post-thumbnail","6":"product_cat-bitkisel-caylar","8":"first","9":"instock","10":"shipping-taxable","11":"product-type-simple"},"_links":{"self":[{"href":"https:\/\/www.krkgida.com\/index.php?rest_route=\/wp\/v2\/product\/32152","targetHints":{"allow":["GET"]}}],"collection":[{"href":"https:\/\/www.krkgida.com\/index.php?rest_route=\/wp\/v2\/product"}],"about":[{"href":"https:\/\/www.krkgida.com\/index.php?rest_route=\/wp\/v2\/types\/product"}],"replies":[{"embeddable":true,"href":"https:\/\/www.krkgida.com\/index.php?rest_route=%2Fwp%2Fv2%2Fcomments&post=32152"}],"version-history":[{"count":4,"href":"https:\/\/www.krkgida.com\/index.php?rest_route=\/wp\/v2\/product\/32152\/revisions"}],"predecessor-version":[{"id":32166,"href":"https:\/\/www.krkgida.com\/index.php?rest_route=\/wp\/v2\/product\/32152\/revisions\/32166"}],"wp:featuredmedia":[{"embeddable":true,"href":"https:\/\/www.krkgida.com\/index.php?rest_route=\/wp\/v2\/media\/32155"}],"wp:attachment":[{"href":"https:\/\/www.krkgida.com\/index.php?rest_route=%2Fwp%2Fv2%2Fmedia&parent=32152"}],"wp:term":[{"taxonomy":"product_brand","embeddable":true,"href":"https:\/\/www.krkgida.com\/index.php?rest_route=%2Fwp%2Fv2%2Fproduct_brand&post=32152"},{"taxonomy":"product_cat","embeddable":true,"href":"https:\/\/www.krkgida.com\/index.php?rest_route=%2Fwp%2Fv2%2Fproduct_cat&post=32152"},{"taxonomy":"product_tag","embeddable":true,"href":"https:\/\/www.krkgida.com\/index.php?rest_route=%2Fwp%2Fv2%2Fproduct_tag&post=32152"}],"curies":[{"name":"wp","href":"https:\/\/api.w.org\/{rel}","templated":true}]}}