{"id":32133,"date":"2026-01-22T09:30:50","date_gmt":"2026-01-22T09:30:50","guid":{"rendered":"https:\/\/www.krkgida.com\/?post_type=product&#038;p=32133"},"modified":"2026-01-22T09:32:04","modified_gmt":"2026-01-22T09:32:04","slug":"krk-gida-gullu-bitkisel-cay-karisimi-ask-cayi","status":"publish","type":"product","link":"https:\/\/www.krkgida.com\/?product=krk-gida-gullu-bitkisel-cay-karisimi-ask-cayi","title":{"rendered":"KRK GIDA G\u00dcLL\u00dc B\u0130TK\u0130SEL \u00c7AY KARI\u015eIMI \u2013 A\u015eK \u00c7AYI"},"content":{"rendered":"\t\t<div data-elementor-type=\"product-post\" data-elementor-id=\"32133\" class=\"elementor elementor-32133\" data-elementor-post-type=\"product\">\n\t\t\t\t<div class=\"wd-negative-gap elementor-element elementor-element-7620e8bb e-flex e-con-boxed e-con e-parent\" data-id=\"7620e8bb\" data-element_type=\"container\">\n\t\t\t\t\t<div class=\"e-con-inner\">\n\t\t\t\t<div class=\"elementor-element elementor-element-738ce44c color-scheme-inherit text-left elementor-widget elementor-widget-text-editor\" data-id=\"738ce44c\" data-element_type=\"widget\" data-widget_type=\"text-editor.default\">\n\t\t\t\t<div class=\"elementor-widget-container\">\n\t\t\t\t\t\t\t\t\t<p><strong>\u0130\u00e7indekiler:<\/strong> YONCA \u00c7\u0130\u00c7E\u011e\u0130 (MED\u0130CAGO SAT\u0130VA), KU\u015eBURNU (ROSA CAN\u0130NA), H\u0130B\u0130SKUS (H\u0130B\u0130SCUS SABDAR\u0130FFA), G\u00dcL (ROSA SP.)<br \/><strong>Net Miktar\u0131:<\/strong> 1 KG e<br \/><strong>Saklama Ko\u015fullar\u0131:<\/strong> Serin ve rutubetsiz yerde g\u00fcne\u015f \u0131\u015f\u0131\u011f\u0131ndan koruyarak saklay\u0131n\u0131z.<br \/><strong>Haz\u0131rlama \u00f6nerileri<\/strong>: 1 \u00e7aydanl\u0131k yeni kaynam\u0131\u015f s\u0131cak suya 1 \u2013 2 yemek ka\u015f\u0131\u011f\u0131 eklenerek 4-5 dakika demlenmesi \u00f6nerilir. S\u00fcz\u00fcl\u00fcp i\u00e7ilir.<br \/><strong>\u0130malat\u00e7\u0131 \u00dclke:<\/strong> T\u00dcRK\u0130YE<\/p>\t\t\t\t\t\t\t\t<\/div>\n\t\t\t\t<\/div>\n\t\t\t\t\t<\/div>\n\t\t\t\t<\/div>\n\t\t\t\t<\/div>\n\t\t","protected":false},"excerpt":{"rendered":"<p>KRK GIDA G\u00dcLL\u00dc B\u0130TK\u0130SEL \u00c7AY KARI\u015eIMI \u2013 A\u015eK \u00c7AYI<\/p>\n","protected":false},"featured_media":32136,"comment_status":"open","ping_status":"closed","template":"","meta":[],"product_brand":[],"product_cat":[248],"product_tag":[],"class_list":{"0":"post-32133","1":"product","2":"type-product","3":"status-publish","4":"has-post-thumbnail","6":"product_cat-bitkisel-caylar","8":"first","9":"instock","10":"shipping-taxable","11":"product-type-simple"},"_links":{"self":[{"href":"https:\/\/www.krkgida.com\/index.php?rest_route=\/wp\/v2\/product\/32133","targetHints":{"allow":["GET"]}}],"collection":[{"href":"https:\/\/www.krkgida.com\/index.php?rest_route=\/wp\/v2\/product"}],"about":[{"href":"https:\/\/www.krkgida.com\/index.php?rest_route=\/wp\/v2\/types\/product"}],"replies":[{"embeddable":true,"href":"https:\/\/www.krkgida.com\/index.php?rest_route=%2Fwp%2Fv2%2Fcomments&post=32133"}],"version-history":[{"count":4,"href":"https:\/\/www.krkgida.com\/index.php?rest_route=\/wp\/v2\/product\/32133\/revisions"}],"predecessor-version":[{"id":32151,"href":"https:\/\/www.krkgida.com\/index.php?rest_route=\/wp\/v2\/product\/32133\/revisions\/32151"}],"wp:featuredmedia":[{"embeddable":true,"href":"https:\/\/www.krkgida.com\/index.php?rest_route=\/wp\/v2\/media\/32136"}],"wp:attachment":[{"href":"https:\/\/www.krkgida.com\/index.php?rest_route=%2Fwp%2Fv2%2Fmedia&parent=32133"}],"wp:term":[{"taxonomy":"product_brand","embeddable":true,"href":"https:\/\/www.krkgida.com\/index.php?rest_route=%2Fwp%2Fv2%2Fproduct_brand&post=32133"},{"taxonomy":"product_cat","embeddable":true,"href":"https:\/\/www.krkgida.com\/index.php?rest_route=%2Fwp%2Fv2%2Fproduct_cat&post=32133"},{"taxonomy":"product_tag","embeddable":true,"href":"https:\/\/www.krkgida.com\/index.php?rest_route=%2Fwp%2Fv2%2Fproduct_tag&post=32133"}],"curies":[{"name":"wp","href":"https:\/\/api.w.org\/{rel}","templated":true}]}}