{"id":32132,"date":"2026-01-22T09:30:42","date_gmt":"2026-01-22T09:30:42","guid":{"rendered":"https:\/\/www.krkgida.com\/?post_type=product&#038;p=32132"},"modified":"2026-01-22T09:32:01","modified_gmt":"2026-01-22T09:32:01","slug":"krk-gida-yasemin-cicek-daginik","status":"publish","type":"product","link":"https:\/\/www.krkgida.com\/?product=krk-gida-yasemin-cicek-daginik","title":{"rendered":"KRK GIDA YASEM\u0130N \u00c7\u0130\u00c7EK DA\u011eINIK"},"content":{"rendered":"\t\t<div data-elementor-type=\"product-post\" data-elementor-id=\"32132\" class=\"elementor elementor-32132\" data-elementor-post-type=\"product\">\n\t\t\t\t<div class=\"wd-negative-gap elementor-element elementor-element-6bb457e4 e-flex e-con-boxed e-con e-parent\" data-id=\"6bb457e4\" data-element_type=\"container\">\n\t\t\t\t\t<div class=\"e-con-inner\">\n\t\t\t\t<div class=\"elementor-element elementor-element-5c60a043 color-scheme-inherit text-left elementor-widget elementor-widget-text-editor\" data-id=\"5c60a043\" data-element_type=\"widget\" data-widget_type=\"text-editor.default\">\n\t\t\t\t<div class=\"elementor-widget-container\">\n\t\t\t\t\t\t\t\t\t<p><strong>\u0130\u00e7indekiler:<\/strong> YASEM\u0130N \u00c7\u0130\u00c7EK<br \/><strong>Net Miktar\u0131:<\/strong> 1KG<br \/><strong>Men\u015fei:<\/strong> \u00c7in<br \/><strong>Saklama Ko\u015fullar\u0131:<\/strong> Serin ve rutubetsiz yerde g\u00fcne\u015f \u0131\u015f\u0131\u011f\u0131ndan koruyarak saklay\u0131n\u0131z.<br \/>Top Yasemin \u00c7ay\u0131 ile do\u011fan\u0131n zarafetini fincan\u0131n\u0131za ta\u015f\u0131y\u0131n.<br \/>Yasemin \u00e7i\u00e7e\u011finin b\u00fcy\u00fcleyici kokusu, ye\u015fil \u00e7ay yapraklar\u0131yla harmanlanarak tropik bir \u00e7ay deneyimi sunuyor.<br \/>Geleneksel tarif, rafine lezzet, huzur dolu anlar\u2026<br \/>Yudumlad\u0131k\u00e7a ferahl\u0131k, koklad\u0131k\u00e7a yasemin bah\u00e7eleri\u2026<br \/><strong>\u0130malat\u00e7\u0131 \u00dclke:<\/strong> T\u00dcRK\u0130YE<\/p>\t\t\t\t\t\t\t\t<\/div>\n\t\t\t\t<\/div>\n\t\t\t\t\t<\/div>\n\t\t\t\t<\/div>\n\t\t\t\t<\/div>\n\t\t","protected":false},"excerpt":{"rendered":"<p>KRK GIDA YASEM\u0130N \u00c7\u0130\u00c7EK DA\u011eINIK<\/p>\n","protected":false},"featured_media":32135,"comment_status":"open","ping_status":"closed","template":"","meta":[],"product_brand":[],"product_cat":[248],"product_tag":[],"class_list":{"0":"post-32132","1":"product","2":"type-product","3":"status-publish","4":"has-post-thumbnail","6":"product_cat-bitkisel-caylar","8":"first","9":"instock","10":"shipping-taxable","11":"product-type-simple"},"_links":{"self":[{"href":"https:\/\/www.krkgida.com\/index.php?rest_route=\/wp\/v2\/product\/32132","targetHints":{"allow":["GET"]}}],"collection":[{"href":"https:\/\/www.krkgida.com\/index.php?rest_route=\/wp\/v2\/product"}],"about":[{"href":"https:\/\/www.krkgida.com\/index.php?rest_route=\/wp\/v2\/types\/product"}],"replies":[{"embeddable":true,"href":"https:\/\/www.krkgida.com\/index.php?rest_route=%2Fwp%2Fv2%2Fcomments&post=32132"}],"version-history":[{"count":4,"href":"https:\/\/www.krkgida.com\/index.php?rest_route=\/wp\/v2\/product\/32132\/revisions"}],"predecessor-version":[{"id":32148,"href":"https:\/\/www.krkgida.com\/index.php?rest_route=\/wp\/v2\/product\/32132\/revisions\/32148"}],"wp:featuredmedia":[{"embeddable":true,"href":"https:\/\/www.krkgida.com\/index.php?rest_route=\/wp\/v2\/media\/32135"}],"wp:attachment":[{"href":"https:\/\/www.krkgida.com\/index.php?rest_route=%2Fwp%2Fv2%2Fmedia&parent=32132"}],"wp:term":[{"taxonomy":"product_brand","embeddable":true,"href":"https:\/\/www.krkgida.com\/index.php?rest_route=%2Fwp%2Fv2%2Fproduct_brand&post=32132"},{"taxonomy":"product_cat","embeddable":true,"href":"https:\/\/www.krkgida.com\/index.php?rest_route=%2Fwp%2Fv2%2Fproduct_cat&post=32132"},{"taxonomy":"product_tag","embeddable":true,"href":"https:\/\/www.krkgida.com\/index.php?rest_route=%2Fwp%2Fv2%2Fproduct_tag&post=32132"}],"curies":[{"name":"wp","href":"https:\/\/api.w.org\/{rel}","templated":true}]}}