{"id":32130,"date":"2026-01-22T09:29:48","date_gmt":"2026-01-22T09:29:48","guid":{"rendered":"https:\/\/www.krkgida.com\/?post_type=product&#038;p=32130"},"modified":"2026-01-22T09:31:56","modified_gmt":"2026-01-22T09:31:56","slug":"krk-gida-yasemin-tomurcuk","status":"publish","type":"product","link":"https:\/\/www.krkgida.com\/?product=krk-gida-yasemin-tomurcuk","title":{"rendered":"KRK GIDA YASEM\u0130N TOMURCUK"},"content":{"rendered":"\t\t<div data-elementor-type=\"product-post\" data-elementor-id=\"32130\" class=\"elementor elementor-32130\" data-elementor-post-type=\"product\">\n\t\t\t\t<div class=\"wd-negative-gap elementor-element elementor-element-56fb4d39 e-flex e-con-boxed e-con e-parent\" data-id=\"56fb4d39\" data-element_type=\"container\">\n\t\t\t\t\t<div class=\"e-con-inner\">\n\t\t\t\t<div class=\"elementor-element elementor-element-5ed8ac07 color-scheme-inherit text-left elementor-widget elementor-widget-text-editor\" data-id=\"5ed8ac07\" data-element_type=\"widget\" data-widget_type=\"text-editor.default\">\n\t\t\t\t<div class=\"elementor-widget-container\">\n\t\t\t\t\t\t\t\t\t<p><strong>Net Miktar\u0131:<\/strong> 1KG<br \/><strong>Men\u015fei:<\/strong> \u00c7in<br \/><strong>Saklama Ko\u015fullar\u0131:<\/strong> Serin ve rutubetsiz yerde g\u00fcne\u015f \u0131\u015f\u0131\u011f\u0131ndan koruyarak saklay\u0131n\u0131z.<br \/>Yasemin \u00c7ay\u0131 ile her yudumda huzuru ve tazeli\u011fi hissedin.<br \/>Geleneksel tarif, rafine lezzet, huzur dolu anlar\u2026<br \/>Yudumlad\u0131k\u00e7a ferahl\u0131k, koklad\u0131k\u00e7a yasemin bah\u00e7eleri\u2026<br \/><strong>\u0130malat\u00e7\u0131 \u00dclke:<\/strong> T\u00dcRK\u0130YE<\/p>\t\t\t\t\t\t\t\t<\/div>\n\t\t\t\t<\/div>\n\t\t\t\t\t<\/div>\n\t\t\t\t<\/div>\n\t\t\t\t<\/div>\n\t\t","protected":false},"excerpt":{"rendered":"<p>KRK GIDA YASEM\u0130N TOMURCUK<\/p>\n","protected":false},"featured_media":32134,"comment_status":"open","ping_status":"closed","template":"","meta":[],"product_brand":[],"product_cat":[248],"product_tag":[],"class_list":{"0":"post-32130","1":"product","2":"type-product","3":"status-publish","4":"has-post-thumbnail","6":"product_cat-bitkisel-caylar","8":"first","9":"instock","10":"shipping-taxable","11":"product-type-simple"},"_links":{"self":[{"href":"https:\/\/www.krkgida.com\/index.php?rest_route=\/wp\/v2\/product\/32130","targetHints":{"allow":["GET"]}}],"collection":[{"href":"https:\/\/www.krkgida.com\/index.php?rest_route=\/wp\/v2\/product"}],"about":[{"href":"https:\/\/www.krkgida.com\/index.php?rest_route=\/wp\/v2\/types\/product"}],"replies":[{"embeddable":true,"href":"https:\/\/www.krkgida.com\/index.php?rest_route=%2Fwp%2Fv2%2Fcomments&post=32130"}],"version-history":[{"count":4,"href":"https:\/\/www.krkgida.com\/index.php?rest_route=\/wp\/v2\/product\/32130\/revisions"}],"predecessor-version":[{"id":32145,"href":"https:\/\/www.krkgida.com\/index.php?rest_route=\/wp\/v2\/product\/32130\/revisions\/32145"}],"wp:featuredmedia":[{"embeddable":true,"href":"https:\/\/www.krkgida.com\/index.php?rest_route=\/wp\/v2\/media\/32134"}],"wp:attachment":[{"href":"https:\/\/www.krkgida.com\/index.php?rest_route=%2Fwp%2Fv2%2Fmedia&parent=32130"}],"wp:term":[{"taxonomy":"product_brand","embeddable":true,"href":"https:\/\/www.krkgida.com\/index.php?rest_route=%2Fwp%2Fv2%2Fproduct_brand&post=32130"},{"taxonomy":"product_cat","embeddable":true,"href":"https:\/\/www.krkgida.com\/index.php?rest_route=%2Fwp%2Fv2%2Fproduct_cat&post=32130"},{"taxonomy":"product_tag","embeddable":true,"href":"https:\/\/www.krkgida.com\/index.php?rest_route=%2Fwp%2Fv2%2Fproduct_tag&post=32130"}],"curies":[{"name":"wp","href":"https:\/\/api.w.org\/{rel}","templated":true}]}}