{"id":32113,"date":"2026-01-22T09:24:01","date_gmt":"2026-01-22T09:24:01","guid":{"rendered":"https:\/\/www.krkgida.com\/?post_type=product&#038;p=32113"},"modified":"2026-01-22T09:24:56","modified_gmt":"2026-01-22T09:24:56","slug":"krk-gida-tropik-bitki-cayi","status":"publish","type":"product","link":"https:\/\/www.krkgida.com\/?product=krk-gida-tropik-bitki-cayi","title":{"rendered":"KRK GIDA TROP\u0130K B\u0130TK\u0130 \u00c7AYI"},"content":{"rendered":"\t\t<div data-elementor-type=\"product-post\" data-elementor-id=\"32113\" class=\"elementor elementor-32113\" data-elementor-post-type=\"product\">\n\t\t\t\t<div class=\"wd-negative-gap elementor-element elementor-element-63626e00 e-flex e-con-boxed e-con e-parent\" data-id=\"63626e00\" data-element_type=\"container\">\n\t\t\t\t\t<div class=\"e-con-inner\">\n\t\t\t\t<div class=\"elementor-element elementor-element-b1f73a8 color-scheme-inherit text-left elementor-widget elementor-widget-text-editor\" data-id=\"b1f73a8\" data-element_type=\"widget\" data-widget_type=\"text-editor.default\">\n\t\t\t\t<div class=\"elementor-widget-container\">\n\t\t\t\t\t\t\t\t\t<p><strong>\u0130\u00e7indekiler:<\/strong> KU\u015eBURNU (ROSA CAN\u0130NA), L\u0130MON KABU\u011eU (LA. COTEX C\u0130RT\u0130), PORTAKAL KABU\u011eU (PER\u0130CARP\u0130UM C\u0130TR\u0130R ET\u0130CULATAE), H\u0130B\u0130SKUS (H\u0130B\u0130SCUS SABDAR\u0130FFA), ELMA KABU\u011eU (PYRUSMALUS), TAR\u00c7IN (C\u0130NAMOMMUM SP.),M\u00dcRVER \u00c7\u0130\u00c7E\u011e\u0130 (SAMBUCUS N\u0130GRA)<br \/><strong>Net Miktar\u0131:<\/strong> 1KG<br \/><strong>Saklama Ko\u015fullar\u0131:<\/strong> Serin ve rutubetsiz yerde g\u00fcne\u015f \u0131\u015f\u0131\u011f\u0131ndan koruyarak saklay\u0131n\u0131z.<br \/><strong>Haz\u0131rlama \u00f6nerileri:<\/strong> 1 \u00e7aydanl\u0131k yeni kaynam\u0131\u015f s\u0131cak suya 1 \u2013 2 yemek ka\u015f\u0131\u011f\u0131 eklenerek 4-5 dakika demlenmesi \u00f6nerilir. S\u00fcz\u00fcl\u00fcp i\u00e7ilir.<br \/><strong>\u0130malat\u00e7\u0131 \u00dclke:<\/strong> T\u00dcRK\u0130YE<\/p>\t\t\t\t\t\t\t\t<\/div>\n\t\t\t\t<\/div>\n\t\t\t\t\t<\/div>\n\t\t\t\t<\/div>\n\t\t\t\t<\/div>\n\t\t","protected":false},"excerpt":{"rendered":"<p>KRK GIDA TROP\u0130K B\u0130TK\u0130 \u00c7AYI<\/p>\n","protected":false},"featured_media":32114,"comment_status":"open","ping_status":"closed","template":"","meta":[],"product_brand":[],"product_cat":[248],"product_tag":[],"class_list":{"0":"post-32113","1":"product","2":"type-product","3":"status-publish","4":"has-post-thumbnail","6":"product_cat-bitkisel-caylar","8":"first","9":"instock","10":"shipping-taxable","11":"product-type-simple"},"_links":{"self":[{"href":"https:\/\/www.krkgida.com\/index.php?rest_route=\/wp\/v2\/product\/32113","targetHints":{"allow":["GET"]}}],"collection":[{"href":"https:\/\/www.krkgida.com\/index.php?rest_route=\/wp\/v2\/product"}],"about":[{"href":"https:\/\/www.krkgida.com\/index.php?rest_route=\/wp\/v2\/types\/product"}],"replies":[{"embeddable":true,"href":"https:\/\/www.krkgida.com\/index.php?rest_route=%2Fwp%2Fv2%2Fcomments&post=32113"}],"version-history":[{"count":4,"href":"https:\/\/www.krkgida.com\/index.php?rest_route=\/wp\/v2\/product\/32113\/revisions"}],"predecessor-version":[{"id":32129,"href":"https:\/\/www.krkgida.com\/index.php?rest_route=\/wp\/v2\/product\/32113\/revisions\/32129"}],"wp:featuredmedia":[{"embeddable":true,"href":"https:\/\/www.krkgida.com\/index.php?rest_route=\/wp\/v2\/media\/32114"}],"wp:attachment":[{"href":"https:\/\/www.krkgida.com\/index.php?rest_route=%2Fwp%2Fv2%2Fmedia&parent=32113"}],"wp:term":[{"taxonomy":"product_brand","embeddable":true,"href":"https:\/\/www.krkgida.com\/index.php?rest_route=%2Fwp%2Fv2%2Fproduct_brand&post=32113"},{"taxonomy":"product_cat","embeddable":true,"href":"https:\/\/www.krkgida.com\/index.php?rest_route=%2Fwp%2Fv2%2Fproduct_cat&post=32113"},{"taxonomy":"product_tag","embeddable":true,"href":"https:\/\/www.krkgida.com\/index.php?rest_route=%2Fwp%2Fv2%2Fproduct_tag&post=32113"}],"curies":[{"name":"wp","href":"https:\/\/api.w.org\/{rel}","templated":true}]}}