{"id":32110,"date":"2026-01-22T09:23:58","date_gmt":"2026-01-22T09:23:58","guid":{"rendered":"https:\/\/www.krkgida.com\/?post_type=product&#038;p=32110"},"modified":"2026-01-22T09:24:48","modified_gmt":"2026-01-22T09:24:48","slug":"krk-gida-oolong-yesil-cay","status":"publish","type":"product","link":"https:\/\/www.krkgida.com\/?product=krk-gida-oolong-yesil-cay","title":{"rendered":"KRK GIDA OOLONG (YE\u015e\u0130L \u00c7AY)"},"content":{"rendered":"\t\t<div data-elementor-type=\"product-post\" data-elementor-id=\"32110\" class=\"elementor elementor-32110\" data-elementor-post-type=\"product\">\n\t\t\t\t<div class=\"wd-negative-gap elementor-element elementor-element-7efaab96 e-flex e-con-boxed e-con e-parent\" data-id=\"7efaab96\" data-element_type=\"container\">\n\t\t\t\t\t<div class=\"e-con-inner\">\n\t\t\t\t<div class=\"elementor-element elementor-element-c7ff0af color-scheme-inherit text-left elementor-widget elementor-widget-text-editor\" data-id=\"c7ff0af\" data-element_type=\"widget\" data-widget_type=\"text-editor.default\">\n\t\t\t\t<div class=\"elementor-widget-container\">\n\t\t\t\t\t\t\t\t\t<p><strong>\u0130\u00e7indekiler:<\/strong> OOLONG (YE\u015e\u0130L \u00c7AY)(CAMELL\u0130A S\u0130NENS\u0130S)<br \/><strong>Net Miktar\u0131:<\/strong> 1KG<br \/><strong>Men\u015fei:<\/strong> S\u0130NGAPUR<br \/><strong>Saklama Ko\u015fullar\u0131:<\/strong> Serin ve rutubetsiz yerde g\u00fcne\u015f \u0131\u015f\u0131\u011f\u0131ndan koruyarak saklay\u0131n\u0131z.<br \/><strong>\u0130malat\u00e7\u0131 \u00dclke:<\/strong> T\u00dcRK\u0130YE<\/p>\t\t\t\t\t\t\t\t<\/div>\n\t\t\t\t<\/div>\n\t\t\t\t\t<\/div>\n\t\t\t\t<\/div>\n\t\t\t\t<\/div>\n\t\t","protected":false},"excerpt":{"rendered":"<p>KRK GIDA OOLONG (YE\u015e\u0130L \u00c7AY)<\/p>\n","protected":false},"featured_media":32112,"comment_status":"open","ping_status":"closed","template":"","meta":[],"product_brand":[],"product_cat":[248],"product_tag":[],"class_list":{"0":"post-32110","1":"product","2":"type-product","3":"status-publish","4":"has-post-thumbnail","6":"product_cat-bitkisel-caylar","8":"first","9":"instock","10":"shipping-taxable","11":"product-type-simple"},"_links":{"self":[{"href":"https:\/\/www.krkgida.com\/index.php?rest_route=\/wp\/v2\/product\/32110","targetHints":{"allow":["GET"]}}],"collection":[{"href":"https:\/\/www.krkgida.com\/index.php?rest_route=\/wp\/v2\/product"}],"about":[{"href":"https:\/\/www.krkgida.com\/index.php?rest_route=\/wp\/v2\/types\/product"}],"replies":[{"embeddable":true,"href":"https:\/\/www.krkgida.com\/index.php?rest_route=%2Fwp%2Fv2%2Fcomments&post=32110"}],"version-history":[{"count":4,"href":"https:\/\/www.krkgida.com\/index.php?rest_route=\/wp\/v2\/product\/32110\/revisions"}],"predecessor-version":[{"id":32126,"href":"https:\/\/www.krkgida.com\/index.php?rest_route=\/wp\/v2\/product\/32110\/revisions\/32126"}],"wp:featuredmedia":[{"embeddable":true,"href":"https:\/\/www.krkgida.com\/index.php?rest_route=\/wp\/v2\/media\/32112"}],"wp:attachment":[{"href":"https:\/\/www.krkgida.com\/index.php?rest_route=%2Fwp%2Fv2%2Fmedia&parent=32110"}],"wp:term":[{"taxonomy":"product_brand","embeddable":true,"href":"https:\/\/www.krkgida.com\/index.php?rest_route=%2Fwp%2Fv2%2Fproduct_brand&post=32110"},{"taxonomy":"product_cat","embeddable":true,"href":"https:\/\/www.krkgida.com\/index.php?rest_route=%2Fwp%2Fv2%2Fproduct_cat&post=32110"},{"taxonomy":"product_tag","embeddable":true,"href":"https:\/\/www.krkgida.com\/index.php?rest_route=%2Fwp%2Fv2%2Fproduct_tag&post=32110"}],"curies":[{"name":"wp","href":"https:\/\/api.w.org\/{rel}","templated":true}]}}