{"id":32090,"date":"2026-01-22T09:18:45","date_gmt":"2026-01-22T09:18:45","guid":{"rendered":"https:\/\/www.krkgida.com\/?post_type=product&#038;p=32090"},"modified":"2026-01-22T09:20:36","modified_gmt":"2026-01-22T09:20:36","slug":"krk-gida-melisali-bitkisel-cay-karisimi-relax-cayi","status":"publish","type":"product","link":"https:\/\/www.krkgida.com\/?product=krk-gida-melisali-bitkisel-cay-karisimi-relax-cayi","title":{"rendered":"KRK GIDA MEL\u0130SALI B\u0130TK\u0130SEL \u00c7AY KARI\u015eIMI \u2013 RELAX \u00c7AYI"},"content":{"rendered":"\t\t<div data-elementor-type=\"product-post\" data-elementor-id=\"32090\" class=\"elementor elementor-32090\" data-elementor-post-type=\"product\">\n\t\t\t\t<div class=\"wd-negative-gap elementor-element elementor-element-bb882a2 e-flex e-con-boxed e-con e-parent\" data-id=\"bb882a2\" data-element_type=\"container\">\n\t\t\t\t\t<div class=\"e-con-inner\">\n\t\t\t\t<div class=\"elementor-element elementor-element-28a179d color-scheme-inherit text-left elementor-widget elementor-widget-text-editor\" data-id=\"28a179d\" data-element_type=\"widget\" data-widget_type=\"text-editor.default\">\n\t\t\t\t<div class=\"elementor-widget-container\">\n\t\t\t\t\t\t\t\t\t<p><strong>\u0130\u00e7indekiler:<\/strong> MEL\u0130SA YAPRA\u011eI (MEL\u0130SSA OFF\u0130C\u0130NAL\u0130S), KU\u015eBURNU (ROSA CAN\u0130NA), PAPATYA (CAR\u0130CA PAPAYA), G\u00dcL (ROSA SP.), L\u0130MON KABUK (C\u0130TRUS L\u0130MON), PORTAKAL KABUK (C\u0130TRUS S\u0130NES\u0130S), H\u0130B\u0130SKUS (H\u0130B\u0130SCUS)<br \/><strong>Net Miktar\u0131:<\/strong> 1 KG e<br \/><strong>Saklama Ko\u015fullar\u0131:<\/strong> Serin ve rutubetsiz yerde g\u00fcne\u015f \u0131\u015f\u0131\u011f\u0131ndan koruyarak saklay\u0131n\u0131z.<br \/><strong>Haz\u0131rlama \u00f6nerileri:<\/strong> 1 \u00e7aydanl\u0131k yeni kaynam\u0131\u015f s\u0131cak suya 1 \u2013 2 yemek ka\u015f\u0131\u011f\u0131 eklenerek 4-5 dakika demlenmesi \u00f6nerilir. S\u00fcz\u00fcl\u00fcp i\u00e7ilir.<br \/><strong>\u0130malat\u00e7\u0131 \u00dclke:<\/strong> T\u00dcRK\u0130YE<\/p>\t\t\t\t\t\t\t\t<\/div>\n\t\t\t\t<\/div>\n\t\t\t\t\t<\/div>\n\t\t\t\t<\/div>\n\t\t\t\t<\/div>\n\t\t","protected":false},"excerpt":{"rendered":"<p>KRK GIDA MEL\u0130SALI B\u0130TK\u0130SEL \u00c7AY KARI\u015eIMI \u2013 RELAX \u00c7AYI<\/p>\n","protected":false},"featured_media":32094,"comment_status":"open","ping_status":"closed","template":"","meta":[],"product_brand":[],"product_cat":[248],"product_tag":[],"class_list":{"0":"post-32090","1":"product","2":"type-product","3":"status-publish","4":"has-post-thumbnail","6":"product_cat-bitkisel-caylar","8":"first","9":"instock","10":"shipping-taxable","11":"product-type-simple"},"_links":{"self":[{"href":"https:\/\/www.krkgida.com\/index.php?rest_route=\/wp\/v2\/product\/32090","targetHints":{"allow":["GET"]}}],"collection":[{"href":"https:\/\/www.krkgida.com\/index.php?rest_route=\/wp\/v2\/product"}],"about":[{"href":"https:\/\/www.krkgida.com\/index.php?rest_route=\/wp\/v2\/types\/product"}],"replies":[{"embeddable":true,"href":"https:\/\/www.krkgida.com\/index.php?rest_route=%2Fwp%2Fv2%2Fcomments&post=32090"}],"version-history":[{"count":4,"href":"https:\/\/www.krkgida.com\/index.php?rest_route=\/wp\/v2\/product\/32090\/revisions"}],"predecessor-version":[{"id":32108,"href":"https:\/\/www.krkgida.com\/index.php?rest_route=\/wp\/v2\/product\/32090\/revisions\/32108"}],"wp:featuredmedia":[{"embeddable":true,"href":"https:\/\/www.krkgida.com\/index.php?rest_route=\/wp\/v2\/media\/32094"}],"wp:attachment":[{"href":"https:\/\/www.krkgida.com\/index.php?rest_route=%2Fwp%2Fv2%2Fmedia&parent=32090"}],"wp:term":[{"taxonomy":"product_brand","embeddable":true,"href":"https:\/\/www.krkgida.com\/index.php?rest_route=%2Fwp%2Fv2%2Fproduct_brand&post=32090"},{"taxonomy":"product_cat","embeddable":true,"href":"https:\/\/www.krkgida.com\/index.php?rest_route=%2Fwp%2Fv2%2Fproduct_cat&post=32090"},{"taxonomy":"product_tag","embeddable":true,"href":"https:\/\/www.krkgida.com\/index.php?rest_route=%2Fwp%2Fv2%2Fproduct_tag&post=32090"}],"curies":[{"name":"wp","href":"https:\/\/api.w.org\/{rel}","templated":true}]}}