{"id":32089,"date":"2026-01-22T09:17:54","date_gmt":"2026-01-22T09:17:54","guid":{"rendered":"https:\/\/www.krkgida.com\/?post_type=product&#038;p=32089"},"modified":"2026-01-22T09:19:50","modified_gmt":"2026-01-22T09:19:50","slug":"krk-gida-mavi-kelebek-cayi","status":"publish","type":"product","link":"https:\/\/www.krkgida.com\/?product=krk-gida-mavi-kelebek-cayi","title":{"rendered":"KRK GIDA MAV\u0130 KELEBEK \u00c7AYI"},"content":{"rendered":"\t\t<div data-elementor-type=\"product-post\" data-elementor-id=\"32089\" class=\"elementor elementor-32089\" data-elementor-post-type=\"product\">\n\t\t\t\t<div class=\"wd-negative-gap elementor-element elementor-element-20fe9081 e-flex e-con-boxed e-con e-parent\" data-id=\"20fe9081\" data-element_type=\"container\">\n\t\t\t\t\t<div class=\"e-con-inner\">\n\t\t\t\t<div class=\"elementor-element elementor-element-1c66a4e2 color-scheme-inherit text-left elementor-widget elementor-widget-text-editor\" data-id=\"1c66a4e2\" data-element_type=\"widget\" data-widget_type=\"text-editor.default\">\n\t\t\t\t<div class=\"elementor-widget-container\">\n\t\t\t\t\t\t\t\t\t<p>\u00a0<\/p><p><strong>\u0130\u00e7indekiler:<\/strong> Mavi Kelebek Sarma\u015f\u0131\u011f\u0131 \u00c7i\u00e7e\u011fi (Blue Butterfly Pea Flower) (Clitoria Albiflora Mattei)<br \/><strong>Net Miktar\u0131:<\/strong> 1KG<br \/><strong>Men\u015fei:<\/strong> \u00c7in<br \/><strong>Saklama Ko\u015fullar\u0131:<\/strong> Serin ve rutubetsiz yerde g\u00fcne\u015f \u0131\u015f\u0131\u011f\u0131ndan koruyarak saklay\u0131n\u0131z.<br \/>KRK Karaka\u015f G\u0131da Mavi Kelebek \u00c7ay\u0131, s\u0131cak haliyle huzur, so\u011fuk haliyle ferahl\u0131k sunar.<\/p><p>Yaz g\u00fcnlerinde do\u011fal, zarif ve etkileyici bir i\u00e7ecek arayanlar i\u00e7in m\u00fckemmel bir se\u00e7enek.<\/p><p>Tayland\u2019\u0131n kuzey b\u00f6lgesindeki da\u011fl\u0131k alanlarda yeti\u015fen Mavi Kelebek Sarma\u015f\u0131\u011f\u0131 (Blue Butterfly Pea), \u00e7i\u00e7eklerinin g\u00fcne\u015fte kurutulmas\u0131yla elde edilmi\u015ftir. \u00c7in\u2019de da\u011fl\u0131k alanlarda da do\u011fal olarak yeti\u015fmektedir. Hem bitkisel \u00e7ay olarak i\u00e7ilip hem de do\u011fal yemek boyas\u0131 olarak G\u00fcneydo\u011fu Asya mutfa\u011f\u0131nda yayg\u0131n olarak kullan\u0131lmaktad\u0131r. K\u0131sa ad\u0131yla Mavi \u00c7ay, hafif pirin\u00e7 tad\u0131 sunar.<\/p><p>Demlendi\u011finde masmavi bir renk verir. \u0130ste\u011fe g\u00f6re bir dilim limon ya da limon suyu ve bal ekleyebilirsiniz. Limon eklendi\u011finde, mavi \u00e7ay\u0131n renginin pembeye ya da mora d\u00f6n\u00fc\u015ft\u00fc\u011f\u00fcn\u00fc g\u00f6zlemleyebilirsiniz. Soda ile kar\u0131\u015ft\u0131r\u0131ld\u0131\u011f\u0131nda harika bir yaz i\u00e7ece\u011fine d\u00f6n\u00fc\u015f\u00fcr.<\/p><p>Haz\u0131rlama \u00f6nerileri: 79 \u00b0C \u2013 85 \u00b0C s\u0131cakl\u0131ktaki 250 ml suya 1 \u2013 2 \u00e7ay ka\u015f\u0131\u011f\u0131 eklenerek 4-5 dakika demlenmesi \u00f6nerilir. Ayn\u0131 \u00e7ay 2 defa demlenebilir. Demleme sonras\u0131 \u00e7ok koyu bir mavi elde ederseniz \u00fczerine s\u0131cak su ekleyerek rengini ayarlayabilirsiniz.<br \/><strong>\u0130malat\u00e7\u0131 \u00dclke:<\/strong> T\u00dcRK\u0130YE<\/p>\t\t\t\t\t\t\t\t<\/div>\n\t\t\t\t<\/div>\n\t\t\t\t\t<\/div>\n\t\t\t\t<\/div>\n\t\t\t\t<\/div>\n\t\t","protected":false},"excerpt":{"rendered":"<p>KRK GIDA MAV\u0130 KELEBEK \u00c7AYI<\/p>\n","protected":false},"featured_media":32093,"comment_status":"open","ping_status":"closed","template":"","meta":[],"product_brand":[],"product_cat":[248],"product_tag":[],"class_list":{"0":"post-32089","1":"product","2":"type-product","3":"status-publish","4":"has-post-thumbnail","6":"product_cat-bitkisel-caylar","8":"first","9":"instock","10":"shipping-taxable","11":"product-type-simple"},"_links":{"self":[{"href":"https:\/\/www.krkgida.com\/index.php?rest_route=\/wp\/v2\/product\/32089","targetHints":{"allow":["GET"]}}],"collection":[{"href":"https:\/\/www.krkgida.com\/index.php?rest_route=\/wp\/v2\/product"}],"about":[{"href":"https:\/\/www.krkgida.com\/index.php?rest_route=\/wp\/v2\/types\/product"}],"replies":[{"embeddable":true,"href":"https:\/\/www.krkgida.com\/index.php?rest_route=%2Fwp%2Fv2%2Fcomments&post=32089"}],"version-history":[{"count":4,"href":"https:\/\/www.krkgida.com\/index.php?rest_route=\/wp\/v2\/product\/32089\/revisions"}],"predecessor-version":[{"id":32105,"href":"https:\/\/www.krkgida.com\/index.php?rest_route=\/wp\/v2\/product\/32089\/revisions\/32105"}],"wp:featuredmedia":[{"embeddable":true,"href":"https:\/\/www.krkgida.com\/index.php?rest_route=\/wp\/v2\/media\/32093"}],"wp:attachment":[{"href":"https:\/\/www.krkgida.com\/index.php?rest_route=%2Fwp%2Fv2%2Fmedia&parent=32089"}],"wp:term":[{"taxonomy":"product_brand","embeddable":true,"href":"https:\/\/www.krkgida.com\/index.php?rest_route=%2Fwp%2Fv2%2Fproduct_brand&post=32089"},{"taxonomy":"product_cat","embeddable":true,"href":"https:\/\/www.krkgida.com\/index.php?rest_route=%2Fwp%2Fv2%2Fproduct_cat&post=32089"},{"taxonomy":"product_tag","embeddable":true,"href":"https:\/\/www.krkgida.com\/index.php?rest_route=%2Fwp%2Fv2%2Fproduct_tag&post=32089"}],"curies":[{"name":"wp","href":"https:\/\/api.w.org\/{rel}","templated":true}]}}