{"id":31579,"date":"2025-09-19T13:14:01","date_gmt":"2025-09-19T13:14:01","guid":{"rendered":"https:\/\/www.krkgida.com\/?post_type=product&#038;p=31579"},"modified":"2025-09-19T13:14:01","modified_gmt":"2025-09-19T13:14:01","slug":"krk-kina-yagi","status":"publish","type":"product","link":"https:\/\/www.krkgida.com\/?product=krk-kina-yagi","title":{"rendered":"KRK KINA YA\u011eI"},"content":{"rendered":"<p><strong>KRK KINA YA\u011eI<\/strong><\/p>\n<p><strong>\u0130\u00e7indekiler:<\/strong> K\u0131na ya\u011f\u0131<br \/>\n<strong>Kullan\u0131m Bilgisi:<\/strong>G\u0131da imalat\u0131nda kullan\u0131lmaz.<\/p>\n<p><strong>Uyar\u0131lar:<\/strong><br \/>\nBu \u00fcr\u00fcn ila\u00e7 de\u011fildir.<br \/>\nSerin bir yerde, \u015fi\u015fe a\u011fz\u0131 kapal\u0131 olarak muhafaza ediniz.<br \/>\n\u00c7ocuklar\u0131n ula\u015famayaca\u011f\u0131 yerlerde saklay\u0131n\u0131z.<br \/>\nEmniyet etiketi y\u0131rt\u0131lm\u0131\u015f ve a\u00e7\u0131lm\u0131\u015f \u00fcr\u00fcnleri sat\u0131n almay\u0131n\u0131z.<\/p>\n<p><strong>English Instructions:<\/strong><br \/>\nThis product is not medicine.<br \/>\nNot suitable for food production.<br \/>\nFor external use only.<br \/>\nSealed bottle in a cool place to keep away.<br \/>\nKeep away from children.<br \/>\nDo not buy bottles that were opened.<\/p>\n<p><strong>Men\u015fei:<\/strong> T\u00fcrkiye<br \/>\n<strong>YERL\u0130 \u00dcRET\u0130M<\/strong><\/p>\n","protected":false},"excerpt":{"rendered":"<p>KRK KINA YA\u011eI<\/p>\n","protected":false},"featured_media":31589,"comment_status":"open","ping_status":"closed","template":"","meta":[],"product_brand":[],"product_cat":[285],"product_tag":[],"class_list":{"0":"post-31579","1":"product","2":"type-product","3":"status-publish","4":"has-post-thumbnail","6":"product_cat-butun-urunler","8":"first","9":"instock","10":"shipping-taxable","11":"product-type-simple"},"_links":{"self":[{"href":"https:\/\/www.krkgida.com\/index.php?rest_route=\/wp\/v2\/product\/31579","targetHints":{"allow":["GET"]}}],"collection":[{"href":"https:\/\/www.krkgida.com\/index.php?rest_route=\/wp\/v2\/product"}],"about":[{"href":"https:\/\/www.krkgida.com\/index.php?rest_route=\/wp\/v2\/types\/product"}],"replies":[{"embeddable":true,"href":"https:\/\/www.krkgida.com\/index.php?rest_route=%2Fwp%2Fv2%2Fcomments&post=31579"}],"version-history":[{"count":1,"href":"https:\/\/www.krkgida.com\/index.php?rest_route=\/wp\/v2\/product\/31579\/revisions"}],"predecessor-version":[{"id":31595,"href":"https:\/\/www.krkgida.com\/index.php?rest_route=\/wp\/v2\/product\/31579\/revisions\/31595"}],"wp:featuredmedia":[{"embeddable":true,"href":"https:\/\/www.krkgida.com\/index.php?rest_route=\/wp\/v2\/media\/31589"}],"wp:attachment":[{"href":"https:\/\/www.krkgida.com\/index.php?rest_route=%2Fwp%2Fv2%2Fmedia&parent=31579"}],"wp:term":[{"taxonomy":"product_brand","embeddable":true,"href":"https:\/\/www.krkgida.com\/index.php?rest_route=%2Fwp%2Fv2%2Fproduct_brand&post=31579"},{"taxonomy":"product_cat","embeddable":true,"href":"https:\/\/www.krkgida.com\/index.php?rest_route=%2Fwp%2Fv2%2Fproduct_cat&post=31579"},{"taxonomy":"product_tag","embeddable":true,"href":"https:\/\/www.krkgida.com\/index.php?rest_route=%2Fwp%2Fv2%2Fproduct_tag&post=31579"}],"curies":[{"name":"wp","href":"https:\/\/api.w.org\/{rel}","templated":true}]}}