{"id":31541,"date":"2025-09-19T12:55:37","date_gmt":"2025-09-19T12:55:37","guid":{"rendered":"https:\/\/www.krkgida.com\/?post_type=product&#038;p=31541"},"modified":"2025-09-19T12:55:37","modified_gmt":"2025-09-19T12:55:37","slug":"krk-gida-gliserin-glycerin","status":"publish","type":"product","link":"https:\/\/www.krkgida.com\/?product=krk-gida-gliserin-glycerin","title":{"rendered":"KRK GIDA GL\u0130SER\u0130N (GLYCERIN)"},"content":{"rendered":"<p><strong>KRK GIDA GL\u0130SER\u0130N (GLYCERIN)<\/strong><\/p>\n<p><strong>\u0130\u00e7indekiler:<\/strong> Gliserol (Glycerin) INS NO.422 (C3H8O3)<\/p>\n<p><strong>Kullan\u0131m Bilgisi;<\/strong><br \/>\nG\u0131da olarak kullan\u0131ma uygundur.<br \/>\nKozmetik ama\u00e7l\u0131 kullan\u0131ma uygundur.<\/p>\n<p><strong>Uyar\u0131lar:<\/strong><br \/>\nBu \u00fcr\u00fcn ila\u00e7 de\u011fildir.<br \/>\nSerin bir yerde, \u015fi\u015fe a\u011fz\u0131 kapal\u0131 olarak muhafaza ediniz.<br \/>\n\u00c7ocuklar\u0131n ula\u015famayaca\u011f\u0131 yerlerde saklay\u0131n\u0131z.<br \/>\nEmniyet etiketi y\u0131rt\u0131lm\u0131\u015f ve a\u00e7\u0131lm\u0131\u015f \u00fcr\u00fcnleri sat\u0131n almay\u0131n\u0131z.<\/p>\n<p><strong>English Instructions:<\/strong><br \/>\nThis product is not medicine.<br \/>\nSealed bottle in a cool place to keep away.<br \/>\nKeep away from children.<br \/>\nDo not buy bottles that were opened.<\/p>\n<p><strong>Men\u015fei:<\/strong> T\u00fcrkiye<br \/>\n<strong>YERL\u0130 \u00dcRET\u0130M<\/strong><\/p>\n","protected":false},"excerpt":{"rendered":"<p><strong>KRK GIDA GL\u0130SER\u0130N (GLYCERIN)<\/strong><\/p>\n","protected":false},"featured_media":31545,"comment_status":"open","ping_status":"closed","template":"","meta":[],"product_brand":[],"product_cat":[339,256,263],"product_tag":[],"class_list":{"0":"post-31541","1":"product","2":"type-product","3":"status-publish","4":"has-post-thumbnail","6":"product_cat-yaglar","7":"product_cat-bitkisel-yaglar","8":"product_cat-1kg-yag","10":"first","11":"instock","12":"shipping-taxable","13":"product-type-simple"},"_links":{"self":[{"href":"https:\/\/www.krkgida.com\/index.php?rest_route=\/wp\/v2\/product\/31541","targetHints":{"allow":["GET"]}}],"collection":[{"href":"https:\/\/www.krkgida.com\/index.php?rest_route=\/wp\/v2\/product"}],"about":[{"href":"https:\/\/www.krkgida.com\/index.php?rest_route=\/wp\/v2\/types\/product"}],"replies":[{"embeddable":true,"href":"https:\/\/www.krkgida.com\/index.php?rest_route=%2Fwp%2Fv2%2Fcomments&post=31541"}],"version-history":[{"count":1,"href":"https:\/\/www.krkgida.com\/index.php?rest_route=\/wp\/v2\/product\/31541\/revisions"}],"predecessor-version":[{"id":31548,"href":"https:\/\/www.krkgida.com\/index.php?rest_route=\/wp\/v2\/product\/31541\/revisions\/31548"}],"wp:featuredmedia":[{"embeddable":true,"href":"https:\/\/www.krkgida.com\/index.php?rest_route=\/wp\/v2\/media\/31545"}],"wp:attachment":[{"href":"https:\/\/www.krkgida.com\/index.php?rest_route=%2Fwp%2Fv2%2Fmedia&parent=31541"}],"wp:term":[{"taxonomy":"product_brand","embeddable":true,"href":"https:\/\/www.krkgida.com\/index.php?rest_route=%2Fwp%2Fv2%2Fproduct_brand&post=31541"},{"taxonomy":"product_cat","embeddable":true,"href":"https:\/\/www.krkgida.com\/index.php?rest_route=%2Fwp%2Fv2%2Fproduct_cat&post=31541"},{"taxonomy":"product_tag","embeddable":true,"href":"https:\/\/www.krkgida.com\/index.php?rest_route=%2Fwp%2Fv2%2Fproduct_tag&post=31541"}],"curies":[{"name":"wp","href":"https:\/\/api.w.org\/{rel}","templated":true}]}}