{"id":31481,"date":"2025-09-19T10:24:08","date_gmt":"2025-09-19T10:24:08","guid":{"rendered":"https:\/\/www.krkgida.com\/?post_type=product&#038;p=31481"},"modified":"2025-09-19T10:24:08","modified_gmt":"2025-09-19T10:24:08","slug":"krk-gida-adacayi-aci-elma-ucucu-yagi","status":"publish","type":"product","link":"https:\/\/www.krkgida.com\/?product=krk-gida-adacayi-aci-elma-ucucu-yagi","title":{"rendered":"KRK GIDA ADA\u00c7AYI (ACI ELMA) U\u00c7UCU YA\u011eI"},"content":{"rendered":"<p><strong>KRK GIDA ADA\u00c7AYI (ACI ELMA) U\u00c7UCU YA\u011eI<\/strong><\/p>\n<p><strong>\u0130\u00e7indekiler:<\/strong> Ada\u00e7ay\u0131 (Ac\u0131 elma) u\u00e7ucu ya\u011f\u0131<br \/>\n<strong>\u00dcretim \u015fekli: <\/strong>Distilasyon \/ Distillation<\/p>\n<p><strong>Kullan\u0131m Bilgisi:<\/strong><br \/>\nAda\u00e7ay\u0131 U\u00e7ucu Ya\u011f\u0131 direkt olarak i\u00e7ilmemelidir.<br \/>\n1 kg \u00fcr\u00fcne ortalama 10 gr Ada\u00e7ay\u0131 U\u00e7ucu Ya\u011f\u0131 kullan\u0131m\u0131 tavsiye edilir.<br \/>\nYanl\u0131\u015fl\u0131kla yutulursa, a\u011f\u0131z suyla \u00e7alkalanmal\u0131 ve t\u0131bbi tavsiye al\u0131nmal\u0131d\u0131r.<br \/>\nG\u00f6ze s\u0131\u00e7ramas\u0131 halinde en az 10 dakika bol suyla g\u00f6z y\u0131kanmal\u0131 ve t\u0131bbi tavsiye al\u0131nmal\u0131d\u0131r.<br \/>\nG\u0131da olarak kullan\u0131ma uygundur.<br \/>\nKozmetik ama\u00e7l\u0131 kullan\u0131ma uygundur.<\/p>\n<p><strong>Uyar\u0131lar:<\/strong><br \/>\nBu \u00fcr\u00fcn ila\u00e7 de\u011fildir.<br \/>\nSerin bir yerde, \u015fi\u015fe a\u011fz\u0131 kapal\u0131 olarak muhafaza ediniz.<br \/>\n\u00c7ocuklar\u0131n ula\u015famayaca\u011f\u0131 yerlerde saklay\u0131n\u0131z.<br \/>\nEmniyet etiketi y\u0131rt\u0131lm\u0131\u015f ve a\u00e7\u0131lm\u0131\u015f \u00fcr\u00fcnleri sat\u0131n almay\u0131n\u0131z.<\/p>\n<p><strong>English Instructions:<\/strong><br \/>\nThis product is not medicine.<br \/>\nSealed bottle in a cool place to keep away.<br \/>\nKeep away from children.<br \/>\nDo not buy bottles that were opened.<\/p>\n<p><strong>Muhafaza \u015eartlar\u0131:<\/strong><br \/>\nS\u0131k\u0131ca kapat\u0131lm\u0131\u015f kaplarda, \u0131s\u0131 kaynaklar\u0131ndan ve a\u015f\u0131r\u0131 s\u0131cak ortamlardan uzakta; kesinlikle direkt g\u00fcne\u015f \u0131\u015f\u0131\u011f\u0131 almayacak \u015fekilde saklanmal\u0131d\u0131r.<\/p>\n<p><strong>Men\u015fei:<\/strong> T\u00fcrkiye<br \/>\n<strong>YERL\u0130 \u00dcRET\u0130M<\/strong><\/p>\n","protected":false},"excerpt":{"rendered":"<p><strong>KRK GIDA ADA\u00c7AYI (ACI ELMA) U\u00c7UCU YA\u011eI<\/strong><\/p>\n","protected":false},"featured_media":31496,"comment_status":"open","ping_status":"closed","template":"","meta":[],"product_brand":[],"product_cat":[339,256,263],"product_tag":[],"class_list":{"0":"post-31481","1":"product","2":"type-product","3":"status-publish","4":"has-post-thumbnail","6":"product_cat-yaglar","7":"product_cat-bitkisel-yaglar","8":"product_cat-1kg-yag","10":"first","11":"instock","12":"shipping-taxable","13":"product-type-simple"},"_links":{"self":[{"href":"https:\/\/www.krkgida.com\/index.php?rest_route=\/wp\/v2\/product\/31481","targetHints":{"allow":["GET"]}}],"collection":[{"href":"https:\/\/www.krkgida.com\/index.php?rest_route=\/wp\/v2\/product"}],"about":[{"href":"https:\/\/www.krkgida.com\/index.php?rest_route=\/wp\/v2\/types\/product"}],"replies":[{"embeddable":true,"href":"https:\/\/www.krkgida.com\/index.php?rest_route=%2Fwp%2Fv2%2Fcomments&post=31481"}],"version-history":[{"count":1,"href":"https:\/\/www.krkgida.com\/index.php?rest_route=\/wp\/v2\/product\/31481\/revisions"}],"predecessor-version":[{"id":31509,"href":"https:\/\/www.krkgida.com\/index.php?rest_route=\/wp\/v2\/product\/31481\/revisions\/31509"}],"wp:featuredmedia":[{"embeddable":true,"href":"https:\/\/www.krkgida.com\/index.php?rest_route=\/wp\/v2\/media\/31496"}],"wp:attachment":[{"href":"https:\/\/www.krkgida.com\/index.php?rest_route=%2Fwp%2Fv2%2Fmedia&parent=31481"}],"wp:term":[{"taxonomy":"product_brand","embeddable":true,"href":"https:\/\/www.krkgida.com\/index.php?rest_route=%2Fwp%2Fv2%2Fproduct_brand&post=31481"},{"taxonomy":"product_cat","embeddable":true,"href":"https:\/\/www.krkgida.com\/index.php?rest_route=%2Fwp%2Fv2%2Fproduct_cat&post=31481"},{"taxonomy":"product_tag","embeddable":true,"href":"https:\/\/www.krkgida.com\/index.php?rest_route=%2Fwp%2Fv2%2Fproduct_tag&post=31481"}],"curies":[{"name":"wp","href":"https:\/\/api.w.org\/{rel}","templated":true}]}}