{"id":31205,"date":"2025-09-19T08:24:03","date_gmt":"2025-09-19T08:24:03","guid":{"rendered":"https:\/\/www.krkgida.com\/?post_type=product&#038;p=31205"},"modified":"2025-09-19T09:06:52","modified_gmt":"2025-09-19T09:06:52","slug":"krk-gida-dag-cilegi-aromasi","status":"publish","type":"product","link":"https:\/\/www.krkgida.com\/?product=krk-gida-dag-cilegi-aromasi","title":{"rendered":"KRK GIDA DA\u011e \u00c7\u0130LE\u011e\u0130 AROMASI"},"content":{"rendered":"\t\t<div data-elementor-type=\"product-post\" data-elementor-id=\"31205\" class=\"elementor elementor-31205\" data-elementor-post-type=\"product\">\n\t\t\t\t<div class=\"wd-negative-gap elementor-element elementor-element-34d3230c e-flex e-con-boxed e-con e-parent\" data-id=\"34d3230c\" data-element_type=\"container\">\n\t\t\t\t\t<div class=\"e-con-inner\">\n\t\t\t\t<div class=\"elementor-element elementor-element-2202f7c color-scheme-inherit text-left elementor-widget elementor-widget-text-editor\" data-id=\"2202f7c\" data-element_type=\"widget\" data-widget_type=\"text-editor.default\">\n\t\t\t\t<div class=\"elementor-widget-container\">\n\t\t\t\t\t\t\t\t\t<strong>KRK GIDA DA\u011e \u00c7\u0130LE\u011e\u0130 AROMASI<\/strong>\n\n<strong>\u0130\u00e7indekiler:<\/strong> Da\u011f \u00e7ile\u011fi aroma vericisi RASPBERRY\n\n<strong>KULLANIM B\u0130LG\u0130S\u0130:<\/strong>\nAroma direkt olarak i\u00e7ilmemelidir.\nKullan\u0131m miktar\u0131 kullan\u0131lacak \u00fcr\u00fcne g\u00f6re de\u011fi\u015fir.\nYanl\u0131\u015fl\u0131kla yutulursa, a\u011f\u0131z suyla \u00e7alkalanmal\u0131 ve t\u0131bbi tavsiye al\u0131nmal\u0131d\u0131r.\nG\u00f6ze s\u0131\u00e7ramas\u0131 halinde en az 10 dakika bol suyla g\u00f6z y\u0131kanmal\u0131 ve t\u0131bbi tavsiye al\u0131nmal\u0131d\u0131r.\n\n<strong>Kullan\u0131m yeri: <\/strong>\u0130\u00e7ecekler, \u015fekerlemeler ve pastane \u00fcr\u00fcnleri\n\n<strong>Uyar\u0131lar:<\/strong>\nBu \u00fcr\u00fcn ila\u00e7 de\u011fildir.\nSerin bir yerde, \u015fi\u015fe a\u011fz\u0131 kapal\u0131 olarak muhafaza ediniz.\nG\u00fcne\u015f \u0131\u015f\u0131\u011f\u0131ndan koruyunuz.\n\u00c7ocuklar\u0131n ula\u015famayaca\u011f\u0131 yerlerde saklay\u0131n\u0131z.\nEmniyet etiketi y\u0131rt\u0131lm\u0131\u015f ve a\u00e7\u0131lm\u0131\u015f \u00fcr\u00fcnleri sat\u0131n almay\u0131n\u0131z.\n\n<strong>English Instructions:<\/strong>\nThis product is not medicine.\nSealed bottle in a cool place to keep away.\nProtect from sunlight.\nKeep away from children.\nDo not buy bottles that were opened.\n\n<strong>Men\u015fei:<\/strong> T\u00fcrkiye\n<strong>YERL\u0130 \u00dcRET\u0130M<\/strong>\t\t\t\t\t\t\t\t<\/div>\n\t\t\t\t<\/div>\n\t\t\t\t\t<\/div>\n\t\t\t\t<\/div>\n\t\t\t\t<\/div>\n\t\t","protected":false},"excerpt":{"rendered":"<p><strong>KRK GIDA DA\u011e \u00c7\u0130LE\u011e\u0130 AROMASI<\/strong><\/p>\n","protected":false},"featured_media":31208,"comment_status":"open","ping_status":"closed","template":"","meta":[],"product_brand":[],"product_cat":[255,266],"product_tag":[],"class_list":{"0":"post-31205","1":"product","2":"type-product","3":"status-publish","4":"has-post-thumbnail","6":"product_cat-aromalar","7":"product_cat-1kg-aroma","9":"first","10":"instock","11":"shipping-taxable","12":"product-type-simple"},"_links":{"self":[{"href":"https:\/\/www.krkgida.com\/index.php?rest_route=\/wp\/v2\/product\/31205","targetHints":{"allow":["GET"]}}],"collection":[{"href":"https:\/\/www.krkgida.com\/index.php?rest_route=\/wp\/v2\/product"}],"about":[{"href":"https:\/\/www.krkgida.com\/index.php?rest_route=\/wp\/v2\/types\/product"}],"replies":[{"embeddable":true,"href":"https:\/\/www.krkgida.com\/index.php?rest_route=%2Fwp%2Fv2%2Fcomments&post=31205"}],"version-history":[{"count":4,"href":"https:\/\/www.krkgida.com\/index.php?rest_route=\/wp\/v2\/product\/31205\/revisions"}],"predecessor-version":[{"id":31358,"href":"https:\/\/www.krkgida.com\/index.php?rest_route=\/wp\/v2\/product\/31205\/revisions\/31358"}],"wp:featuredmedia":[{"embeddable":true,"href":"https:\/\/www.krkgida.com\/index.php?rest_route=\/wp\/v2\/media\/31208"}],"wp:attachment":[{"href":"https:\/\/www.krkgida.com\/index.php?rest_route=%2Fwp%2Fv2%2Fmedia&parent=31205"}],"wp:term":[{"taxonomy":"product_brand","embeddable":true,"href":"https:\/\/www.krkgida.com\/index.php?rest_route=%2Fwp%2Fv2%2Fproduct_brand&post=31205"},{"taxonomy":"product_cat","embeddable":true,"href":"https:\/\/www.krkgida.com\/index.php?rest_route=%2Fwp%2Fv2%2Fproduct_cat&post=31205"},{"taxonomy":"product_tag","embeddable":true,"href":"https:\/\/www.krkgida.com\/index.php?rest_route=%2Fwp%2Fv2%2Fproduct_tag&post=31205"}],"curies":[{"name":"wp","href":"https:\/\/api.w.org\/{rel}","templated":true}]}}