{"id":31118,"date":"2025-09-19T07:46:10","date_gmt":"2025-09-19T07:46:10","guid":{"rendered":"https:\/\/www.krkgida.com\/?post_type=product&#038;p=31118"},"modified":"2025-09-19T07:55:40","modified_gmt":"2025-09-19T07:55:40","slug":"krk-igde-esansi","status":"publish","type":"product","link":"https:\/\/www.krkgida.com\/?product=krk-igde-esansi","title":{"rendered":"KRK \u0130\u011eDE ESANSI"},"content":{"rendered":"\t\t<div data-elementor-type=\"product-post\" data-elementor-id=\"31118\" class=\"elementor elementor-31118\" data-elementor-post-type=\"product\">\n\t\t\t\t<div class=\"wd-negative-gap elementor-element elementor-element-6169762d e-flex e-con-boxed e-con e-parent\" data-id=\"6169762d\" data-element_type=\"container\">\n\t\t\t\t\t<div class=\"e-con-inner\">\n\t\t\t\t<div class=\"elementor-element elementor-element-1a47abaf color-scheme-inherit text-left elementor-widget elementor-widget-text-editor\" data-id=\"1a47abaf\" data-element_type=\"widget\" data-widget_type=\"text-editor.default\">\n\t\t\t\t<div class=\"elementor-widget-container\">\n\t\t\t\t\t\t\t\t\t<p><strong>KRK \u0130\u011eDE ESANSI <\/strong><\/p><p><strong>\u0130\u00e7indekiler:<\/strong> \u0130\u011fde esans\u0131 (13369)<\/p><p><strong>Kullan\u0131m Bilgisi:<\/strong><br \/>G\u0131da imalat\u0131nda kullan\u0131lmaz.<\/p><p><strong>Uyar\u0131lar:<\/strong><br \/>Bu \u00fcr\u00fcn ila\u00e7 de\u011fildir.<br \/>Serin bir yerde, \u015fi\u015fe a\u011fz\u0131 kapal\u0131 olarak muhafaza ediniz.<br \/>\u00c7ocuklar\u0131n ula\u015famayaca\u011f\u0131 yerlerde saklay\u0131n\u0131z.<br \/>Emniyet etiketi y\u0131rt\u0131lm\u0131\u015f ve a\u00e7\u0131lm\u0131\u015f \u00fcr\u00fcnleri sat\u0131n almay\u0131n\u0131z.<\/p><p><strong>English Instructions:<\/strong><br \/>This product is not medicine.<br \/>Not suitable for food production.<br \/>For external use only.<br \/>Sealed bottle in a cool place to keep away.<br \/>Keep away from children.<br \/>Do not buy bottles that were opened.<\/p><p><strong>Men\u015fei:<\/strong> T\u00fcrkiye<br \/><strong>YERL\u0130 \u00dcRET\u0130M<\/strong><\/p>\t\t\t\t\t\t\t\t<\/div>\n\t\t\t\t<\/div>\n\t\t\t\t\t<\/div>\n\t\t\t\t<\/div>\n\t\t\t\t<\/div>\n\t\t","protected":false},"excerpt":{"rendered":"<p><strong>KRK \u0130\u011eDE ESANSI <\/strong><\/p>\n","protected":false},"featured_media":31119,"comment_status":"open","ping_status":"closed","template":"","meta":[],"product_brand":[],"product_cat":[329,330],"product_tag":[],"class_list":{"0":"post-31118","1":"product","2":"type-product","3":"status-publish","4":"has-post-thumbnail","6":"product_cat-esans","7":"product_cat-krk-gida-1kglik-esanslar","9":"first","10":"instock","11":"shipping-taxable","12":"product-type-simple"},"_links":{"self":[{"href":"https:\/\/www.krkgida.com\/index.php?rest_route=\/wp\/v2\/product\/31118","targetHints":{"allow":["GET"]}}],"collection":[{"href":"https:\/\/www.krkgida.com\/index.php?rest_route=\/wp\/v2\/product"}],"about":[{"href":"https:\/\/www.krkgida.com\/index.php?rest_route=\/wp\/v2\/types\/product"}],"replies":[{"embeddable":true,"href":"https:\/\/www.krkgida.com\/index.php?rest_route=%2Fwp%2Fv2%2Fcomments&post=31118"}],"version-history":[{"count":7,"href":"https:\/\/www.krkgida.com\/index.php?rest_route=\/wp\/v2\/product\/31118\/revisions"}],"predecessor-version":[{"id":31174,"href":"https:\/\/www.krkgida.com\/index.php?rest_route=\/wp\/v2\/product\/31118\/revisions\/31174"}],"wp:featuredmedia":[{"embeddable":true,"href":"https:\/\/www.krkgida.com\/index.php?rest_route=\/wp\/v2\/media\/31119"}],"wp:attachment":[{"href":"https:\/\/www.krkgida.com\/index.php?rest_route=%2Fwp%2Fv2%2Fmedia&parent=31118"}],"wp:term":[{"taxonomy":"product_brand","embeddable":true,"href":"https:\/\/www.krkgida.com\/index.php?rest_route=%2Fwp%2Fv2%2Fproduct_brand&post=31118"},{"taxonomy":"product_cat","embeddable":true,"href":"https:\/\/www.krkgida.com\/index.php?rest_route=%2Fwp%2Fv2%2Fproduct_cat&post=31118"},{"taxonomy":"product_tag","embeddable":true,"href":"https:\/\/www.krkgida.com\/index.php?rest_route=%2Fwp%2Fv2%2Fproduct_tag&post=31118"}],"curies":[{"name":"wp","href":"https:\/\/api.w.org\/{rel}","templated":true}]}}