{"id":31093,"date":"2025-09-19T07:38:33","date_gmt":"2025-09-19T07:38:33","guid":{"rendered":"https:\/\/www.krkgida.com\/?post_type=product&#038;p=31093"},"modified":"2025-09-19T07:51:12","modified_gmt":"2025-09-19T07:51:12","slug":"krk-mersin-esansi","status":"publish","type":"product","link":"https:\/\/www.krkgida.com\/?product=krk-mersin-esansi","title":{"rendered":"KRK MERS\u0130N ESANSI"},"content":{"rendered":"\t\t<div data-elementor-type=\"product-post\" data-elementor-id=\"31093\" class=\"elementor elementor-31093\" data-elementor-post-type=\"product\">\n\t\t\t\t<div class=\"wd-negative-gap elementor-element elementor-element-b8f90a8 e-flex e-con-boxed e-con e-parent\" data-id=\"b8f90a8\" data-element_type=\"container\">\n\t\t\t\t\t<div class=\"e-con-inner\">\n\t\t\t\t<div class=\"elementor-element elementor-element-1a8a7d1f color-scheme-inherit text-left elementor-widget elementor-widget-text-editor\" data-id=\"1a8a7d1f\" data-element_type=\"widget\" data-widget_type=\"text-editor.default\">\n\t\t\t\t<div class=\"elementor-widget-container\">\n\t\t\t\t\t\t\t\t\t<p><strong>KRK MERS\u0130N ESANSI<\/strong><\/p><p><strong>\u0130\u00e7indekiler:<\/strong> Mersin esans\u0131<\/p><p><strong>Kullan\u0131m Bilgisi:<\/strong><br \/>G\u0131da imalat\u0131nda kullan\u0131lmaz.<\/p><p><strong>Uyar\u0131lar:<\/strong><br \/>Bu \u00fcr\u00fcn ila\u00e7 de\u011fildir.<br \/>Serin bir yerde, \u015fi\u015fe a\u011fz\u0131 kapal\u0131 olarak muhafaza ediniz.<br \/>\u00c7ocuklar\u0131n ula\u015famayaca\u011f\u0131 yerlerde saklay\u0131n\u0131z.<br \/>Emniyet etiketi y\u0131rt\u0131lm\u0131\u015f ve a\u00e7\u0131lm\u0131\u015f \u00fcr\u00fcnleri sat\u0131n almay\u0131n\u0131z.<\/p><p><strong>English Instructions:<\/strong><br \/>This product is not medicine.<br \/>Not suitable for food production.<br \/>For external use only.<br \/>Sealed bottle in a cool place to keep away.<br \/>Keep away from children.<br \/>Do not buy bottles that were opened.<\/p><p><strong>Men\u015fei:<\/strong> T\u00fcrkiye<br \/><strong>YERL\u0130 \u00dcRET\u0130M<\/strong><\/p>\t\t\t\t\t\t\t\t<\/div>\n\t\t\t\t<\/div>\n\t\t\t\t\t<\/div>\n\t\t\t\t<\/div>\n\t\t\t\t<\/div>\n\t\t","protected":false},"excerpt":{"rendered":"<p><strong>KRK MERS\u0130N ESANSI<\/strong><\/p>\n","protected":false},"featured_media":31096,"comment_status":"open","ping_status":"closed","template":"","meta":[],"product_brand":[],"product_cat":[329,330],"product_tag":[],"class_list":{"0":"post-31093","1":"product","2":"type-product","3":"status-publish","4":"has-post-thumbnail","6":"product_cat-esans","7":"product_cat-krk-gida-1kglik-esanslar","9":"first","10":"instock","11":"shipping-taxable","12":"product-type-simple"},"_links":{"self":[{"href":"https:\/\/www.krkgida.com\/index.php?rest_route=\/wp\/v2\/product\/31093","targetHints":{"allow":["GET"]}}],"collection":[{"href":"https:\/\/www.krkgida.com\/index.php?rest_route=\/wp\/v2\/product"}],"about":[{"href":"https:\/\/www.krkgida.com\/index.php?rest_route=\/wp\/v2\/types\/product"}],"replies":[{"embeddable":true,"href":"https:\/\/www.krkgida.com\/index.php?rest_route=%2Fwp%2Fv2%2Fcomments&post=31093"}],"version-history":[{"count":4,"href":"https:\/\/www.krkgida.com\/index.php?rest_route=\/wp\/v2\/product\/31093\/revisions"}],"predecessor-version":[{"id":31144,"href":"https:\/\/www.krkgida.com\/index.php?rest_route=\/wp\/v2\/product\/31093\/revisions\/31144"}],"wp:featuredmedia":[{"embeddable":true,"href":"https:\/\/www.krkgida.com\/index.php?rest_route=\/wp\/v2\/media\/31096"}],"wp:attachment":[{"href":"https:\/\/www.krkgida.com\/index.php?rest_route=%2Fwp%2Fv2%2Fmedia&parent=31093"}],"wp:term":[{"taxonomy":"product_brand","embeddable":true,"href":"https:\/\/www.krkgida.com\/index.php?rest_route=%2Fwp%2Fv2%2Fproduct_brand&post=31093"},{"taxonomy":"product_cat","embeddable":true,"href":"https:\/\/www.krkgida.com\/index.php?rest_route=%2Fwp%2Fv2%2Fproduct_cat&post=31093"},{"taxonomy":"product_tag","embeddable":true,"href":"https:\/\/www.krkgida.com\/index.php?rest_route=%2Fwp%2Fv2%2Fproduct_tag&post=31093"}],"curies":[{"name":"wp","href":"https:\/\/api.w.org\/{rel}","templated":true}]}}