{"id":31015,"date":"2025-09-01T07:59:14","date_gmt":"2025-09-01T07:59:14","guid":{"rendered":"https:\/\/www.krkgida.com\/?post_type=product&#038;p=31015"},"modified":"2025-09-01T07:59:14","modified_gmt":"2025-09-01T07:59:14","slug":"tohumlar-urun-listesi","status":"publish","type":"product","link":"https:\/\/www.krkgida.com\/?product=tohumlar-urun-listesi","title":{"rendered":"TOHUMLAR \u00dcR\u00dcN L\u0130STES\u0130"},"content":{"rendered":"","protected":false},"excerpt":{"rendered":"","protected":false},"featured_media":31016,"comment_status":"open","ping_status":"closed","template":"","meta":[],"product_brand":[],"product_cat":[246,247],"product_tag":[],"class_list":{"0":"post-31015","1":"product","2":"type-product","3":"status-publish","4":"has-post-thumbnail","6":"product_cat-bitkisel-urunler","7":"product_cat-bitkiler","9":"first","10":"instock","11":"shipping-taxable","12":"product-type-simple"},"_links":{"self":[{"href":"https:\/\/www.krkgida.com\/index.php?rest_route=\/wp\/v2\/product\/31015","targetHints":{"allow":["GET"]}}],"collection":[{"href":"https:\/\/www.krkgida.com\/index.php?rest_route=\/wp\/v2\/product"}],"about":[{"href":"https:\/\/www.krkgida.com\/index.php?rest_route=\/wp\/v2\/types\/product"}],"replies":[{"embeddable":true,"href":"https:\/\/www.krkgida.com\/index.php?rest_route=%2Fwp%2Fv2%2Fcomments&post=31015"}],"version-history":[{"count":1,"href":"https:\/\/www.krkgida.com\/index.php?rest_route=\/wp\/v2\/product\/31015\/revisions"}],"predecessor-version":[{"id":31017,"href":"https:\/\/www.krkgida.com\/index.php?rest_route=\/wp\/v2\/product\/31015\/revisions\/31017"}],"wp:featuredmedia":[{"embeddable":true,"href":"https:\/\/www.krkgida.com\/index.php?rest_route=\/wp\/v2\/media\/31016"}],"wp:attachment":[{"href":"https:\/\/www.krkgida.com\/index.php?rest_route=%2Fwp%2Fv2%2Fmedia&parent=31015"}],"wp:term":[{"taxonomy":"product_brand","embeddable":true,"href":"https:\/\/www.krkgida.com\/index.php?rest_route=%2Fwp%2Fv2%2Fproduct_brand&post=31015"},{"taxonomy":"product_cat","embeddable":true,"href":"https:\/\/www.krkgida.com\/index.php?rest_route=%2Fwp%2Fv2%2Fproduct_cat&post=31015"},{"taxonomy":"product_tag","embeddable":true,"href":"https:\/\/www.krkgida.com\/index.php?rest_route=%2Fwp%2Fv2%2Fproduct_tag&post=31015"}],"curies":[{"name":"wp","href":"https:\/\/api.w.org\/{rel}","templated":true}]}}