{"id":31003,"date":"2025-09-01T07:49:31","date_gmt":"2025-09-01T07:49:31","guid":{"rendered":"https:\/\/www.krkgida.com\/?post_type=product&#038;p=31003"},"modified":"2025-09-01T07:50:56","modified_gmt":"2025-09-01T07:50:56","slug":"bitkiler-urun-listesi","status":"publish","type":"product","link":"https:\/\/www.krkgida.com\/?product=bitkiler-urun-listesi","title":{"rendered":"B\u0130TK\u0130LER \u00dcR\u00dcN L\u0130STES\u0130"},"content":{"rendered":"","protected":false},"excerpt":{"rendered":"","protected":false},"featured_media":31005,"comment_status":"open","ping_status":"closed","template":"","meta":[],"product_brand":[],"product_cat":[285,246,247],"product_tag":[],"class_list":{"0":"post-31003","1":"product","2":"type-product","3":"status-publish","4":"has-post-thumbnail","6":"product_cat-butun-urunler","7":"product_cat-bitkisel-urunler","8":"product_cat-bitkiler","10":"first","11":"instock","12":"shipping-taxable","13":"product-type-simple"},"_links":{"self":[{"href":"https:\/\/www.krkgida.com\/index.php?rest_route=\/wp\/v2\/product\/31003","targetHints":{"allow":["GET"]}}],"collection":[{"href":"https:\/\/www.krkgida.com\/index.php?rest_route=\/wp\/v2\/product"}],"about":[{"href":"https:\/\/www.krkgida.com\/index.php?rest_route=\/wp\/v2\/types\/product"}],"replies":[{"embeddable":true,"href":"https:\/\/www.krkgida.com\/index.php?rest_route=%2Fwp%2Fv2%2Fcomments&post=31003"}],"version-history":[{"count":2,"href":"https:\/\/www.krkgida.com\/index.php?rest_route=\/wp\/v2\/product\/31003\/revisions"}],"predecessor-version":[{"id":31010,"href":"https:\/\/www.krkgida.com\/index.php?rest_route=\/wp\/v2\/product\/31003\/revisions\/31010"}],"wp:featuredmedia":[{"embeddable":true,"href":"https:\/\/www.krkgida.com\/index.php?rest_route=\/wp\/v2\/media\/31005"}],"wp:attachment":[{"href":"https:\/\/www.krkgida.com\/index.php?rest_route=%2Fwp%2Fv2%2Fmedia&parent=31003"}],"wp:term":[{"taxonomy":"product_brand","embeddable":true,"href":"https:\/\/www.krkgida.com\/index.php?rest_route=%2Fwp%2Fv2%2Fproduct_brand&post=31003"},{"taxonomy":"product_cat","embeddable":true,"href":"https:\/\/www.krkgida.com\/index.php?rest_route=%2Fwp%2Fv2%2Fproduct_cat&post=31003"},{"taxonomy":"product_tag","embeddable":true,"href":"https:\/\/www.krkgida.com\/index.php?rest_route=%2Fwp%2Fv2%2Fproduct_tag&post=31003"}],"curies":[{"name":"wp","href":"https:\/\/api.w.org\/{rel}","templated":true}]}}