{"id":30998,"date":"2025-09-01T07:42:47","date_gmt":"2025-09-01T07:42:47","guid":{"rendered":"https:\/\/www.krkgida.com\/?post_type=product&#038;p=30998"},"modified":"2025-09-01T07:43:23","modified_gmt":"2025-09-01T07:43:23","slug":"bitki-caylari-urun-listes","status":"publish","type":"product","link":"https:\/\/www.krkgida.com\/?product=bitki-caylari-urun-listes","title":{"rendered":"B\u0130TK\u0130 \u00c7AYLARI \u00dcR\u00dcN L\u0130STES\u0130"},"content":{"rendered":"","protected":false},"excerpt":{"rendered":"","protected":false},"featured_media":31000,"comment_status":"open","ping_status":"closed","template":"","meta":[],"product_brand":[],"product_cat":[285,248],"product_tag":[],"class_list":{"0":"post-30998","1":"product","2":"type-product","3":"status-publish","4":"has-post-thumbnail","6":"product_cat-butun-urunler","7":"product_cat-bitkisel-caylar","9":"first","10":"instock","11":"shipping-taxable","12":"product-type-simple"},"_links":{"self":[{"href":"https:\/\/www.krkgida.com\/index.php?rest_route=\/wp\/v2\/product\/30998","targetHints":{"allow":["GET"]}}],"collection":[{"href":"https:\/\/www.krkgida.com\/index.php?rest_route=\/wp\/v2\/product"}],"about":[{"href":"https:\/\/www.krkgida.com\/index.php?rest_route=\/wp\/v2\/types\/product"}],"replies":[{"embeddable":true,"href":"https:\/\/www.krkgida.com\/index.php?rest_route=%2Fwp%2Fv2%2Fcomments&post=30998"}],"version-history":[{"count":2,"href":"https:\/\/www.krkgida.com\/index.php?rest_route=\/wp\/v2\/product\/30998\/revisions"}],"predecessor-version":[{"id":31002,"href":"https:\/\/www.krkgida.com\/index.php?rest_route=\/wp\/v2\/product\/30998\/revisions\/31002"}],"wp:featuredmedia":[{"embeddable":true,"href":"https:\/\/www.krkgida.com\/index.php?rest_route=\/wp\/v2\/media\/31000"}],"wp:attachment":[{"href":"https:\/\/www.krkgida.com\/index.php?rest_route=%2Fwp%2Fv2%2Fmedia&parent=30998"}],"wp:term":[{"taxonomy":"product_brand","embeddable":true,"href":"https:\/\/www.krkgida.com\/index.php?rest_route=%2Fwp%2Fv2%2Fproduct_brand&post=30998"},{"taxonomy":"product_cat","embeddable":true,"href":"https:\/\/www.krkgida.com\/index.php?rest_route=%2Fwp%2Fv2%2Fproduct_cat&post=30998"},{"taxonomy":"product_tag","embeddable":true,"href":"https:\/\/www.krkgida.com\/index.php?rest_route=%2Fwp%2Fv2%2Fproduct_tag&post=30998"}],"curies":[{"name":"wp","href":"https:\/\/api.w.org\/{rel}","templated":true}]}}