{"id":30994,"date":"2025-09-01T07:37:52","date_gmt":"2025-09-01T07:37:52","guid":{"rendered":"https:\/\/www.krkgida.com\/?post_type=product&#038;p=30994"},"modified":"2025-09-01T07:40:15","modified_gmt":"2025-09-01T07:40:15","slug":"baharat-karisimlari-urun-listesi","status":"publish","type":"product","link":"https:\/\/www.krkgida.com\/?product=baharat-karisimlari-urun-listesi","title":{"rendered":"BAHARAT KARI\u015eIMLARI \u00dcR\u00dcN L\u0130STES\u0130"},"content":{"rendered":"","protected":false},"excerpt":{"rendered":"","protected":false},"featured_media":30995,"comment_status":"open","ping_status":"closed","template":"","meta":[],"product_brand":[],"product_cat":[245,272],"product_tag":[],"class_list":{"0":"post-30994","1":"product","2":"type-product","3":"status-publish","4":"has-post-thumbnail","6":"product_cat-baharatlar","7":"product_cat-baharat-karisimlari","9":"first","10":"instock","11":"shipping-taxable","12":"product-type-simple"},"_links":{"self":[{"href":"https:\/\/www.krkgida.com\/index.php?rest_route=\/wp\/v2\/product\/30994","targetHints":{"allow":["GET"]}}],"collection":[{"href":"https:\/\/www.krkgida.com\/index.php?rest_route=\/wp\/v2\/product"}],"about":[{"href":"https:\/\/www.krkgida.com\/index.php?rest_route=\/wp\/v2\/types\/product"}],"replies":[{"embeddable":true,"href":"https:\/\/www.krkgida.com\/index.php?rest_route=%2Fwp%2Fv2%2Fcomments&post=30994"}],"version-history":[{"count":2,"href":"https:\/\/www.krkgida.com\/index.php?rest_route=\/wp\/v2\/product\/30994\/revisions"}],"predecessor-version":[{"id":30997,"href":"https:\/\/www.krkgida.com\/index.php?rest_route=\/wp\/v2\/product\/30994\/revisions\/30997"}],"wp:featuredmedia":[{"embeddable":true,"href":"https:\/\/www.krkgida.com\/index.php?rest_route=\/wp\/v2\/media\/30995"}],"wp:attachment":[{"href":"https:\/\/www.krkgida.com\/index.php?rest_route=%2Fwp%2Fv2%2Fmedia&parent=30994"}],"wp:term":[{"taxonomy":"product_brand","embeddable":true,"href":"https:\/\/www.krkgida.com\/index.php?rest_route=%2Fwp%2Fv2%2Fproduct_brand&post=30994"},{"taxonomy":"product_cat","embeddable":true,"href":"https:\/\/www.krkgida.com\/index.php?rest_route=%2Fwp%2Fv2%2Fproduct_cat&post=30994"},{"taxonomy":"product_tag","embeddable":true,"href":"https:\/\/www.krkgida.com\/index.php?rest_route=%2Fwp%2Fv2%2Fproduct_tag&post=30994"}],"curies":[{"name":"wp","href":"https:\/\/api.w.org\/{rel}","templated":true}]}}