{"id":30978,"date":"2025-09-01T05:59:08","date_gmt":"2025-09-01T05:59:08","guid":{"rendered":"https:\/\/www.krkgida.com\/?post_type=product&#038;p=30978"},"modified":"2025-09-01T05:59:08","modified_gmt":"2025-09-01T05:59:08","slug":"gida-renklendiricileri-dz-ve-kg-urun-listesi","status":"publish","type":"product","link":"https:\/\/www.krkgida.com\/?product=gida-renklendiricileri-dz-ve-kg-urun-listesi","title":{"rendered":"GIDA RENKLEND\u0130R\u0130C\u0130LER\u0130 DZ VE KG \u00dcR\u00dcN L\u0130STES\u0130"},"content":{"rendered":"","protected":false},"excerpt":{"rendered":"","protected":false},"featured_media":30979,"comment_status":"open","ping_status":"closed","template":"","meta":[],"product_brand":[],"product_cat":[285,251,259,260],"product_tag":[],"class_list":{"0":"post-30978","1":"product","2":"type-product","3":"status-publish","4":"has-post-thumbnail","6":"product_cat-butun-urunler","7":"product_cat-gida-renklendiricileri","8":"product_cat-1kg-gida-renklendiricileri","9":"product_cat-9gr48adet-gida-renklendiricileri","11":"first","12":"instock","13":"shipping-taxable","14":"product-type-simple"},"_links":{"self":[{"href":"https:\/\/www.krkgida.com\/index.php?rest_route=\/wp\/v2\/product\/30978","targetHints":{"allow":["GET"]}}],"collection":[{"href":"https:\/\/www.krkgida.com\/index.php?rest_route=\/wp\/v2\/product"}],"about":[{"href":"https:\/\/www.krkgida.com\/index.php?rest_route=\/wp\/v2\/types\/product"}],"replies":[{"embeddable":true,"href":"https:\/\/www.krkgida.com\/index.php?rest_route=%2Fwp%2Fv2%2Fcomments&post=30978"}],"version-history":[{"count":1,"href":"https:\/\/www.krkgida.com\/index.php?rest_route=\/wp\/v2\/product\/30978\/revisions"}],"predecessor-version":[{"id":30980,"href":"https:\/\/www.krkgida.com\/index.php?rest_route=\/wp\/v2\/product\/30978\/revisions\/30980"}],"wp:featuredmedia":[{"embeddable":true,"href":"https:\/\/www.krkgida.com\/index.php?rest_route=\/wp\/v2\/media\/30979"}],"wp:attachment":[{"href":"https:\/\/www.krkgida.com\/index.php?rest_route=%2Fwp%2Fv2%2Fmedia&parent=30978"}],"wp:term":[{"taxonomy":"product_brand","embeddable":true,"href":"https:\/\/www.krkgida.com\/index.php?rest_route=%2Fwp%2Fv2%2Fproduct_brand&post=30978"},{"taxonomy":"product_cat","embeddable":true,"href":"https:\/\/www.krkgida.com\/index.php?rest_route=%2Fwp%2Fv2%2Fproduct_cat&post=30978"},{"taxonomy":"product_tag","embeddable":true,"href":"https:\/\/www.krkgida.com\/index.php?rest_route=%2Fwp%2Fv2%2Fproduct_tag&post=30978"}],"curies":[{"name":"wp","href":"https:\/\/api.w.org\/{rel}","templated":true}]}}