{"id":30961,"date":"2025-09-01T05:32:14","date_gmt":"2025-09-01T05:32:14","guid":{"rendered":"https:\/\/www.krkgida.com\/?post_type=product&#038;p=30961"},"modified":"2025-09-01T05:32:14","modified_gmt":"2025-09-01T05:32:14","slug":"20cc-aroma-urun-listesi","status":"publish","type":"product","link":"https:\/\/www.krkgida.com\/?product=20cc-aroma-urun-listesi","title":{"rendered":"20CC AROMA \u00dcR\u00dcN L\u0130STES\u0130"},"content":{"rendered":"","protected":false},"excerpt":{"rendered":"","protected":false},"featured_media":30962,"comment_status":"open","ping_status":"closed","template":"","meta":[],"product_brand":[],"product_cat":[255,268],"product_tag":[],"class_list":{"0":"post-30961","1":"product","2":"type-product","3":"status-publish","4":"has-post-thumbnail","6":"product_cat-aromalar","7":"product_cat-20cc-aroma","9":"first","10":"instock","11":"shipping-taxable","12":"product-type-simple"},"_links":{"self":[{"href":"https:\/\/www.krkgida.com\/index.php?rest_route=\/wp\/v2\/product\/30961","targetHints":{"allow":["GET"]}}],"collection":[{"href":"https:\/\/www.krkgida.com\/index.php?rest_route=\/wp\/v2\/product"}],"about":[{"href":"https:\/\/www.krkgida.com\/index.php?rest_route=\/wp\/v2\/types\/product"}],"replies":[{"embeddable":true,"href":"https:\/\/www.krkgida.com\/index.php?rest_route=%2Fwp%2Fv2%2Fcomments&post=30961"}],"version-history":[{"count":1,"href":"https:\/\/www.krkgida.com\/index.php?rest_route=\/wp\/v2\/product\/30961\/revisions"}],"predecessor-version":[{"id":30963,"href":"https:\/\/www.krkgida.com\/index.php?rest_route=\/wp\/v2\/product\/30961\/revisions\/30963"}],"wp:featuredmedia":[{"embeddable":true,"href":"https:\/\/www.krkgida.com\/index.php?rest_route=\/wp\/v2\/media\/30962"}],"wp:attachment":[{"href":"https:\/\/www.krkgida.com\/index.php?rest_route=%2Fwp%2Fv2%2Fmedia&parent=30961"}],"wp:term":[{"taxonomy":"product_brand","embeddable":true,"href":"https:\/\/www.krkgida.com\/index.php?rest_route=%2Fwp%2Fv2%2Fproduct_brand&post=30961"},{"taxonomy":"product_cat","embeddable":true,"href":"https:\/\/www.krkgida.com\/index.php?rest_route=%2Fwp%2Fv2%2Fproduct_cat&post=30961"},{"taxonomy":"product_tag","embeddable":true,"href":"https:\/\/www.krkgida.com\/index.php?rest_route=%2Fwp%2Fv2%2Fproduct_tag&post=30961"}],"curies":[{"name":"wp","href":"https:\/\/api.w.org\/{rel}","templated":true}]}}