{"id":30753,"date":"2025-08-22T07:42:38","date_gmt":"2025-08-22T07:42:38","guid":{"rendered":"https:\/\/www.krkgida.com\/?post_type=product&#038;p=30753"},"modified":"2025-08-22T07:46:59","modified_gmt":"2025-08-22T07:46:59","slug":"krk-gida-zeytin-yagli-kudret-nari","status":"publish","type":"product","link":"https:\/\/www.krkgida.com\/?product=krk-gida-zeytin-yagli-kudret-nari","title":{"rendered":"KRK GIDA ZEYT\u0130N YA\u011eLI KUDRET NARI"},"content":{"rendered":"\t\t<div data-elementor-type=\"product-post\" data-elementor-id=\"30753\" class=\"elementor elementor-30753\" data-elementor-post-type=\"product\">\n\t\t\t\t<div class=\"wd-negative-gap elementor-element elementor-element-3cc10761 e-flex e-con-boxed e-con e-parent\" data-id=\"3cc10761\" data-element_type=\"container\">\n\t\t\t\t\t<div class=\"e-con-inner\">\n\t\t\t\t<div class=\"elementor-element elementor-element-2366bf61 color-scheme-inherit text-left elementor-widget elementor-widget-text-editor\" data-id=\"2366bf61\" data-element_type=\"widget\" data-widget_type=\"text-editor.default\">\n\t\t\t\t<div class=\"elementor-widget-container\">\n\t\t\t\t\t\t\t\t\t<p><strong>KRK GIDA ZEYT\u0130N YA\u011eLI KUDRET NARI<\/strong><\/p><p><strong>\u0130\u00e7indekiler:<\/strong><br \/>Zeytinya\u011f\u0131, Kudret Nar\u0131. Eser miktarda yemeklik bitkisel ya\u011f i\u00e7erebilir.<\/p><p><strong>Kullan\u0131m: \u00a0\u00a0\u00a0\u00a0\u00a0 <\/strong><br \/><strong>1.<\/strong> Yemeklerden yar\u0131m saat \u00f6nce 1 tatl\u0131 ka\u015f\u0131\u011f\u0131 kullan\u0131lmas\u0131 uygundur.<br \/><strong>2<\/strong>.Ya\u011f\u0131 eksildi\u011finde kudret nar\u0131 meyvesi ya\u011f\u0131n i\u00e7inde kalacak \u015fekilde \u00fcst\u00fcne zeytin ya\u011f\u0131 takviye edilebilir.<\/p><p><strong>Muhafaza Ko\u015fullar\u0131:<\/strong><br \/>Serin, kuru ve \u0131\u015f\u0131ktan uzak ortamda a\u011fz\u0131 kapal\u0131 olarak muhafaza ediniz.<br \/>\u00c7ocuklar\u0131n ula\u015famayaca\u011f\u0131 yerlerde saklay\u0131n\u0131z.<br \/>Emniyet etiketi y\u0131rt\u0131lm\u0131\u015f ve a\u00e7\u0131lm\u0131\u015f \u00fcr\u00fcnleri sat\u0131n almay\u0131n\u0131z.<\/p><p><strong>Enerji ve Besin \u00d6\u011feleri (100g i\u00e7in):<\/strong><br \/>Enerji (Energy Value): 396 kcal\/100g<br \/>Ya\u011f (Fat Content): %42,17<br \/>Doymu\u015f Ya\u011f (Saturated Fatty Acids): 6,29 g\/100g<br \/>Doymam\u0131\u015f Ya\u011f (Unsaturated Fatty Acids): 35,88 g\/100g<br \/>Tekli Doymam\u0131\u015f Ya\u011f (Monounsaturated Fatty Acids): 30,84 g\/100g<br \/>\u00c7oklu Doymam\u0131\u015f Ya\u011f (Polyunsaturated Fatty Acids): 5,04 g\/100g<br \/>Trans Ya\u011f Asitleri (Trans Fatty Acids): 0,13 g\/100g<br \/>Karbonhidrat (Carbohydrates): 2,02 g\/100g<br \/>Toplam \u015eeker (Total Sugars as Saccharose): 0 g\/100g<br \/>Diyet Lifi (Dietary Fiber): 2,10 g\/100g<br \/>Protein: 1,15 g\/100g<br \/>Tuz (Salt Content): 0 g\/100g<\/p><p><strong>Men\u015fei:<\/strong> T\u00fcrkiye<br \/><strong>Net Miktar:<\/strong> 300 g<br \/><strong>Yerli \u00dcretim<\/strong><\/p>\t\t\t\t\t\t\t\t<\/div>\n\t\t\t\t<\/div>\n\t\t\t\t\t<\/div>\n\t\t\t\t<\/div>\n\t\t\t\t<\/div>\n\t\t","protected":false},"excerpt":{"rendered":"<p><strong>KRK GIDA ZEYT\u0130N YA\u011eLI KUDRET NARI<br \/>\n<\/strong><\/p>\n","protected":false},"featured_media":30754,"comment_status":"open","ping_status":"closed","template":"","meta":[],"product_brand":[],"product_cat":[253],"product_tag":[],"class_list":{"0":"post-30753","1":"product","2":"type-product","3":"status-publish","4":"has-post-thumbnail","6":"product_cat-macunlar","8":"first","9":"instock","10":"shipping-taxable","11":"product-type-simple"},"_links":{"self":[{"href":"https:\/\/www.krkgida.com\/index.php?rest_route=\/wp\/v2\/product\/30753","targetHints":{"allow":["GET"]}}],"collection":[{"href":"https:\/\/www.krkgida.com\/index.php?rest_route=\/wp\/v2\/product"}],"about":[{"href":"https:\/\/www.krkgida.com\/index.php?rest_route=\/wp\/v2\/types\/product"}],"replies":[{"embeddable":true,"href":"https:\/\/www.krkgida.com\/index.php?rest_route=%2Fwp%2Fv2%2Fcomments&post=30753"}],"version-history":[{"count":4,"href":"https:\/\/www.krkgida.com\/index.php?rest_route=\/wp\/v2\/product\/30753\/revisions"}],"predecessor-version":[{"id":30801,"href":"https:\/\/www.krkgida.com\/index.php?rest_route=\/wp\/v2\/product\/30753\/revisions\/30801"}],"wp:featuredmedia":[{"embeddable":true,"href":"https:\/\/www.krkgida.com\/index.php?rest_route=\/wp\/v2\/media\/30754"}],"wp:attachment":[{"href":"https:\/\/www.krkgida.com\/index.php?rest_route=%2Fwp%2Fv2%2Fmedia&parent=30753"}],"wp:term":[{"taxonomy":"product_brand","embeddable":true,"href":"https:\/\/www.krkgida.com\/index.php?rest_route=%2Fwp%2Fv2%2Fproduct_brand&post=30753"},{"taxonomy":"product_cat","embeddable":true,"href":"https:\/\/www.krkgida.com\/index.php?rest_route=%2Fwp%2Fv2%2Fproduct_cat&post=30753"},{"taxonomy":"product_tag","embeddable":true,"href":"https:\/\/www.krkgida.com\/index.php?rest_route=%2Fwp%2Fv2%2Fproduct_tag&post=30753"}],"curies":[{"name":"wp","href":"https:\/\/api.w.org\/{rel}","templated":true}]}}