{"id":30729,"date":"2025-08-22T07:39:44","date_gmt":"2025-08-22T07:39:44","guid":{"rendered":"https:\/\/www.krkgida.com\/?post_type=product&#038;p=30729"},"modified":"2025-08-22T07:46:40","modified_gmt":"2025-08-22T07:46:40","slug":"krk-gida-lanfan-macunu","status":"publish","type":"product","link":"https:\/\/www.krkgida.com\/?product=krk-gida-lanfan-macunu","title":{"rendered":"KRK GIDA LANFAN MACUNU"},"content":{"rendered":"\t\t<div data-elementor-type=\"product-post\" data-elementor-id=\"30729\" class=\"elementor elementor-30729\" data-elementor-post-type=\"product\">\n\t\t\t\t<div class=\"wd-negative-gap elementor-element elementor-element-1db9e3ee e-flex e-con-boxed e-con e-parent\" data-id=\"1db9e3ee\" data-element_type=\"container\">\n\t\t\t\t\t<div class=\"e-con-inner\">\n\t\t\t\t<div class=\"elementor-element elementor-element-53155183 color-scheme-inherit text-left elementor-widget elementor-widget-text-editor\" data-id=\"53155183\" data-element_type=\"widget\" data-widget_type=\"text-editor.default\">\n\t\t\t\t<div class=\"elementor-widget-container\">\n\t\t\t\t\t\t\t\t\t<p><strong>KRK GIDA LANFAN MACUNU<\/strong><\/p><p><strong>\u0130\u00e7indekiler:<\/strong><br \/>\u00c7am Bal\u0131 (%10), Anason (Pimpinella Anisum), Ku\u015fburnu (Rosa Canina), Meyan K\u00f6k\u00fc (Glycyrrhiza Glabra), Rezene (Foeniculum Vulgare), Susam (Sesamum orientale), Kimyon (Cuminum Cyminum), Nane (Mentha Piperita), Havl\u0131can (Alpinia Officinarum), \u00c7\u00f6rekotu (Nigella Sativa), And\u0131z Rizomu (Inula Helenium rhizome), Karanfil (Eugenia Caryophyllata), Ki\u015fni\u015f (Coriandrum Sativum), Is\u0131rgan Tohumu (Urtica Sp.), Ada \u00c7ay\u0131 (Salvia Triloba), Kekik (Thymus Sp.), Biberiye (Rosmarinus Officinalis), Tar\u00e7\u0131n (Cinnamomum Sp.), Servi Kozala\u011f\u0131 (Cupressus Sempervirens), Civan Per\u00e7emi \u00c7i\u00e7e\u011fi (Achillea Millefolium), Havu\u00e7 Tohumu (Daucus Carota), Atkuyru\u011fu (K\u0131rkkilitotu) (Equisetum Arvense), Turp Tohumu (Raphanus Sativus), Portakal U\u00e7ucu Ya\u011f\u0131, Pekmez, \u015eeker, Glikoz \u015eurubu, Su, Sodyum Benzoat E211, Sitrik Asit E330.<\/p><p><strong>Kullan\u0131m: \u00a0\u00a0\u00a0\u00a0\u00a0 <\/strong><br \/><strong>1.<\/strong> Direkt olarak yenebilir<br \/><strong>2.<\/strong>Ekmek \u00fczerine s\u00fcr\u00fclerek t\u00fcketilebilir.<br \/><strong>3.<\/strong>So\u011fuk veya s\u0131cak suya ka\u015f\u0131kla kar\u0131\u015ft\u0131r\u0131larak, so\u011fuk ve s\u0131cak \u00e7ay gibi t\u00fcketilebilir.<\/p><p><strong>Muhafaza Ko\u015fullar\u0131:<\/strong><br \/>Serin, kuru ve \u0131\u015f\u0131ktan uzak ortamda a\u011fz\u0131 kapal\u0131 olarak muhafaza ediniz.<\/p><p><strong>Enerji ve Besin \u00d6\u011feleri (100g i\u00e7in):<\/strong><br \/>Enerji (Energy Value): 328 kcal\/100g<br \/>Ya\u011f (Fat Content): %0,51<br \/>Doymu\u015f Ya\u011f (Saturated Fatty Acids): 0,07 g\/100g<br \/>Doymam\u0131\u015f Ya\u011f (Unsaturated Fatty Acids): 0,44 g\/100g<br \/>Tekli Doymam\u0131\u015f Ya\u011f (Monounsaturated Fatty Acids): 0,22 g\/100g<br \/>\u00c7oklu Doymam\u0131\u015f Ya\u011f (Polyunsaturated Fatty Acids): 0,21 g\/100g<br \/>Trans Ya\u011f Asitleri (Trans Fatty Acids): 0 g\/100g<br \/>Karbonhidrat (Carbohydrates): 77,35 g\/100g<br \/>Toplam \u015eeker (Total Sugars as Saccharose): 48,51 g\/100g<br \/>Diyet Lifi (Dietary Fiber): 2,65 g\/100g<br \/>Protein: 2,09 g\/100g<br \/>Tuz (Salt Content): 0 g\/100g<\/p><p><strong>Alerjen Bilgisi:<\/strong><br \/>Susam i\u00e7erir. F\u0131nd\u0131k, kabuklu yemi\u015fler, gluten i\u00e7eren tah\u0131llar, kereviz, ac\u0131bakla, hardal \u00fcretilen hatlarda \u00fcretilmi\u015ftir.<br \/>Bu \u00fcr\u00fcnlerden eser miktarda i\u00e7erebilir.<\/p><p><strong>Men\u015fei:<\/strong> T\u00fcrkiye<br \/><strong>Net Miktar:<\/strong> 400 g<br \/><strong>Yerli \u00dcretim<\/strong><\/p>\t\t\t\t\t\t\t\t<\/div>\n\t\t\t\t<\/div>\n\t\t\t\t\t<\/div>\n\t\t\t\t<\/div>\n\t\t\t\t<\/div>\n\t\t","protected":false},"excerpt":{"rendered":"<p><strong>KRK GIDA LANFAN MACUNU<\/strong><\/p>\n","protected":false},"featured_media":30730,"comment_status":"open","ping_status":"closed","template":"","meta":[],"product_brand":[],"product_cat":[253],"product_tag":[],"class_list":{"0":"post-30729","1":"product","2":"type-product","3":"status-publish","4":"has-post-thumbnail","6":"product_cat-macunlar","8":"first","9":"instock","10":"shipping-taxable","11":"product-type-simple"},"_links":{"self":[{"href":"https:\/\/www.krkgida.com\/index.php?rest_route=\/wp\/v2\/product\/30729","targetHints":{"allow":["GET"]}}],"collection":[{"href":"https:\/\/www.krkgida.com\/index.php?rest_route=\/wp\/v2\/product"}],"about":[{"href":"https:\/\/www.krkgida.com\/index.php?rest_route=\/wp\/v2\/types\/product"}],"replies":[{"embeddable":true,"href":"https:\/\/www.krkgida.com\/index.php?rest_route=%2Fwp%2Fv2%2Fcomments&post=30729"}],"version-history":[{"count":7,"href":"https:\/\/www.krkgida.com\/index.php?rest_route=\/wp\/v2\/product\/30729\/revisions"}],"predecessor-version":[{"id":30795,"href":"https:\/\/www.krkgida.com\/index.php?rest_route=\/wp\/v2\/product\/30729\/revisions\/30795"}],"wp:featuredmedia":[{"embeddable":true,"href":"https:\/\/www.krkgida.com\/index.php?rest_route=\/wp\/v2\/media\/30730"}],"wp:attachment":[{"href":"https:\/\/www.krkgida.com\/index.php?rest_route=%2Fwp%2Fv2%2Fmedia&parent=30729"}],"wp:term":[{"taxonomy":"product_brand","embeddable":true,"href":"https:\/\/www.krkgida.com\/index.php?rest_route=%2Fwp%2Fv2%2Fproduct_brand&post=30729"},{"taxonomy":"product_cat","embeddable":true,"href":"https:\/\/www.krkgida.com\/index.php?rest_route=%2Fwp%2Fv2%2Fproduct_cat&post=30729"},{"taxonomy":"product_tag","embeddable":true,"href":"https:\/\/www.krkgida.com\/index.php?rest_route=%2Fwp%2Fv2%2Fproduct_tag&post=30729"}],"curies":[{"name":"wp","href":"https:\/\/api.w.org\/{rel}","templated":true}]}}