{"id":30727,"date":"2025-08-22T07:40:10","date_gmt":"2025-08-22T07:40:10","guid":{"rendered":"https:\/\/www.krkgida.com\/?post_type=product&#038;p=30727"},"modified":"2025-08-22T07:46:58","modified_gmt":"2025-08-22T07:46:58","slug":"krk-gida-sehzade-macunu","status":"publish","type":"product","link":"https:\/\/www.krkgida.com\/?product=krk-gida-sehzade-macunu","title":{"rendered":"KRK GIDA \u015eEHZADE MACUNU"},"content":{"rendered":"\t\t<div data-elementor-type=\"product-post\" data-elementor-id=\"30727\" class=\"elementor elementor-30727\" data-elementor-post-type=\"product\">\n\t\t\t\t<div class=\"wd-negative-gap elementor-element elementor-element-6e7b463c e-flex e-con-boxed e-con e-parent\" data-id=\"6e7b463c\" data-element_type=\"container\">\n\t\t\t\t\t<div class=\"e-con-inner\">\n\t\t\t\t<div class=\"elementor-element elementor-element-446e96e4 color-scheme-inherit text-left elementor-widget elementor-widget-text-editor\" data-id=\"446e96e4\" data-element_type=\"widget\" data-widget_type=\"text-editor.default\">\n\t\t\t\t<div class=\"elementor-widget-container\">\n\t\t\t\t\t\t\t\t\t<p><strong>KRK GIDA \u015eEHZADE MACUNU<\/strong><\/p><p><strong>\u0130\u00e7indekiler:<\/strong><br \/>\u00c7am Bal\u0131 (%10), Havl\u0131can (Alpinia Officinarum), Ki\u015fni\u015f (Coriandrum Sativum), Zerde\u00e7al (Curcuma Longa), \u00c7\u00f6rekotu (Nigella Sativa), Nane (Mentha Piperita), Anason (Pimpinella Anisum), Civan Per\u00e7emi \u00c7i\u00e7e\u011fi (Achillea Millefolium), Atkuyru\u011fu (K\u0131rkkilitotu) (Equisetum Arvense), Ayr\u0131kotu (Agropyron Repens), M\u0131s\u0131r P\u00fcsk\u00fcl\u00fc (Zea Mays), Ard\u0131\u00e7 Tohumu (Juniperus Oxycedrus), Alt\u0131notu (Helichrysum Sp.), Kereviz Tohumu (Apium Graveolens), \u00dczerlik Tohumu (Peganum Harmala), Rezene (Foeniculum Vulgare), Ku\u015fburnu (Rosa Canina), Havu\u00e7 Tohumu (Daucus Carota), Lahana Tohumu (Brassica Oleracea Alt T\u00fcr Ve Varyeteleri), Fesle\u011fen (Ocimum Basilicum), Servi Kozala\u011f\u0131 (Cupressus Sempervirens), Tar\u00e7\u0131n (Cinnamomum Sp.), Karanfil (Eugenia Caryophyllata), Ak G\u00fcnl\u00fck (Boswellia Carterii), Turp Tohumu (Raphanus Sativus), Is\u0131rgan Tohumu (Urtica Sp.), Ada\u00e7ay\u0131 Yaprak (Salvia Triloba), Kekik (Thymus Sp.), Biberiye (Rosmarinus Officinalis), Sar\u0131 Kantaron (Hypericum Perforatum), B\u00f6\u011f\u00fcrtlen Yaprak (Rubus Fruticosus), F\u0131nd\u0131k (Corylus Avellana), Ceviz (Juglans Regia), Yerf\u0131st\u0131\u011f\u0131, Antep F\u0131st\u0131\u011f\u0131 (Pistacia Vera), \u00c7am F\u0131st\u0131\u011f\u0131, Portakal U\u00e7ucu Ya\u011f\u0131, Sodyum Benzoat E 211, Sitrik Asit E 330, Pekmez, \u015eeker, Glikoz \u015eurubu, Su.<\/p><p><strong>Kullan\u0131m: \u00a0\u00a0\u00a0\u00a0\u00a0 <\/strong><br \/><strong>1.<\/strong> Direkt olarak yenebilir<br \/><strong>2.<\/strong>Ekmek \u00fczerine s\u00fcr\u00fclerek t\u00fcketilebilir.<br \/><strong>3.<\/strong>So\u011fuk veya s\u0131cak suya ka\u015f\u0131kla kar\u0131\u015ft\u0131r\u0131larak, so\u011fuk ve s\u0131cak \u00e7ay gibi t\u00fcketilebilir.<\/p><p><strong>Muhafaza Ko\u015fullar\u0131:<\/strong><br \/>Serin, kuru ve \u0131\u015f\u0131ktan uzak ortamda a\u011fz\u0131 kapal\u0131 olarak muhafaza ediniz.<\/p><p><strong>Enerji ve Besin \u00d6\u011feleri (100g i\u00e7in):<\/strong><br \/>Enerji (Energy Value): 330 kcal\/100g<br \/>Ya\u011f (Fat Content): %1,24<br \/>Doymu\u015f Ya\u011f (Saturated Fatty Acids): 0,16 g\/100g<br \/>Doymam\u0131\u015f Ya\u011f (Unsaturated Fatty Acids): 1,08 g\/100g<br \/>Tekli Doymam\u0131\u015f Ya\u011f (Monounsaturated Fatty Acids): 0,72 g\/100g<br \/>\u00c7oklu Doymam\u0131\u015f Ya\u011f (Polyunsaturated Fatty Acids): 0,37 g\/100g<br \/>Trans Ya\u011f Asitleri (Trans Fatty Acids): 0 g\/100g<br \/>Karbonhidrat (Carbohydrates): 78,49 g\/100g<br \/>Toplam \u015eeker (Total Sugars as Saccharose): 46,90 g\/100g<br \/>Diyet Lifi (Dietary Fiber): 0,92 g\/100g<br \/>Protein: 0,69 g\/100g<br \/>Tuz (Salt Content): 0 g\/100g<\/p><p><strong>Alerjen Bilgisi:<\/strong><br \/>Susam, Kereviz Tohumu, F\u0131nd\u0131k, Ceviz, Yerf\u0131st\u0131\u011f\u0131, Antep F\u0131st\u0131\u011f\u0131, \u00c7am F\u0131st\u0131\u011f\u0131 i\u00e7erir.<br \/>Gluten \u0130\u00e7eren Tah\u0131llar, Ac\u0131bakla, Hardal \u00fcretilen hatta \u00fcretilmi\u015ftir.<br \/>Bu \u00fcr\u00fcnlerden eser miktarda i\u00e7erebilir.<\/p>\t\t\t\t\t\t\t\t<\/div>\n\t\t\t\t<\/div>\n\t\t\t\t\t<\/div>\n\t\t\t\t<\/div>\n\t\t\t\t<\/div>\n\t\t","protected":false},"excerpt":{"rendered":"<p><strong>KRK GIDA \u015eEHZADE MACUNU<\/strong><\/p>\n","protected":false},"featured_media":30731,"comment_status":"open","ping_status":"closed","template":"","meta":[],"product_brand":[],"product_cat":[253],"product_tag":[],"class_list":{"0":"post-30727","1":"product","2":"type-product","3":"status-publish","4":"has-post-thumbnail","6":"product_cat-macunlar","8":"first","9":"instock","10":"shipping-taxable","11":"product-type-simple"},"_links":{"self":[{"href":"https:\/\/www.krkgida.com\/index.php?rest_route=\/wp\/v2\/product\/30727","targetHints":{"allow":["GET"]}}],"collection":[{"href":"https:\/\/www.krkgida.com\/index.php?rest_route=\/wp\/v2\/product"}],"about":[{"href":"https:\/\/www.krkgida.com\/index.php?rest_route=\/wp\/v2\/types\/product"}],"replies":[{"embeddable":true,"href":"https:\/\/www.krkgida.com\/index.php?rest_route=%2Fwp%2Fv2%2Fcomments&post=30727"}],"version-history":[{"count":7,"href":"https:\/\/www.krkgida.com\/index.php?rest_route=\/wp\/v2\/product\/30727\/revisions"}],"predecessor-version":[{"id":30798,"href":"https:\/\/www.krkgida.com\/index.php?rest_route=\/wp\/v2\/product\/30727\/revisions\/30798"}],"wp:featuredmedia":[{"embeddable":true,"href":"https:\/\/www.krkgida.com\/index.php?rest_route=\/wp\/v2\/media\/30731"}],"wp:attachment":[{"href":"https:\/\/www.krkgida.com\/index.php?rest_route=%2Fwp%2Fv2%2Fmedia&parent=30727"}],"wp:term":[{"taxonomy":"product_brand","embeddable":true,"href":"https:\/\/www.krkgida.com\/index.php?rest_route=%2Fwp%2Fv2%2Fproduct_brand&post=30727"},{"taxonomy":"product_cat","embeddable":true,"href":"https:\/\/www.krkgida.com\/index.php?rest_route=%2Fwp%2Fv2%2Fproduct_cat&post=30727"},{"taxonomy":"product_tag","embeddable":true,"href":"https:\/\/www.krkgida.com\/index.php?rest_route=%2Fwp%2Fv2%2Fproduct_tag&post=30727"}],"curies":[{"name":"wp","href":"https:\/\/api.w.org\/{rel}","templated":true}]}}