{"id":30712,"date":"2025-08-22T07:35:19","date_gmt":"2025-08-22T07:35:19","guid":{"rendered":"https:\/\/www.krkgida.com\/?post_type=product&#038;p=30712"},"modified":"2025-08-22T07:46:33","modified_gmt":"2025-08-22T07:46:33","slug":"krk-gida-susen-kudret-nari-macunu","status":"publish","type":"product","link":"https:\/\/www.krkgida.com\/?product=krk-gida-susen-kudret-nari-macunu","title":{"rendered":"KRK GIDA S\u00dcSEN KUDRET NARI MACUNU"},"content":{"rendered":"\t\t<div data-elementor-type=\"product-post\" data-elementor-id=\"30712\" class=\"elementor elementor-30712\" data-elementor-post-type=\"product\">\n\t\t\t\t<div class=\"wd-negative-gap elementor-element elementor-element-42d6535a e-flex e-con-boxed e-con e-parent\" data-id=\"42d6535a\" data-element_type=\"container\">\n\t\t\t\t\t<div class=\"e-con-inner\">\n\t\t\t\t<div class=\"elementor-element elementor-element-ac59661 color-scheme-inherit text-left elementor-widget elementor-widget-text-editor\" data-id=\"ac59661\" data-element_type=\"widget\" data-widget_type=\"text-editor.default\">\n\t\t\t\t<div class=\"elementor-widget-container\">\n\t\t\t\t\t\t\t\t\t<p><strong>KRK GIDA S\u00dcSEN KUDRET NARI MACUNU<\/strong><\/p><p><strong>\u0130\u00e7indekiler:<\/strong><br \/>\u00c7am Bal\u0131 (%10), Kudret Nar\u0131 (Momordica charantia), Susam (Sesamum orientale), Anason (Pimpinella Anisum), Kimyon (Cuminum Cyminum), Ki\u015fni\u015f (Coriandrum Sativum), Rezene (Foeniculum Vulgare), O\u011ful Otu (Melissa Officinalis), Nane (Mentha Piperita), Ihlamur \u00c7i\u00e7e\u011fi (Tilia Sp.), Fesle\u011fen (Ocimum Basilicum), Hatmi \u00c7i\u00e7e\u011fi (Althea Officinalis), Civan Per\u00e7emi \u00c7i\u00e7e\u011fi (Achillea Millefolium), May\u0131s Papatyas\u0131 (Matricaria Recutita), Kediotu K\u00f6k\u00fc (Matricaria Recutita), Meyan K\u00f6k\u00fc (Glycyrrhiza Glabra), Ada\u00e7ay\u0131 Yaprak (Salvia Triloba), Lavanta \u00c7i\u00e7e\u011fi (Lavandula Angustifolia Miller), \u015eerbet\u00e7iotu (Humulus Lupulus), Kekik (Thymus Sp.), Is\u0131rgan Tohumu (Urtica Sp.), Sinirli Ot (Plantago Lanceolata), Keten Tohumu (Linum Usitatissimum), Mercank\u00f6\u015fk (Origanum Majorana), Atkuyru\u011fu (K\u0131rkkilitotu) (Equisetum Arvense), Ceviz Yapra\u011f\u0131 (Juglans Regia), Sar\u0131 Kantaron (Hypericum Perforatum), Biberiye (Rosmarinus Officinalis), Ayn\u0131safa \u00c7i\u00e7e\u011fi (Calendula Officinalis), And\u0131z Rizomu (Inula Helenium Rhizome), Ak G\u00fcnl\u00fck (Boswellia Carterii), Pelinotu (Artemisia Absinthium), Polen, Nane U\u00e7ucu Ya\u011f\u0131, Pekmez, \u015eeker, Glikoz \u015eurubu, Su, Sodyum Benzoat E 211, Sitrik Asit E 330.<\/p><p><strong>Kullan\u0131m: \u00a0\u00a0\u00a0\u00a0\u00a0 <\/strong><br \/><strong>1.<\/strong> Direkt olarak yenebilir<br \/><strong>2.<\/strong>Ekmek \u00fczerine s\u00fcr\u00fclerek t\u00fcketilebilir.<br \/><strong>3.<\/strong>So\u011fuk veya s\u0131cak suya ka\u015f\u0131kla kar\u0131\u015ft\u0131r\u0131larak, so\u011fuk ve s\u0131cak \u00e7ay gibi t\u00fcketilebilir.<\/p><p><strong>Muhafaza Ko\u015fullar\u0131:<\/strong><br \/>Serin, kuru ve \u0131\u015f\u0131ktan uzak ortamda a\u011fz\u0131 kapal\u0131 olarak muhafaza ediniz.<\/p><p><strong>Enerji ve Besin \u00d6\u011feleri (100g i\u00e7in):<\/strong><br \/>Enerji (Energy Value): 321 kcal\/100g<br \/>Ya\u011f (Fat Content): %0,86<br \/>Doymu\u015f Ya\u011f (Saturated Fatty Acids): 0,12 g\/100g<br \/>Doymam\u0131\u015f Ya\u011f (Unsaturated Fatty Acids): 0,74 g\/100g<br \/>Tekli Doymam\u0131\u015f Ya\u011f (Monounsaturated Fatty Acids): 0,37 g\/100g<br \/>\u00c7oklu Doymam\u0131\u015f Ya\u011f (Polyunsaturated Fatty Acids): 0,36 g\/100g<br \/>Trans Ya\u011f Asitleri (Trans Fatty Acids): 0 g\/100g<br \/>Karbonhidrat (Carbohydrates): 74,94 g\/100g<br \/>Toplam \u015eeker (Total Sugars as Saccharose): 41,59 g\/100g<br \/>Diyet Lifi (Dietary Fiber): 2,04 g\/100g<br \/>Protein: 2,24 g\/100g<br \/>Tuz (Salt Content): 0 g\/100g<\/p><p><strong>Alerjen Bilgisi:<\/strong><br \/>Susam i\u00e7erir. F\u0131nd\u0131k, Kabuklu Yemi\u015fler, Gluten \u0130\u00e7eren Tah\u0131llar, Kereviz, Ac\u0131bakla, Hardal \u00fcretilen hatta \u00fcretilmi\u015ftir. Bu \u00fcr\u00fcnlerden eser miktarda i\u00e7erebilir.<\/p><p><strong>Men\u015fei:<\/strong> T\u00fcrkiye<br \/><strong>Net Miktar:<\/strong> 230 g<br \/><strong>Yerli \u00dcretim<\/strong><\/p>\t\t\t\t\t\t\t\t<\/div>\n\t\t\t\t<\/div>\n\t\t\t\t\t<\/div>\n\t\t\t\t<\/div>\n\t\t\t\t<\/div>\n\t\t","protected":false},"excerpt":{"rendered":"<p><strong>KRK GIDA S\u00dcSEN KUDRET NARI MACUNU<\/strong><\/p>\n","protected":false},"featured_media":30714,"comment_status":"open","ping_status":"closed","template":"","meta":[],"product_brand":[],"product_cat":[253],"product_tag":[],"class_list":{"0":"post-30712","1":"product","2":"type-product","3":"status-publish","4":"has-post-thumbnail","6":"product_cat-macunlar","8":"first","9":"instock","10":"shipping-taxable","11":"product-type-simple"},"_links":{"self":[{"href":"https:\/\/www.krkgida.com\/index.php?rest_route=\/wp\/v2\/product\/30712","targetHints":{"allow":["GET"]}}],"collection":[{"href":"https:\/\/www.krkgida.com\/index.php?rest_route=\/wp\/v2\/product"}],"about":[{"href":"https:\/\/www.krkgida.com\/index.php?rest_route=\/wp\/v2\/types\/product"}],"replies":[{"embeddable":true,"href":"https:\/\/www.krkgida.com\/index.php?rest_route=%2Fwp%2Fv2%2Fcomments&post=30712"}],"version-history":[{"count":4,"href":"https:\/\/www.krkgida.com\/index.php?rest_route=\/wp\/v2\/product\/30712\/revisions"}],"predecessor-version":[{"id":30792,"href":"https:\/\/www.krkgida.com\/index.php?rest_route=\/wp\/v2\/product\/30712\/revisions\/30792"}],"wp:featuredmedia":[{"embeddable":true,"href":"https:\/\/www.krkgida.com\/index.php?rest_route=\/wp\/v2\/media\/30714"}],"wp:attachment":[{"href":"https:\/\/www.krkgida.com\/index.php?rest_route=%2Fwp%2Fv2%2Fmedia&parent=30712"}],"wp:term":[{"taxonomy":"product_brand","embeddable":true,"href":"https:\/\/www.krkgida.com\/index.php?rest_route=%2Fwp%2Fv2%2Fproduct_brand&post=30712"},{"taxonomy":"product_cat","embeddable":true,"href":"https:\/\/www.krkgida.com\/index.php?rest_route=%2Fwp%2Fv2%2Fproduct_cat&post=30712"},{"taxonomy":"product_tag","embeddable":true,"href":"https:\/\/www.krkgida.com\/index.php?rest_route=%2Fwp%2Fv2%2Fproduct_tag&post=30712"}],"curies":[{"name":"wp","href":"https:\/\/api.w.org\/{rel}","templated":true}]}}