{"id":30692,"date":"2025-08-22T07:29:03","date_gmt":"2025-08-22T07:29:03","guid":{"rendered":"https:\/\/www.krkgida.com\/?post_type=product&#038;p=30692"},"modified":"2025-08-22T07:46:16","modified_gmt":"2025-08-22T07:46:16","slug":"krk-gida-sitare-macunu","status":"publish","type":"product","link":"https:\/\/www.krkgida.com\/?product=krk-gida-sitare-macunu","title":{"rendered":"KRK GIDA S\u0130TARE MACUNU"},"content":{"rendered":"\t\t<div data-elementor-type=\"product-post\" data-elementor-id=\"30692\" class=\"elementor elementor-30692\" data-elementor-post-type=\"product\">\n\t\t\t\t<div class=\"wd-negative-gap elementor-element elementor-element-49d065ea e-flex e-con-boxed e-con e-parent\" data-id=\"49d065ea\" data-element_type=\"container\">\n\t\t\t\t\t<div class=\"e-con-inner\">\n\t\t\t\t<div class=\"elementor-element elementor-element-5645d2d8 color-scheme-inherit text-left elementor-widget elementor-widget-text-editor\" data-id=\"5645d2d8\" data-element_type=\"widget\" data-widget_type=\"text-editor.default\">\n\t\t\t\t<div class=\"elementor-widget-container\">\n\t\t\t\t\t\t\t\t\t<p><strong>KRK GIDA S\u0130TARE MACUNU<\/strong><\/p><p><strong>\u0130\u00e7indekiler:<\/strong><br \/>\u00c7am Bal\u0131 (%10), Ceviz (Juglans Regia), Yerf\u0131st\u0131\u011f\u0131, Polen, F\u0131nd\u0131k (Corylus Avellana), \u00c7am F\u0131st\u0131\u011f\u0131, Antep F\u0131st\u0131\u011f\u0131 (Pistacia Vera), Vanilya Meyve (Vanilla Fragrans Ames), Tar\u00e7\u0131n (Cinnamomum Sp.), Karanfil (Eugenia Caryophyllata), Biberiye (Rosmarinus Officinalis), Safran (Crocus Sativus), Ada\u00e7ay\u0131 Yaprak (Salvia Triloba), Kimyon (Cuminum Cyminum), Zerde\u00e7al (Curcuma Longa), Kakule (Elettaria Cardamomum), Zahter (Thymbra Spicata L.), And\u0131z Rizomu (Inula Helenium Rhizome), Atkuyru\u011fu (K\u0131rkkilitotu) (Equisetum Arvense), Ak G\u00fcnl\u00fck (Boswellia Carterii), Ku\u015fburnu (Rosa Canina), Zencefil (Zingiber Officinale), Havl\u0131can (Alpinia Officinarum), Ki\u015fni\u015f (Coriandrum Sativum), \u00c7\u00f6rekotu (Nigella Sativa), Anason (Pimpinella Anisum), Dar\u0131f\u00fclf\u00fcl (Piper Longum), Mahlep (Prunus Mahaleb L.), Rezene (Foeniculum Vulgare), \u00c7ak\u015f\u0131rotu K\u00f6k\u00fc (Ferula Elaeochytris), Havu\u00e7 Tohumu (Daucus Carota), Is\u0131rgan Tohumu (Urtica Sp.), Kereviz Tohumu (Apium Graveolens), Turp Tohumu (Raphanus Sativus), Tere Tohumu (Lepidium Sativum), Lahana Tohumu (Brassica Oleracea), Civan Per\u00e7emi \u00c7i\u00e7e\u011fi (Achillea Millefolium), Servi Kozala\u011f\u0131 (Cupressus Sempervirens), Atkuyru\u011fu (K\u0131rkkilitotu) (Equisetum Arvense), Portakal U\u00e7ucu Ya\u011f\u0131, Sodyum Benzoat E 211, Sitrik Asit E 330, \u015eeker, Glikoz \u015eurubu, Su.<\/p><p><strong>Kullan\u0131m: <\/strong><br \/><strong>1.<\/strong> Direkt olarak yenebilir<br \/><strong>2.<\/strong>Ekmek \u00fczerine s\u00fcr\u00fclerek t\u00fcketilebilir.<br \/><strong>3.<\/strong>So\u011fuk veya s\u0131cak suya ka\u015f\u0131kla kar\u0131\u015ft\u0131r\u0131larak, so\u011fuk ve s\u0131cak \u00e7ay gibi t\u00fcketilebilir.<\/p><p><strong>Muhafaza Ko\u015fullar\u0131:<\/strong><br \/>Serin, kuru ve \u0131\u015f\u0131ktan uzak ortamda a\u011fz\u0131 kapal\u0131 olarak muhafaza ediniz.<\/p><p><strong>Enerji ve Besin \u00d6\u011feleri (100g i\u00e7in):<\/strong><br \/>Enerji (Energy Value): 324 kcal\/100g<br \/>Ya\u011f (Fat Content): %0,92<br \/>Doymu\u015f Ya\u011f (Saturated Fatty Acids): 0,16 g\/100g<br \/>Doymam\u0131\u015f Ya\u011f (Unsaturated Fatty Acids): 0,76 g\/100g<br \/>Tekli Doymam\u0131\u015f Ya\u011f (Monounsaturated Fatty Acids): 0,49 g\/100g<br \/>\u00c7oklu Doymam\u0131\u015f Ya\u011f (Polyunsaturated Fatty Acids): 0,27 g\/100g<br \/>Trans Ya\u011f Asitleri (Trans Fatty Acids): 0 g\/100g<br \/>Karbonhidrat (Carbohydrates): 78,26 g\/100g<br \/>Toplam \u015eeker (Total Sugars as Saccharose): 48,80 g\/100g<br \/>Diyet Lifi (Dietary Fiber): 0,63 g\/100g<br \/>Protein: 0,44 g\/100g<br \/>Tuz (Salt Content): 0 g\/100gX<\/p><p><strong>Alerjen Bilgisi:<\/strong><br \/>Susam, Kereviz Tohumu, F\u0131nd\u0131k, Ceviz, Yerf\u0131st\u0131\u011f\u0131, Antep F\u0131st\u0131\u011f\u0131, \u00c7am F\u0131st\u0131\u011f\u0131 i\u00e7erir. Gluten i\u00e7eren tah\u0131llar, Ac\u0131bakla, Hardal \u00fcretilen hatta \u00fcretilmi\u015ftir. Bu \u00fcr\u00fcnlerden eser miktarda i\u00e7erebilir.<\/p><p><strong>Men\u015fei:<\/strong> T\u00fcrkiye<br \/><strong>Net Miktar:<\/strong> 400 g<br \/><strong>Yerli \u00dcretim<\/strong><\/p>\t\t\t\t\t\t\t\t<\/div>\n\t\t\t\t<\/div>\n\t\t\t\t\t<\/div>\n\t\t\t\t<\/div>\n\t\t\t\t<\/div>\n\t\t","protected":false},"excerpt":{"rendered":"<p><strong>KRK GIDA S\u0130TARE MACUNU<\/strong><\/p>\n","protected":false},"featured_media":30694,"comment_status":"open","ping_status":"closed","template":"","meta":[],"product_brand":[],"product_cat":[253],"product_tag":[],"class_list":{"0":"post-30692","1":"product","2":"type-product","3":"status-publish","4":"has-post-thumbnail","6":"product_cat-macunlar","8":"first","9":"instock","10":"shipping-taxable","11":"product-type-simple"},"_links":{"self":[{"href":"https:\/\/www.krkgida.com\/index.php?rest_route=\/wp\/v2\/product\/30692","targetHints":{"allow":["GET"]}}],"collection":[{"href":"https:\/\/www.krkgida.com\/index.php?rest_route=\/wp\/v2\/product"}],"about":[{"href":"https:\/\/www.krkgida.com\/index.php?rest_route=\/wp\/v2\/types\/product"}],"replies":[{"embeddable":true,"href":"https:\/\/www.krkgida.com\/index.php?rest_route=%2Fwp%2Fv2%2Fcomments&post=30692"}],"version-history":[{"count":7,"href":"https:\/\/www.krkgida.com\/index.php?rest_route=\/wp\/v2\/product\/30692\/revisions"}],"predecessor-version":[{"id":30786,"href":"https:\/\/www.krkgida.com\/index.php?rest_route=\/wp\/v2\/product\/30692\/revisions\/30786"}],"wp:featuredmedia":[{"embeddable":true,"href":"https:\/\/www.krkgida.com\/index.php?rest_route=\/wp\/v2\/media\/30694"}],"wp:attachment":[{"href":"https:\/\/www.krkgida.com\/index.php?rest_route=%2Fwp%2Fv2%2Fmedia&parent=30692"}],"wp:term":[{"taxonomy":"product_brand","embeddable":true,"href":"https:\/\/www.krkgida.com\/index.php?rest_route=%2Fwp%2Fv2%2Fproduct_brand&post=30692"},{"taxonomy":"product_cat","embeddable":true,"href":"https:\/\/www.krkgida.com\/index.php?rest_route=%2Fwp%2Fv2%2Fproduct_cat&post=30692"},{"taxonomy":"product_tag","embeddable":true,"href":"https:\/\/www.krkgida.com\/index.php?rest_route=%2Fwp%2Fv2%2Fproduct_tag&post=30692"}],"curies":[{"name":"wp","href":"https:\/\/api.w.org\/{rel}","templated":true}]}}