{"id":30691,"date":"2025-08-22T07:28:02","date_gmt":"2025-08-22T07:28:02","guid":{"rendered":"https:\/\/www.krkgida.com\/?post_type=product&#038;p=30691"},"modified":"2025-08-22T07:46:03","modified_gmt":"2025-08-22T07:46:03","slug":"krk-gida-romat-macunu","status":"publish","type":"product","link":"https:\/\/www.krkgida.com\/?product=krk-gida-romat-macunu","title":{"rendered":"KRK GIDA ROMAT MACUNU"},"content":{"rendered":"\t\t<div data-elementor-type=\"product-post\" data-elementor-id=\"30691\" class=\"elementor elementor-30691\" data-elementor-post-type=\"product\">\n\t\t\t\t<div class=\"wd-negative-gap elementor-element elementor-element-77945927 e-flex e-con-boxed e-con e-parent\" data-id=\"77945927\" data-element_type=\"container\">\n\t\t\t\t\t<div class=\"e-con-inner\">\n\t\t\t\t<div class=\"elementor-element elementor-element-608a0035 color-scheme-inherit text-left elementor-widget elementor-widget-text-editor\" data-id=\"608a0035\" data-element_type=\"widget\" data-widget_type=\"text-editor.default\">\n\t\t\t\t<div class=\"elementor-widget-container\">\n\t\t\t\t\t\t\t\t\t<p><strong>KRK GIDA ROMAT MACUNU<\/strong><\/p><p><strong>\u0130\u00e7indekiler:<\/strong><br \/>\u00c7am Bal\u0131 (%10), Sinirli Ot (Plantago Lanceolata), Nane (Mentha Piperita), Okaliptus Yaprak (Eucalyptus Sp.), Lavanta \u00c7i\u00e7e\u011fi (Lavandula Angustifolia Miller), Mercank\u00f6\u015fk (Origanum Majorana), Tar\u00e7\u0131n (Cinnamomum Sp.), Ihlamur \u00c7i\u00e7e\u011fi (Tilia Sp.), Kekik (Thymus Sp.), \u00c7oban \u00c7antas\u0131 (Capsella Bursa Pastoris), Kediotu K\u00f6k\u00fc (Valeriana Officinalis), And\u0131z Rizomu (Inula Helenium Rhizome), Civan Per\u00e7emi \u00c7i\u00e7e\u011fi (Achillea Millefolium), M\u00fcrver \u00c7i\u00e7ek (Sambucus Nigra), May\u0131s Papatyas\u0131 (Matricaria Recutita), Kakule (Elettaria Cardamomum), Zulumba (Curcuma Zedoaria), Defne Yapra\u011f\u0131 (Laurus Nobilis), Atkuyru\u011fu (K\u0131rkkilitotu) (Equisetum Arvense), Funda (Calluna Vulgaris), Is\u0131rganotu (Urtica Sp.), Hardal (Brassica Nigra), Ayn\u0131sefa \u00c7i\u00e7e\u011fi (Calendula Officinalis), Portakal U\u00e7ucu Ya\u011f\u0131, Pekmez, \u015eeker, Glikoz \u015eurubu, Su, Sodyum Benzoat E 211, Sitrik Asit E 330.<\/p><p><strong>Kullan\u0131m: \u00a0\u00a0\u00a0\u00a0\u00a0 <\/strong><br \/><strong>1.<\/strong> Direkt olarak yenebilir<br \/><strong>2.<\/strong>Ekmek \u00fczerine s\u00fcr\u00fclerek t\u00fcketilebilir.<br \/><strong>3.<\/strong>So\u011fuk veya s\u0131cak suya ka\u015f\u0131kla kar\u0131\u015ft\u0131r\u0131larak, so\u011fuk ve s\u0131cak \u00e7ay gibi t\u00fcketilebilir.<\/p><p><strong>Muhafaza Ko\u015fullar\u0131:<br \/><\/strong>Serin, kuru ve \u0131\u015f\u0131ktan uzak ortamda a\u011fz\u0131 kapal\u0131 olarak muhafaza ediniz.<\/p><p><strong>Enerji ve Besin \u00d6\u011feleri (100g i\u00e7in):<\/strong><br \/>Enerji (Energy Value): 326 kcal\/100g<br \/>Ya\u011f (Fat Content): %0,24<br \/>Doymu\u015f Ya\u011f (Saturated Fatty Acids): 0,06 g\/100g<br \/>Doymam\u0131\u015f Ya\u011f (Unsaturated Fatty Acids): 0,18 g\/100g<br \/>Tekli Doymam\u0131\u015f Ya\u011f (Monounsaturated Fatty Acids): 0,13 g\/100g<br \/>\u00c7oklu Doymam\u0131\u015f Ya\u011f (Polyunsaturated Fatty Acids): 0,05 g\/100g<br \/>Trans Ya\u011f Asitleri (Trans Fatty Acids): 0 g\/100g<br \/>Karbonhidrat (Carbohydrates): 80,00 g\/100g<br \/>Toplam \u015eeker (Total Sugars as Saccharose): 48,80 g\/100g<br \/>Diyet Lifi (Dietary Fiber): 0,77 g\/100g<br \/>Protein: 0,54 g\/100g<br \/>Tuz (Salt Content): 0 g\/100g<\/p><p><strong>Alerjen Bilgisi:<\/strong><br \/>Susam, Hardal i\u00e7erir.<br \/>F\u0131nd\u0131k, Kabuklu Yemi\u015fler, Gluten \u0130\u00e7eren Tah\u0131llar, Kereviz, Ac\u0131bakla \u00fcretilen hatta \u00fcretilmi\u015ftir.<br \/>Bu \u00fcr\u00fcnlerden eser miktarda i\u00e7erebilir.<\/p><p><strong>Men\u015fei:<\/strong> T\u00fcrkiye<br \/><strong>Net Miktar:<\/strong> 400 g<br \/><strong>Yerli \u00dcretim<\/strong><\/p>\t\t\t\t\t\t\t\t<\/div>\n\t\t\t\t<\/div>\n\t\t\t\t\t<\/div>\n\t\t\t\t<\/div>\n\t\t\t\t<\/div>\n\t\t","protected":false},"excerpt":{"rendered":"<p><strong>KRK GIDA ROMAT MACUNU<\/strong><\/p>\n","protected":false},"featured_media":30693,"comment_status":"open","ping_status":"closed","template":"","meta":[],"product_brand":[],"product_cat":[253],"product_tag":[],"class_list":{"0":"post-30691","1":"product","2":"type-product","3":"status-publish","4":"has-post-thumbnail","6":"product_cat-macunlar","8":"first","9":"instock","10":"shipping-taxable","11":"product-type-simple"},"_links":{"self":[{"href":"https:\/\/www.krkgida.com\/index.php?rest_route=\/wp\/v2\/product\/30691","targetHints":{"allow":["GET"]}}],"collection":[{"href":"https:\/\/www.krkgida.com\/index.php?rest_route=\/wp\/v2\/product"}],"about":[{"href":"https:\/\/www.krkgida.com\/index.php?rest_route=\/wp\/v2\/types\/product"}],"replies":[{"embeddable":true,"href":"https:\/\/www.krkgida.com\/index.php?rest_route=%2Fwp%2Fv2%2Fcomments&post=30691"}],"version-history":[{"count":7,"href":"https:\/\/www.krkgida.com\/index.php?rest_route=\/wp\/v2\/product\/30691\/revisions"}],"predecessor-version":[{"id":30783,"href":"https:\/\/www.krkgida.com\/index.php?rest_route=\/wp\/v2\/product\/30691\/revisions\/30783"}],"wp:featuredmedia":[{"embeddable":true,"href":"https:\/\/www.krkgida.com\/index.php?rest_route=\/wp\/v2\/media\/30693"}],"wp:attachment":[{"href":"https:\/\/www.krkgida.com\/index.php?rest_route=%2Fwp%2Fv2%2Fmedia&parent=30691"}],"wp:term":[{"taxonomy":"product_brand","embeddable":true,"href":"https:\/\/www.krkgida.com\/index.php?rest_route=%2Fwp%2Fv2%2Fproduct_brand&post=30691"},{"taxonomy":"product_cat","embeddable":true,"href":"https:\/\/www.krkgida.com\/index.php?rest_route=%2Fwp%2Fv2%2Fproduct_cat&post=30691"},{"taxonomy":"product_tag","embeddable":true,"href":"https:\/\/www.krkgida.com\/index.php?rest_route=%2Fwp%2Fv2%2Fproduct_tag&post=30691"}],"curies":[{"name":"wp","href":"https:\/\/api.w.org\/{rel}","templated":true}]}}