{"id":30671,"date":"2025-08-22T07:19:56","date_gmt":"2025-08-22T07:19:56","guid":{"rendered":"https:\/\/www.krkgida.com\/?post_type=product&#038;p=30671"},"modified":"2025-08-22T07:45:54","modified_gmt":"2025-08-22T07:45:54","slug":"krk-gida-manisa-mesir-macunu","status":"publish","type":"product","link":"https:\/\/www.krkgida.com\/?product=krk-gida-manisa-mesir-macunu","title":{"rendered":"KRK GIDA MAN\u0130SA MES\u0130R MACUNU"},"content":{"rendered":"\t\t<div data-elementor-type=\"product-post\" data-elementor-id=\"30671\" class=\"elementor elementor-30671\" data-elementor-post-type=\"product\">\n\t\t\t\t<div class=\"wd-negative-gap elementor-element elementor-element-5f776846 e-flex e-con-boxed e-con e-parent\" data-id=\"5f776846\" data-element_type=\"container\">\n\t\t\t\t\t<div class=\"e-con-inner\">\n\t\t\t\t<div class=\"elementor-element elementor-element-a38afc0 color-scheme-inherit text-left elementor-widget elementor-widget-text-editor\" data-id=\"a38afc0\" data-element_type=\"widget\" data-widget_type=\"text-editor.default\">\n\t\t\t\t<div class=\"elementor-widget-container\">\n\t\t\t\t\t\t\t\t\t<p><strong>KRK GIDA MAN\u0130SA MES\u0130R MACUNU<\/strong><\/p><p><strong>\u0130\u00e7indekiler:<\/strong><br \/>\u00c7am Bal\u0131 (%10), Karanfil (Eugenia Caryophyllata), Tar\u00e7\u0131n (Cinnamomum Sp.), Susam (Sesamum orientale), May\u0131s Papatyas\u0131 (Matricaria Recutita M. Chamomilla), Atkuyru\u011fu (K\u0131rkkilitotu) (Equisetum Arvense), Besbase (Myristica Fragrans), Funda (Calluna Vulgaris), \u015eerbet\u00e7iotu (Humulus Lupulus), Kitre (Astragalus Sp.), O\u011ful Ot (Melissa Officinalis), Ball\u0131 Baba (Lamium Album), Ard\u0131\u00e7 Tohumu (Juniperus Oxycedrus), Servi Kozala\u011f\u0131 (Cupressus Sempervirens), S\u00f6\u011f\u00fct Kabu\u011fu (Salix Sp.), Damla Sak\u0131z\u0131 (Pistacia Lentiscus), \u00c7oban \u00c7\u00f6kerten (Tribulus Terrestris), K\u0131nak\u0131na (Cinchona Succirubra), Biberiye (Rosmarinus Officinalis), Vanilya (Vanilla Fragrans Ames), Ada\u00e7ay\u0131 (Salvia Triloba, S. Grandiflora), Kimyon (Cuminum Cyminum), And\u0131z Rizomu (Inula Helenium Rizome), Ku\u015fburnu (Rosa Canina), Havl\u0131can (Alpinia Officinarum), Ki\u015fni\u015f (Coriandrum Sativum), \u00c7\u00f6rekotu (Nigella Sativa), Anason (Pimpinella Anisum), Zencefil (Zingiber Officinale), Rezene (Foeniculum Vulgare), \u00c7ak\u015f\u0131r Otu K\u00f6k\u00fc (Ferula Elaeochytris), Is\u0131rgan Tohumu (Urtica Sp.), Kereviz Tohumu (Apium Graveolens), Civan Per\u00e7emi \u00c7i\u00e7e\u011fi (Achillea Millefolium), Ak G\u00fcnl\u00fck (Boswellia Carteri), Havu\u00e7 Tohumu (Daucus Carota), Turp Tohumu (Raphanus Sativus), Zater (Thymbra Spicata L.), Dar\u0131f\u00fclf\u00fcl (Piper Longum), Kebabiye (Piper Cubeba), \u015ealgam Tohumu (Brassica Rapa L.), \u00dczerlik Tohumu (Peganum Harmala), Ac\u0131badem (Prunus Amygdalus Var Amara), Tere Tohumu (Lepidium Sativum), Sinameki Yapra\u011f\u0131 (Cassia Acutifolia), Arapzamk\u0131 (Acacia Arabica), Polen, Karanfil U\u00e7ucu Ya\u011f\u0131, Tar\u00e7\u0131n U\u00e7ucu Ya\u011f\u0131, Meyan K\u00f6k\u00fc (Glycyrrhiza Glabra), Pekmez, \u015eeker, Glikoz \u015eurubu, Su, Sodyum Benzoat E 211, Sitrik Asit E 330.<\/p><p><strong>Kullan\u0131m: \u00a0\u00a0\u00a0\u00a0\u00a0 <\/strong><br \/><strong>1.<\/strong> Direkt olarak yenebilir<br \/><strong>2.<\/strong>Ekmek \u00fczerine s\u00fcr\u00fclerek t\u00fcketilebilir.<br \/><strong>3.<\/strong>So\u011fuk veya s\u0131cak suya ka\u015f\u0131kla kar\u0131\u015ft\u0131r\u0131larak, so\u011fuk ve s\u0131cak \u00e7ay gibi t\u00fcketilebilir.<\/p><p><strong>Muhafaza Ko\u015fullar\u0131:<\/strong><br \/>Serin, kuru ve \u0131\u015f\u0131ktan uzak ortamda a\u011fz\u0131 kapal\u0131 olarak muhafaza ediniz.<\/p><p><strong>Enerji ve Besin \u00d6\u011feleri (100g i\u00e7in):<\/strong><br \/>Enerji (Energy Value): 328 kcal\/100g<br \/>Ya\u011f (Fat Content): %0,82<br \/>Doymu\u015f Ya\u011f (Saturated Fatty Acids): 0,08 g\/100g<br \/>Doymam\u0131\u015f Ya\u011f (Unsaturated Fatty Acids): 0,74 g\/100g<br \/>Tekli Doymam\u0131\u015f Ya\u011f (Monounsaturated Fatty Acids): 0,49 g\/100g<br \/>\u00c7oklu Doymam\u0131\u015f Ya\u011f (Polyunsaturated Fatty Acids): 0,25 g\/100g<br \/>Trans Ya\u011f Asitleri (Trans Fatty Acids): 0 g\/100g<br \/>Karbonhidrat (Carbohydrates): 79,02 g\/100g<br \/>Toplam \u015eeker (Total Sugars as Saccharose): 50,04 g\/100g<br \/>Diyet Lifi (Dietary Fiber): 0,84 g\/100g<br \/>Protein: 0,59 g\/100g<br \/>Tuz (Salt Content): 0 g\/100g<\/p><p><strong>Alerjen Bilgisi:<\/strong><br \/>Susam, Kereviz Tohumu, Ac\u0131badem i\u00e7erir.<br \/>F\u0131nd\u0131k, Kabuklu Yemi\u015fler, Gluten \u0130\u00e7eren Tah\u0131llar, Ac\u0131bakla, Hardal \u00fcretilen hatta \u00fcretilmi\u015ftir.<br \/>Bu \u00fcr\u00fcnlerden eser miktarda i\u00e7erebilir.<\/p><p><strong>Men\u015fei: <\/strong>T\u00fcrkiye<br \/><strong>Net Miktar:<\/strong> 400 g<br \/><strong>Yerli \u00dcretim<\/strong><\/p>\t\t\t\t\t\t\t\t<\/div>\n\t\t\t\t<\/div>\n\t\t\t\t\t<\/div>\n\t\t\t\t<\/div>\n\t\t\t\t<\/div>\n\t\t","protected":false},"excerpt":{"rendered":"<p><strong>KRK GIDA MAN\u0130SA MES\u0130R MACUNU<br \/>\n<\/strong><\/p>\n","protected":false},"featured_media":30672,"comment_status":"open","ping_status":"closed","template":"","meta":[],"product_brand":[],"product_cat":[253],"product_tag":[],"class_list":{"0":"post-30671","1":"product","2":"type-product","3":"status-publish","4":"has-post-thumbnail","6":"product_cat-macunlar","8":"first","9":"instock","10":"shipping-taxable","11":"product-type-simple"},"_links":{"self":[{"href":"https:\/\/www.krkgida.com\/index.php?rest_route=\/wp\/v2\/product\/30671","targetHints":{"allow":["GET"]}}],"collection":[{"href":"https:\/\/www.krkgida.com\/index.php?rest_route=\/wp\/v2\/product"}],"about":[{"href":"https:\/\/www.krkgida.com\/index.php?rest_route=\/wp\/v2\/types\/product"}],"replies":[{"embeddable":true,"href":"https:\/\/www.krkgida.com\/index.php?rest_route=%2Fwp%2Fv2%2Fcomments&post=30671"}],"version-history":[{"count":7,"href":"https:\/\/www.krkgida.com\/index.php?rest_route=\/wp\/v2\/product\/30671\/revisions"}],"predecessor-version":[{"id":30777,"href":"https:\/\/www.krkgida.com\/index.php?rest_route=\/wp\/v2\/product\/30671\/revisions\/30777"}],"wp:featuredmedia":[{"embeddable":true,"href":"https:\/\/www.krkgida.com\/index.php?rest_route=\/wp\/v2\/media\/30672"}],"wp:attachment":[{"href":"https:\/\/www.krkgida.com\/index.php?rest_route=%2Fwp%2Fv2%2Fmedia&parent=30671"}],"wp:term":[{"taxonomy":"product_brand","embeddable":true,"href":"https:\/\/www.krkgida.com\/index.php?rest_route=%2Fwp%2Fv2%2Fproduct_brand&post=30671"},{"taxonomy":"product_cat","embeddable":true,"href":"https:\/\/www.krkgida.com\/index.php?rest_route=%2Fwp%2Fv2%2Fproduct_cat&post=30671"},{"taxonomy":"product_tag","embeddable":true,"href":"https:\/\/www.krkgida.com\/index.php?rest_route=%2Fwp%2Fv2%2Fproduct_tag&post=30671"}],"curies":[{"name":"wp","href":"https:\/\/api.w.org\/{rel}","templated":true}]}}