{"id":30651,"date":"2025-08-22T07:14:02","date_gmt":"2025-08-22T07:14:02","guid":{"rendered":"https:\/\/www.krkgida.com\/?post_type=product&#038;p=30651"},"modified":"2025-08-22T07:45:24","modified_gmt":"2025-08-22T07:45:24","slug":"krk-gida-hafize-sultan-macunu","status":"publish","type":"product","link":"https:\/\/www.krkgida.com\/?product=krk-gida-hafize-sultan-macunu","title":{"rendered":"KRK GIDA HAF\u0130ZE SULTAN MACUNU"},"content":{"rendered":"\t\t<div data-elementor-type=\"product-post\" data-elementor-id=\"30651\" class=\"elementor elementor-30651\" data-elementor-post-type=\"product\">\n\t\t\t\t<div class=\"wd-negative-gap elementor-element elementor-element-98c95d1 e-flex e-con-boxed e-con e-parent\" data-id=\"98c95d1\" data-element_type=\"container\">\n\t\t\t\t\t<div class=\"e-con-inner\">\n\t\t\t\t<div class=\"elementor-element elementor-element-71bc9103 color-scheme-inherit text-left elementor-widget elementor-widget-text-editor\" data-id=\"71bc9103\" data-element_type=\"widget\" data-widget_type=\"text-editor.default\">\n\t\t\t\t<div class=\"elementor-widget-container\">\n\t\t\t\t\t\t\t\t\t<p><strong>KRK GIDA HAF\u0130ZE SULTAN MACUNU<\/strong><br \/><strong>\u0130\u00e7indekiler:<\/strong><br \/>\u00c7am Bal\u0131 (%10), Lavanta \u00c7i\u00e7e\u011fi (Lavandula Angustifolia Miller), Biberiye (Rosmarinus Officinalis), Susam (Sesamum orientale), Mercank\u00f6\u015fk (Origanum Majorana), Sinirli Ot (Plantago Lanceolata), Ihlamur \u00c7i\u00e7e\u011fi (Tilia Sp.), Nane (Mentha Piperita), Kekik (Thymus Sp.), Ada\u00e7ay\u0131 (Salvia Triloba), Anason (Pimpinella Anisum), Zencefil (Zingiber Officinale), Ki\u015fni\u015f (Coriandrum Sativum), S\u0131\u011f\u0131r Kuyru\u011fu \u00c7i\u00e7e\u011fi (Verbascum Sp.), Kereviz Tohumu (Apium Graveolens), Meyan K\u00f6k\u00fc (Glycyrrhiza Glabra), Civan Per\u00e7emi \u00c7i\u00e7e\u011fi (Achillea Millefolium), Kediotu K\u00f6k\u00fc (Valeriana Officinalis), Ku\u015fburnu (Rosa Canina), \u00c7\u00f6rekotu (Nigella Sativa), \u00c7oban \u00c7antas\u0131 (Capsella Bursa Pastoris), O\u011fulotu (Melissa Officinalis), Kimyon (Cuminum Cyminum), Ak G\u00fcnl\u00fck (Boswellia Carterii), May\u0131s Papatyas\u0131 (Matricaria Recutita), Defne Yapra\u011f\u0131 (Laurus Nobilis), Rezene (Foeniculum Vulgare), Dereotu Tohumu (Anethum Graveolens), \u015eerbet\u00e7iotu (Humulus Lupulus), \u00c7emen Tohumu (Trigonella Foenum-Graecum), Maydanoz Tohumu (Petroselinum Sp.), K\u00fc\u00e7\u00fck Hindistancevizi (Myristica Fragrans Houtt), Karanfil (Eugenia Caryophyllata), Tar\u00e7\u0131n (Cinnamomum Sp.), Is\u0131rgan Yapra\u011f\u0131 (Urtica Sp.), Portakal U\u00e7ucu Ya\u011f\u0131, Pekmez, \u015eeker, Glikoz \u015eurubu, Su, Sodyum Benzoat E 211, Sitrik Asit E 330.<\/p><p><strong>Kullan\u0131m: \u00a0\u00a0\u00a0\u00a0\u00a0 <\/strong><br \/><strong>1.<\/strong> Direkt olarak yenebilir<br \/><strong>2.<\/strong>Ekmek \u00fczerine s\u00fcr\u00fclerek t\u00fcketilebilir.<br \/><strong>3.<\/strong>So\u011fuk veya s\u0131cak suya ka\u015f\u0131kla kar\u0131\u015ft\u0131r\u0131larak, so\u011fuk ve s\u0131cak \u00e7ay gibi t\u00fcketilebilir.<\/p><p><strong>Muhafaza Ko\u015fullar\u0131:<\/strong><br \/>Serin, kuru ve \u0131\u015f\u0131ktan uzak ortamda a\u011fz\u0131 kapal\u0131 olarak muhafaza ediniz.<\/p><p><strong>Enerji ve Besin \u00d6\u011feleri (100g i\u00e7in):<\/strong><br \/>Enerji (Energy Value): 327 kcal\/100g<br \/>Ya\u011f (Fat Content): %1,23<br \/>Doymu\u015f Ya\u011f (Saturated Fatty Acids): 0,22 g\/100g<br \/>Doymam\u0131\u015f Ya\u011f (Unsaturated Fatty Acids): 1,01 g\/100g<br \/>Tekli Doymam\u0131\u015f Ya\u011f (Monounsaturated Fatty Acids): 0,54 g\/100g<br \/>\u00c7oklu Doymam\u0131\u015f Ya\u011f (Polyunsaturated Fatty Acids): 0,46 g\/100g<br \/>Trans Ya\u011f Asitleri (Trans Fatty Acids): 0 g\/100g<br \/>Karbonhidrat (Carbohydrates): 75,24 g\/100g<br \/>Toplam \u015eeker (Total Sugars as Saccharose): 42,31 g\/100g<br \/>Diyet Lifi (Dietary Fiber): 2,62 g\/100g<br \/>Protein: 2,31 g\/100g<br \/>Tuz (Salt Content): 0 g\/100g<\/p><p><strong>Alerjen Bilgisi:<\/strong><br \/>Susam, Kereviz Tohumu i\u00e7erir.<br \/>F\u0131nd\u0131k, Kabuklu Yemi\u015fler, Gluten \u0130\u00e7eren Tah\u0131llar, Ac\u0131bakla, Hardal \u00fcretilen hatta \u00fcretilmi\u015ftir.<br \/>Bu \u00fcr\u00fcnlerden eser miktarda i\u00e7erebilir.<\/p><p><strong>Men\u015fei:<\/strong> T\u00fcrkiye<br \/><strong>Net Miktar:<\/strong> 400 g<br \/><strong>Yerli \u00dcretim<\/strong><\/p>\t\t\t\t\t\t\t\t<\/div>\n\t\t\t\t<\/div>\n\t\t\t\t\t<\/div>\n\t\t\t\t<\/div>\n\t\t\t\t<\/div>\n\t\t","protected":false},"excerpt":{"rendered":"<p>KRK GIDA HAF\u0130ZE SULTAN MACUNU<\/p>\n","protected":false},"featured_media":30652,"comment_status":"open","ping_status":"closed","template":"","meta":[],"product_brand":[],"product_cat":[253],"product_tag":[],"class_list":{"0":"post-30651","1":"product","2":"type-product","3":"status-publish","4":"has-post-thumbnail","6":"product_cat-macunlar","8":"first","9":"instock","10":"shipping-taxable","11":"product-type-simple"},"_links":{"self":[{"href":"https:\/\/www.krkgida.com\/index.php?rest_route=\/wp\/v2\/product\/30651","targetHints":{"allow":["GET"]}}],"collection":[{"href":"https:\/\/www.krkgida.com\/index.php?rest_route=\/wp\/v2\/product"}],"about":[{"href":"https:\/\/www.krkgida.com\/index.php?rest_route=\/wp\/v2\/types\/product"}],"replies":[{"embeddable":true,"href":"https:\/\/www.krkgida.com\/index.php?rest_route=%2Fwp%2Fv2%2Fcomments&post=30651"}],"version-history":[{"count":8,"href":"https:\/\/www.krkgida.com\/index.php?rest_route=\/wp\/v2\/product\/30651\/revisions"}],"predecessor-version":[{"id":31962,"href":"https:\/\/www.krkgida.com\/index.php?rest_route=\/wp\/v2\/product\/30651\/revisions\/31962"}],"wp:featuredmedia":[{"embeddable":true,"href":"https:\/\/www.krkgida.com\/index.php?rest_route=\/wp\/v2\/media\/30652"}],"wp:attachment":[{"href":"https:\/\/www.krkgida.com\/index.php?rest_route=%2Fwp%2Fv2%2Fmedia&parent=30651"}],"wp:term":[{"taxonomy":"product_brand","embeddable":true,"href":"https:\/\/www.krkgida.com\/index.php?rest_route=%2Fwp%2Fv2%2Fproduct_brand&post=30651"},{"taxonomy":"product_cat","embeddable":true,"href":"https:\/\/www.krkgida.com\/index.php?rest_route=%2Fwp%2Fv2%2Fproduct_cat&post=30651"},{"taxonomy":"product_tag","embeddable":true,"href":"https:\/\/www.krkgida.com\/index.php?rest_route=%2Fwp%2Fv2%2Fproduct_tag&post=30651"}],"curies":[{"name":"wp","href":"https:\/\/api.w.org\/{rel}","templated":true}]}}