{"id":30629,"date":"2025-08-22T07:05:18","date_gmt":"2025-08-22T07:05:18","guid":{"rendered":"https:\/\/www.krkgida.com\/?post_type=product&#038;p=30629"},"modified":"2025-08-22T07:45:13","modified_gmt":"2025-08-22T07:45:13","slug":"krk-gida-gul-merkezi-macunu-2","status":"publish","type":"product","link":"https:\/\/www.krkgida.com\/?product=krk-gida-gul-merkezi-macunu-2","title":{"rendered":"KRK GIDA G\u00dcL MERKEZ\u0130 MACUNU"},"content":{"rendered":"\t\t<div data-elementor-type=\"product-post\" data-elementor-id=\"30629\" class=\"elementor elementor-30629\" data-elementor-post-type=\"product\">\n\t\t\t\t<div class=\"wd-negative-gap elementor-element elementor-element-42c9044b e-flex e-con-boxed e-con e-parent\" data-id=\"42c9044b\" data-element_type=\"container\">\n\t\t\t\t\t<div class=\"e-con-inner\">\n\t\t\t\t<div class=\"elementor-element elementor-element-6971c013 color-scheme-inherit text-left elementor-widget elementor-widget-text-editor\" data-id=\"6971c013\" data-element_type=\"widget\" data-widget_type=\"text-editor.default\">\n\t\t\t\t<div class=\"elementor-widget-container\">\n\t\t\t\t\t\t\t\t\t<p><strong>KRK GIDA C\u0130NZEN MACUNU<\/strong><br \/><strong>\u0130\u00e7indekiler:<\/strong><br \/>\u00c7am Bal\u0131 (%10), Ginseng K\u00f6k\u00fc (Panax Ginseng), Vanilya Meyve (Vanilla Fragrans Ames), Zencefil (Zingiber Officinale), Havl\u0131can (Alpinia Officinarum), Ki\u015fni\u015f (Coriandrum Sativum), And\u0131z Rizomu (Inula Helenium rhizome), Anason (Pimpinella Anisum), Dar\u0131f\u00fclf\u00fcl (Piper Longum), Mahlep (Prunus Mahaleb L.), Sahlep (Tuber Sahlep), Keten Tohumu (Linum Usitatissimum), Kekik (Thymus Sp.), Ku\u015fburnu (Rosa Canina), Nane (Mentha Piperita), Ada\u00e7ay\u0131 Yaprak (Salvia Triloba), \u00c7ak\u015f\u0131rotu K\u00f6k\u00fc (Ferula El\u00e6ochytris), Karanfil (Eugenia Caryophyllata), Tar\u00e7\u0131n (Cinnamomum Sp.), Biberiye (Rosmarinus Officinalis), Kimyon (Cuminum Cyminum), Zahter (Thymbra Spicata L.), Rezene (Foeniculum Vulgare), Havu\u00e7 Tohumu (Daucus Carota), Is\u0131rgan Tohumu (Urtica Sp.), Turp Tohumu (Raphanus Sativus), Lahana Tohumu (Brassica Oleracea), P\u0131rasa Tohumu (Allium Porrum), Civan Per\u00e7emi \u00c7i\u00e7e\u011fi (Achillea Millefolium), O\u011fulotu (Melissa Officinalis), Fesle\u011fen (Ocimum Basilicum), Mercan K\u00f6\u015fk (Origanum Majorana), May\u0131s Papatyas\u0131 (Matricaria Recutita), Ak G\u00fcnl\u00fck (Boswellia Carteri), Kereviz Tohumu (Apium Graveolens), F\u0131nd\u0131k (Corylus Avellana), Ceviz (Juglans Regia), Yerf\u0131st\u0131\u011f\u0131, Antep F\u0131st\u0131\u011f\u0131 (Pistacia Vera), \u00c7am F\u0131st\u0131\u011f\u0131, Polen, Portakal U\u00e7ucu Ya\u011f\u0131, Pekmez, \u015eeker, Glikoz \u015eurubu, Su, Sodyum Benzoat E211, Sitrik Asit E330.<\/p><p><strong>Kullan\u0131m: \u00a0\u00a0\u00a0\u00a0\u00a0 <\/strong><br \/><strong>1.<\/strong> Direkt olarak yenebilir.<br \/><strong>2<\/strong>. Ekmek \u00fczerine s\u00fcr\u00fclerek t\u00fcketilebilir.<br \/><strong>3.<\/strong>So\u011fuk veya s\u0131cak suya ka\u015f\u0131kla kar\u0131\u015ft\u0131r\u0131larak, so\u011fuk ve s\u0131cak \u00e7ay gibi t\u00fcketilebilir.<\/p><p><strong>Muhafaza Ko\u015fullar\u0131:<\/strong><br \/>Serin, kuru ve \u0131\u015f\u0131ktan uzak ortamda a\u011fz\u0131 kapal\u0131 olarak muhafaza ediniz.<\/p><p><strong>Enerji ve Besin \u00d6\u011feleri (100g i\u00e7in):<\/strong><br \/>Enerji (Energy Value): 348 kcal\/100g<br \/>Ya\u011f (Fat Content): %1,57\/100g<br \/>Doymu\u015f Ya\u011f (Saturated Fatty Acids): 0,20 g\/100g<br \/>Doymam\u0131\u015f Ya\u011f (Unsaturated Fatty Acids): 1,37 g\/100g<br \/>Tekli Doymam\u0131\u015f Ya\u011f (Monounsaturated Fatty Acids): 0,89 g\/100g<br \/>\u00c7oklu Doymam\u0131\u015f Ya\u011f (Polyunsaturated Fatty Acids): 0,48 g\/100g<br \/>Trans Ya\u011f Asitleri (Trans Fatty Acids): 0,24 g\/100g<br \/>Karbonhidrat (Carbohydrates): 81,81 g\/100g<br \/>Toplam \u015eeker (Total Sugars as Saccharose): 63,08 g\/100g<br \/>Diyet Lifi (Dietary Fiber): 1,35 g\/100g<br \/>Protein: 0,94 g\/100g<br \/>Tuz (Salt Content): 0 g\/100g<\/p><p><strong>Alerjen Bilgisi:<\/strong><br \/>Susam, kereviz tohumu, f\u0131nd\u0131k, ceviz, yerf\u0131st\u0131\u011f\u0131, Antep f\u0131st\u0131\u011f\u0131, \u00e7am f\u0131st\u0131\u011f\u0131 i\u00e7erir. Gluten i\u00e7eren tah\u0131llar, kereviz, ac\u0131bakla, hardal \u00fcretilen hatta \u00fcretilmi\u015ftir. Bu \u00fcr\u00fcnlerden eser miktarda i\u00e7erebilir.\\<\/p><p><strong>Men\u015fei:<\/strong> T\u00fcrkiye<br \/><strong>Net Miktar:<\/strong> 400 g<br \/><strong>Yerli \u00dcretim<\/strong><\/p>\t\t\t\t\t\t\t\t<\/div>\n\t\t\t\t<\/div>\n\t\t\t\t\t<\/div>\n\t\t\t\t<\/div>\n\t\t\t\t<\/div>\n\t\t","protected":false},"excerpt":{"rendered":"<p><strong>KRK GIDA G\u00dcL MERKEZ\u0130 MACUNU<\/strong><\/p>\n","protected":false},"featured_media":30633,"comment_status":"open","ping_status":"closed","template":"","meta":[],"product_brand":[],"product_cat":[253],"product_tag":[],"class_list":{"0":"post-30629","1":"product","2":"type-product","3":"status-publish","4":"has-post-thumbnail","6":"product_cat-macunlar","8":"first","9":"instock","10":"shipping-taxable","11":"product-type-simple"},"_links":{"self":[{"href":"https:\/\/www.krkgida.com\/index.php?rest_route=\/wp\/v2\/product\/30629","targetHints":{"allow":["GET"]}}],"collection":[{"href":"https:\/\/www.krkgida.com\/index.php?rest_route=\/wp\/v2\/product"}],"about":[{"href":"https:\/\/www.krkgida.com\/index.php?rest_route=\/wp\/v2\/types\/product"}],"replies":[{"embeddable":true,"href":"https:\/\/www.krkgida.com\/index.php?rest_route=%2Fwp%2Fv2%2Fcomments&post=30629"}],"version-history":[{"count":8,"href":"https:\/\/www.krkgida.com\/index.php?rest_route=\/wp\/v2\/product\/30629\/revisions"}],"predecessor-version":[{"id":31961,"href":"https:\/\/www.krkgida.com\/index.php?rest_route=\/wp\/v2\/product\/30629\/revisions\/31961"}],"wp:featuredmedia":[{"embeddable":true,"href":"https:\/\/www.krkgida.com\/index.php?rest_route=\/wp\/v2\/media\/30633"}],"wp:attachment":[{"href":"https:\/\/www.krkgida.com\/index.php?rest_route=%2Fwp%2Fv2%2Fmedia&parent=30629"}],"wp:term":[{"taxonomy":"product_brand","embeddable":true,"href":"https:\/\/www.krkgida.com\/index.php?rest_route=%2Fwp%2Fv2%2Fproduct_brand&post=30629"},{"taxonomy":"product_cat","embeddable":true,"href":"https:\/\/www.krkgida.com\/index.php?rest_route=%2Fwp%2Fv2%2Fproduct_cat&post=30629"},{"taxonomy":"product_tag","embeddable":true,"href":"https:\/\/www.krkgida.com\/index.php?rest_route=%2Fwp%2Fv2%2Fproduct_tag&post=30629"}],"curies":[{"name":"wp","href":"https:\/\/api.w.org\/{rel}","templated":true}]}}