{"id":30628,"date":"2025-08-22T07:05:06","date_gmt":"2025-08-22T07:05:06","guid":{"rendered":"https:\/\/www.krkgida.com\/?post_type=product&#038;p=30628"},"modified":"2025-08-22T07:44:55","modified_gmt":"2025-08-22T07:44:55","slug":"krk-gida-gul-merkezi-macunu","status":"publish","type":"product","link":"https:\/\/www.krkgida.com\/?product=krk-gida-gul-merkezi-macunu","title":{"rendered":"KRK GIDA G\u00dcL MERKEZ\u0130 MACUNU"},"content":{"rendered":"\t\t<div data-elementor-type=\"product-post\" data-elementor-id=\"30628\" class=\"elementor elementor-30628\" data-elementor-post-type=\"product\">\n\t\t\t\t<div class=\"wd-negative-gap elementor-element elementor-element-5d8ba318 e-flex e-con-boxed e-con e-parent\" data-id=\"5d8ba318\" data-element_type=\"container\">\n\t\t\t\t\t<div class=\"e-con-inner\">\n\t\t\t\t<div class=\"elementor-element elementor-element-1eda8bf5 color-scheme-inherit text-left elementor-widget elementor-widget-text-editor\" data-id=\"1eda8bf5\" data-element_type=\"widget\" data-widget_type=\"text-editor.default\">\n\t\t\t\t<div class=\"elementor-widget-container\">\n\t\t\t\t\t\t\t\t\t<p><strong>KRK GIDA G\u00dcL MERKEZ\u0130 MACUNU<\/strong><\/p><p><strong>\u0130\u00e7indekiler:<\/strong><br \/>\u00c7am Bal\u0131 (%10), Anason (Pimpinella Anisum), Kimyon (Cuminum Cyminum), Ki\u015fni\u015f (Coriandrum Sativum), Rezene (Foeniculum Vulgare), O\u011ful Otu (Melissa Officinalis), Nane (Mentha Piperita), Ihlamur \u00c7i\u00e7e\u011fi (Tilia Sp.), Fesle\u011fen (Ocimum Basilicum), Hatmi \u00c7i\u00e7e\u011fi (Althea Officinalis), Civan Per\u00e7emi \u00c7i\u00e7e\u011fi (Achillea Millefolium), May\u0131s Papatyas\u0131 (Matricaria Recutita \/ M. Chamomilla), Kediotu K\u00f6k\u00fc (Valeriana Officinalis), Meyan K\u00f6k\u00fc (Glycyrrhiza Glabra), Ada\u00e7ay\u0131 Yapra\u011f\u0131 (Salvia Triloba), Lavanta \u00c7i\u00e7e\u011fi (Lavandula Angustifolia Miller), \u015eerbet\u00e7iotu (Humulus Lupulus), Kekik (Thymus Sp.), Is\u0131rgan Tohumu (Urtica Sp.), Sinirli Ot (Plantago Lanceolata), Keten Tohumu (Linum Usitatissimum), Mercank\u00f6\u015fk (Origanum Majorana), Atkuyru\u011fu (K\u0131rkkilitotu) (Equisetum Arvense), Ceviz Yapra\u011f\u0131 (Juglans Regia), Sar\u0131 Kantaron (Hypericum Perforatum), Biberiye (Rosmarinus Officinalis), Ayn\u0131sefa \u00c7i\u00e7e\u011fi (Calendula Officinalis), Ak G\u00fcnl\u00fck (Boswellia Carterii), Tar\u00e7\u0131n (Cinnamomum Sp.), Zerde\u00e7al (Curcuma Longa), Yenibahar (Pimenta Officinalis), Kakule (Elettaria Cardamomum), Zulumba (Curcuma Zedoaria), Hardal (Brassica Nigra), Ku\u015fburnu (Rosa Canina), And\u0131z Rizomu (Inula Helenium Rizome), \u00c7ak\u015f\u0131r K\u00f6k\u00fc (Ferula Elaeochrytis), Zahter (Thymbra Spicata L.), Zencefil (Zingiber Officinale), Havl\u0131can (Alpinia Officinarum), \u00c7\u00f6rekotu (Nigella Sativa), Dar\u0131f\u00fclf\u00fcl (Piper Longum), Karabiber (Piper Nigrum), Havu\u00e7 Tohumu (Daucus Carota), Kereviz Tohumu (Apium Graveolens), Turp Tohumu (Raphanus Sativus), Tere Tohumu (Lepidium Sativum), Maydanoz Tohumu (Petroselinum Sp.), P\u0131rasa Tohumu (Allium Porrum), Portakal U\u00e7ucu Ya\u011f\u0131, Pekmez, \u015eeker, Glikoz \u015eurubu, Su, Sodyum Benzoat E 211, Sitrik Asit E 330.<\/p><p><strong>Kullan\u0131m: \u00a0\u00a0\u00a0\u00a0 <\/strong><br \/><strong>1.<\/strong> Direkt olarak yenebilir<br \/><strong>2.<\/strong>Ekmek \u00fczerine s\u00fcr\u00fclerek t\u00fcketilebilir.<br \/><strong>3.<\/strong>So\u011fuk veya s\u0131cak suya ka\u015f\u0131kla kar\u0131\u015ft\u0131r\u0131larak, so\u011fuk ve s\u0131cak \u00e7ay gibi t\u00fcketilebilir.<\/p><p><strong>Muhafaza Ko\u015fullar\u0131:<\/strong><br \/>Serin, kuru ve \u0131\u015f\u0131ktan uzak ortamda a\u011fz\u0131 kapal\u0131 olarak muhafaza ediniz.<\/p><p><strong>Enerji ve Besin \u00d6\u011feleri (100g i\u00e7in):<\/strong><br \/>Enerji (Energy Value): 320 kcal\/100g<br \/>Ya\u011f (Fat Content): %0,60<br \/>Doymu\u015f Ya\u011f (Saturated Fatty Acids): 0,10 g\/100g<br \/>Doymam\u0131\u015f Ya\u011f (Unsaturated Fatty Acids): 0,50 g\/100g<br \/>Tekli Doymam\u0131\u015f Ya\u011f (Monounsaturated Fatty Acids): 0,26 g\/100g<br \/>\u00c7oklu Doymam\u0131\u015f Ya\u011f (Polyunsaturated Fatty Acids): 0,24 g\/100g<br \/>Trans Ya\u011f Asitleri (Trans Fatty Acids): 0 g\/100g<br \/>Karbonhidrat (Carbohydrates): 75,67 g\/100g<br \/>Toplam \u015eeker (Total Sugars as Saccharose): 47,54 g\/100g<br \/>Diyet Lifi (Dietary Fiber): 1,61 g\/100g<br \/>Protein: 2,17 g\/100g<br \/>Tuz (Salt Content): 0 g\/100g<\/p><p><strong>Alerjen Bilgisi:<\/strong><br \/>Susam, Kereviz Tohumu, Hardal i\u00e7erir.<br \/>F\u0131nd\u0131k, kabuklu yemi\u015fler, gluten i\u00e7eren tah\u0131llar, ac\u0131bakla \u00fcretilen hatta \u00fcretilmi\u015ftir.<br \/>Bu \u00fcr\u00fcnlerden eser miktarda i\u00e7erebilir.<\/p><p><strong>Men\u015fei:<\/strong> T\u00fcrkiye<br \/><strong>Net Miktar:<\/strong> 400 g<br \/><strong>Yerli \u00dcretim<\/strong><\/p>\t\t\t\t\t\t\t\t<\/div>\n\t\t\t\t<\/div>\n\t\t\t\t\t<\/div>\n\t\t\t\t<\/div>\n\t\t\t\t<\/div>\n\t\t","protected":false},"excerpt":{"rendered":"<p><strong>KRK GIDA G\u00dcL MERKEZ\u0130 MACUNU<\/strong><\/p>\n","protected":false},"featured_media":30632,"comment_status":"open","ping_status":"closed","template":"","meta":[],"product_brand":[],"product_cat":[253],"product_tag":[],"class_list":{"0":"post-30628","1":"product","2":"type-product","3":"status-publish","4":"has-post-thumbnail","6":"product_cat-macunlar","8":"first","9":"instock","10":"shipping-taxable","11":"product-type-simple"},"_links":{"self":[{"href":"https:\/\/www.krkgida.com\/index.php?rest_route=\/wp\/v2\/product\/30628","targetHints":{"allow":["GET"]}}],"collection":[{"href":"https:\/\/www.krkgida.com\/index.php?rest_route=\/wp\/v2\/product"}],"about":[{"href":"https:\/\/www.krkgida.com\/index.php?rest_route=\/wp\/v2\/types\/product"}],"replies":[{"embeddable":true,"href":"https:\/\/www.krkgida.com\/index.php?rest_route=%2Fwp%2Fv2%2Fcomments&post=30628"}],"version-history":[{"count":7,"href":"https:\/\/www.krkgida.com\/index.php?rest_route=\/wp\/v2\/product\/30628\/revisions"}],"predecessor-version":[{"id":30765,"href":"https:\/\/www.krkgida.com\/index.php?rest_route=\/wp\/v2\/product\/30628\/revisions\/30765"}],"wp:featuredmedia":[{"embeddable":true,"href":"https:\/\/www.krkgida.com\/index.php?rest_route=\/wp\/v2\/media\/30632"}],"wp:attachment":[{"href":"https:\/\/www.krkgida.com\/index.php?rest_route=%2Fwp%2Fv2%2Fmedia&parent=30628"}],"wp:term":[{"taxonomy":"product_brand","embeddable":true,"href":"https:\/\/www.krkgida.com\/index.php?rest_route=%2Fwp%2Fv2%2Fproduct_brand&post=30628"},{"taxonomy":"product_cat","embeddable":true,"href":"https:\/\/www.krkgida.com\/index.php?rest_route=%2Fwp%2Fv2%2Fproduct_cat&post=30628"},{"taxonomy":"product_tag","embeddable":true,"href":"https:\/\/www.krkgida.com\/index.php?rest_route=%2Fwp%2Fv2%2Fproduct_tag&post=30628"}],"curies":[{"name":"wp","href":"https:\/\/api.w.org\/{rel}","templated":true}]}}