{"id":30609,"date":"2025-08-22T06:59:33","date_gmt":"2025-08-22T06:59:33","guid":{"rendered":"https:\/\/www.krkgida.com\/?post_type=product&#038;p=30609"},"modified":"2025-08-22T07:00:21","modified_gmt":"2025-08-22T07:00:21","slug":"krk-gida-andiz-rizomlu-macun","status":"publish","type":"product","link":"https:\/\/www.krkgida.com\/?product=krk-gida-andiz-rizomlu-macun","title":{"rendered":"KRK GIDA ANDIZ R\u0130ZOMLU MACUN"},"content":{"rendered":"\t\t<div data-elementor-type=\"product-post\" data-elementor-id=\"30609\" class=\"elementor elementor-30609\" data-elementor-post-type=\"product\">\n\t\t\t\t<div class=\"wd-negative-gap elementor-element elementor-element-64df90f8 e-flex e-con-boxed e-con e-parent\" data-id=\"64df90f8\" data-element_type=\"container\">\n\t\t\t\t\t<div class=\"e-con-inner\">\n\t\t\t\t<div class=\"elementor-element elementor-element-4baabca0 color-scheme-inherit text-left elementor-widget elementor-widget-text-editor\" data-id=\"4baabca0\" data-element_type=\"widget\" data-widget_type=\"text-editor.default\">\n\t\t\t\t<div class=\"elementor-widget-container\">\n\t\t\t\t\t\t\t\t\t<p><strong>KRK GIDA ANDIZ R\u0130ZOMLU MACUN<\/strong><br \/><strong>\u0130\u00e7indekiler:<\/strong><br \/>%10 \u00c7am Bal\u0131, Atkuyru\u011fu (K\u0131rkkilitotu) (Equisetum Arvense), Kara Halile (Terminalia Sp.), Peryavsanotu (Teucrium Polium), Ac\u0131 Bakla (Lupinus Sp.), Zulumba (Curcuma Zedoaria), And\u0131zotu Rizomu (Inula Helenium), Ku\u015fburnu (Rosa Canina L.), Civan Per\u00e7emi \u00c7i\u00e7e\u011fi (Achillea Millefolium), \u00dczerlik Tohumu (Peganum Harmala), Keten Tohumu (Linum Usitatissimum), Ha\u015fha\u015f Tohumu (Papaver Somniferum), Susam (Sesamum Indicum L.), Sinameki Yapra\u011f\u0131 (Cassia Acutifolia), Portakal U\u00e7ucu Ya\u011f\u0131, Meyan K\u00f6k\u00fc (Glycyrrhiza Glabra), Sodyum Benzoat E211, Sitrik Asit E330, \u015eeker, Glikoz \u015eurubu, Su, Pekmez.<\/p><p><strong>Kullan\u0131m:<br \/>1. <\/strong>Direkt olarak yenebilir<strong><br \/>2.<\/strong>Ekmek \u00fczerine s\u00fcr\u00fclerek t\u00fcketilebilir.<strong><br \/>3.<\/strong>So\u011fuk veya s\u0131cak suya ka\u015f\u0131kla kar\u0131\u015ft\u0131r\u0131larak, so\u011fuk ve s\u0131cak \u00e7ay gibi t\u00fcketilebilir.<\/p><p><strong>Muhafaza Ko\u015fullar\u0131:<\/strong><br \/>Serin, kuru ve \u0131\u015f\u0131ktan uzak ortamda a\u011fz\u0131 kapal\u0131 olarak muhafaza ediniz.<\/p><p><strong>Enerji ve Besin \u00d6\u011feleri (100g i\u00e7in):<\/strong><br \/>Enerji (Energy Value): 319 kcal\/100g<br \/>Ya\u011f (Fat Content): %0,80<br \/>Doymu\u015f Ya\u011f (Saturated Fatty Acids): 0,10 g\/100g<br \/>Doymam\u0131\u015f Ya\u011f (Unsaturated Fatty Acids): 0,70 g\/100g<br \/>Tekli Doymam\u0131\u015f Ya\u011f (Monounsaturated Fatty Acids): 0,20 g\/100g<br \/>\u00c7oklu Doymam\u0131\u015f Ya\u011f (Polyunsaturated Fatty Acids): 0,49 g\/100g<br \/>Trans Ya\u011f Asitleri (Trans Fatty Acids): 0 g\/100g<br \/>Karbonhidrat (Carbohydrates): 75,79 g\/100g<br \/>Toplam \u015eeker (Total Sugars as Saccharose): 50,13 g\/100g<br \/>Diyet Lifi (Dietary Fiber): 3,07 g\/100g<br \/>Protein: 0,69 g\/100g<br \/>Tuz (Salt Content): 0 g\/100g<\/p><p><strong>Alerjen Bilgisi:<\/strong><br \/>Susam i\u00e7erir. F\u0131nd\u0131k, kabuklu yemi\u015fler, gluten i\u00e7eren tah\u0131llar, kereviz, ac\u0131baka, hardal \u00fcretilen hatlarda \u00fcretilmi\u015ftir.<br \/>Bu \u00fcr\u00fcnlerden eser miktarda i\u00e7erebilir.<\/p><p><strong>Men\u015fei:<\/strong> T\u00fcrkiye<br \/><strong>Net Miktar:<\/strong> 400 g<br \/><strong>Yerli \u00dcretim<\/strong><\/p>\t\t\t\t\t\t\t\t<\/div>\n\t\t\t\t<\/div>\n\t\t\t\t\t<\/div>\n\t\t\t\t<\/div>\n\t\t\t\t<\/div>\n\t\t","protected":false},"excerpt":{"rendered":"<p><strong>KRK GIDA ANDIZ R\u0130ZOMLU MACUN<\/strong><\/p>\n","protected":false},"featured_media":30610,"comment_status":"open","ping_status":"closed","template":"","meta":[],"product_brand":[],"product_cat":[253],"product_tag":[],"class_list":{"0":"post-30609","1":"product","2":"type-product","3":"status-publish","4":"has-post-thumbnail","6":"product_cat-macunlar","8":"first","9":"instock","10":"shipping-taxable","11":"product-type-simple"},"_links":{"self":[{"href":"https:\/\/www.krkgida.com\/index.php?rest_route=\/wp\/v2\/product\/30609","targetHints":{"allow":["GET"]}}],"collection":[{"href":"https:\/\/www.krkgida.com\/index.php?rest_route=\/wp\/v2\/product"}],"about":[{"href":"https:\/\/www.krkgida.com\/index.php?rest_route=\/wp\/v2\/types\/product"}],"replies":[{"embeddable":true,"href":"https:\/\/www.krkgida.com\/index.php?rest_route=%2Fwp%2Fv2%2Fcomments&post=30609"}],"version-history":[{"count":4,"href":"https:\/\/www.krkgida.com\/index.php?rest_route=\/wp\/v2\/product\/30609\/revisions"}],"predecessor-version":[{"id":30624,"href":"https:\/\/www.krkgida.com\/index.php?rest_route=\/wp\/v2\/product\/30609\/revisions\/30624"}],"wp:featuredmedia":[{"embeddable":true,"href":"https:\/\/www.krkgida.com\/index.php?rest_route=\/wp\/v2\/media\/30610"}],"wp:attachment":[{"href":"https:\/\/www.krkgida.com\/index.php?rest_route=%2Fwp%2Fv2%2Fmedia&parent=30609"}],"wp:term":[{"taxonomy":"product_brand","embeddable":true,"href":"https:\/\/www.krkgida.com\/index.php?rest_route=%2Fwp%2Fv2%2Fproduct_brand&post=30609"},{"taxonomy":"product_cat","embeddable":true,"href":"https:\/\/www.krkgida.com\/index.php?rest_route=%2Fwp%2Fv2%2Fproduct_cat&post=30609"},{"taxonomy":"product_tag","embeddable":true,"href":"https:\/\/www.krkgida.com\/index.php?rest_route=%2Fwp%2Fv2%2Fproduct_tag&post=30609"}],"curies":[{"name":"wp","href":"https:\/\/api.w.org\/{rel}","templated":true}]}}