{"id":30608,"date":"2025-08-22T06:59:30","date_gmt":"2025-08-22T06:59:30","guid":{"rendered":"https:\/\/www.krkgida.com\/?post_type=product&#038;p=30608"},"modified":"2026-01-05T16:40:45","modified_gmt":"2026-01-05T16:40:45","slug":"krk-gida-bisina-macunu","status":"publish","type":"product","link":"https:\/\/www.krkgida.com\/?product=krk-gida-bisina-macunu","title":{"rendered":"KRK GIDA B\u0130S\u0130NA MACUNU"},"content":{"rendered":"\t\t<div data-elementor-type=\"product-post\" data-elementor-id=\"30608\" class=\"elementor elementor-30608\" data-elementor-post-type=\"product\">\n\t\t\t\t<div class=\"wd-negative-gap elementor-element elementor-element-5f08b158 e-flex e-con-boxed e-con e-parent\" data-id=\"5f08b158\" data-element_type=\"container\">\n\t\t\t\t\t<div class=\"e-con-inner\">\n\t\t\t\t<div class=\"elementor-element elementor-element-16428964 color-scheme-inherit text-left elementor-widget elementor-widget-text-editor\" data-id=\"16428964\" data-element_type=\"widget\" data-widget_type=\"text-editor.default\">\n\t\t\t\t<div class=\"elementor-widget-container\">\n\t\t\t\t\t\t\t\t\t<p><strong>KRK GIDA B\u0130S\u0130NA MACUNU<\/strong><br \/><strong>\u0130\u00e7indekiler:<\/strong><br \/>\u00c7am Bal\u0131 (%10), And\u0131zotu Rizomu (<em>Inula Helenium rhizome<\/em>), Meyan K\u00f6k\u00fc (<em>Glycyrrhiza Glabra<\/em>), Susam (<em>Sesamum orientale<\/em>), Okaliptus Yapra\u011f\u0131 (<em>Eucalyptus Sp.<\/em>), Ihlamur \u00c7i\u00e7e\u011fi (<em>Tilia Sp.<\/em>), Sinirli Ot (<em>Plantago Lanceolata<\/em>), Nane (<em>Mentha Piperita<\/em>), \u00c7emen Tohumu (<em>Trigonella Foenum-Graecum<\/em>), Havl\u0131can (<em>Alpinia Officinarum<\/em>), Hatmi \u00c7i\u00e7e\u011fi (<em>Althea Officinalis<\/em>), Lavanta \u00c7i\u00e7e\u011fi (<em>Lavandula Angustifolia Miller<\/em>), Keten Tohumu (<em>Linum Usitatissimum<\/em>), Mersin Yapra\u011f\u0131 (<em>Myrtus Communis<\/em>), Tar\u00e7\u0131n (<em>Cinnamomum Sp.<\/em>), Ada\u00e7ay\u0131 (<em>Salvia Triloba<\/em>, <em>S. Grandiflora<\/em>), Kekik (<em>Thymus Sp.<\/em>), S\u0131\u011f\u0131r Kuyru\u011fu \u00c7i\u00e7e\u011fi (<em>Verbascum Sp.<\/em>), Zencefil (<em>Zingiber Officinale<\/em>), Ki\u015fni\u015f (<em>Coriandrum Sativum<\/em>), Biberiye (<em>Rosmarinus Officinalis<\/em>), Anason (<em>Pimpinella Anisum<\/em>), Rezene (<em>Foeniculum Vulgare<\/em>), Defne Yapra\u011f\u0131 (<em>Laurus Nobilis<\/em>), Mercan K\u00f6\u015fk (<em>Origanum Majorana<\/em>), Ak G\u00fcnl\u00fck (<em>Boswellia Carteri<\/em>), Okaliptus U\u00e7ucu Ya\u011f\u0131, Pekmez, \u015eeker, Glikoz \u015eurubu, Su, Sodyum Benzoat E 211, Sitrik Asit E 330.<\/p><p><strong>Kullan\u0131m: \u00a0\u00a0\u00a0\u00a0\u00a0<\/strong><br \/><strong>\u00a01. <\/strong>Direkt olarak yenebilir.<strong><br \/>2.<\/strong>Ekmek \u00fczerine s\u00fcr\u00fclerek t\u00fcketilebilir.<strong><br \/>3.<\/strong>So\u011fuk veya s\u0131cak suya ka\u015f\u0131kla kar\u0131\u015ft\u0131r\u0131larak, so\u011fuk ve s\u0131cak \u00e7ay gibi t\u00fcketilebilir.<\/p><p><strong>Muhafaza Ko\u015fullar\u0131:<\/strong><br \/>Serin, kuru ve \u0131\u015f\u0131ktan uzak ortamda a\u011fz\u0131 kapal\u0131 olarak muhafaza ediniz.<\/p><p><strong>Enerji ve Besin \u00d6\u011feleri (100g i\u00e7in):<\/strong><br \/>Enerji (Energy Value): 320 kcal\/100g<br \/>Ya\u011f (Fat Content): %0,73<br \/>Doymu\u015f Ya\u011f (Saturated Fatty Acids): 0,12 g\/100g<br \/>Doymam\u0131\u015f Ya\u011f (Unsaturated Fatty Acids): 0,61 g\/100g<br \/>Tekli Doymam\u0131\u015f Ya\u011f (Monounsaturated Fatty Acids): 0,31 g\/100g<br \/>\u00c7oklu Doymam\u0131\u015f Ya\u011f (Polyunsaturated Fatty Acids): 0,30 g\/100g<br \/>Trans Ya\u011f Asitleri (Trans Fatty Acids): 0 g\/100g<br \/>Karbonhidrat (Carbohydrates): 74,82 g\/100g<br \/>Toplam \u015eeker (Total Sugars as Saccharose): 48,50 g\/100g<br \/>Diyet Lifi (Dietary Fiber): 2,67 g\/100g<br \/>Protein: 2,28 g\/100g<br \/>Tuz (Salt Content): 0 g\/100g<\/p><p><strong>Alerjen Bilgisi:<\/strong><br \/>Susam i\u00e7erir. F\u0131nd\u0131k, kabuklu yemi\u015fler, gluten i\u00e7eren tah\u0131llar, kereviz, ac\u0131baka, hardal \u00fcretilen hatlarda \u00fcretilmi\u015ftir.<br \/>Bu \u00fcr\u00fcnlerden eser miktarda i\u00e7erebilir.<\/p><p><strong>Men\u015fei:<\/strong> T\u00fcrkiye<br \/><strong>Net Miktar:<\/strong> 400 g<br \/><strong>Yerli \u00dcretim<\/strong><\/p>\t\t\t\t\t\t\t\t<\/div>\n\t\t\t\t<\/div>\n\t\t\t\t\t<\/div>\n\t\t\t\t<\/div>\n\t\t\t\t<\/div>\n\t\t","protected":false},"excerpt":{"rendered":"<p><strong>KRK GIDA B\u0130S\u0130NA MACUNU<\/strong><\/p>\n","protected":false},"featured_media":30611,"comment_status":"open","ping_status":"closed","template":"","meta":[],"product_brand":[],"product_cat":[253],"product_tag":[],"class_list":{"0":"post-30608","1":"product","2":"type-product","3":"status-publish","4":"has-post-thumbnail","6":"product_cat-macunlar","8":"first","9":"instock","10":"shipping-taxable","11":"product-type-simple"},"_links":{"self":[{"href":"https:\/\/www.krkgida.com\/index.php?rest_route=\/wp\/v2\/product\/30608","targetHints":{"allow":["GET"]}}],"collection":[{"href":"https:\/\/www.krkgida.com\/index.php?rest_route=\/wp\/v2\/product"}],"about":[{"href":"https:\/\/www.krkgida.com\/index.php?rest_route=\/wp\/v2\/types\/product"}],"replies":[{"embeddable":true,"href":"https:\/\/www.krkgida.com\/index.php?rest_route=%2Fwp%2Fv2%2Fcomments&post=30608"}],"version-history":[{"count":10,"href":"https:\/\/www.krkgida.com\/index.php?rest_route=\/wp\/v2\/product\/30608\/revisions"}],"predecessor-version":[{"id":31966,"href":"https:\/\/www.krkgida.com\/index.php?rest_route=\/wp\/v2\/product\/30608\/revisions\/31966"}],"wp:featuredmedia":[{"embeddable":true,"href":"https:\/\/www.krkgida.com\/index.php?rest_route=\/wp\/v2\/media\/30611"}],"wp:attachment":[{"href":"https:\/\/www.krkgida.com\/index.php?rest_route=%2Fwp%2Fv2%2Fmedia&parent=30608"}],"wp:term":[{"taxonomy":"product_brand","embeddable":true,"href":"https:\/\/www.krkgida.com\/index.php?rest_route=%2Fwp%2Fv2%2Fproduct_brand&post=30608"},{"taxonomy":"product_cat","embeddable":true,"href":"https:\/\/www.krkgida.com\/index.php?rest_route=%2Fwp%2Fv2%2Fproduct_cat&post=30608"},{"taxonomy":"product_tag","embeddable":true,"href":"https:\/\/www.krkgida.com\/index.php?rest_route=%2Fwp%2Fv2%2Fproduct_tag&post=30608"}],"curies":[{"name":"wp","href":"https:\/\/api.w.org\/{rel}","templated":true}]}}