{"id":30359,"date":"2025-08-21T11:40:39","date_gmt":"2025-08-21T11:40:39","guid":{"rendered":"https:\/\/www.krkgida.com\/?post_type=product&#038;p=30359"},"modified":"2026-01-02T19:31:43","modified_gmt":"2026-01-02T19:31:43","slug":"flute-cubuk-tutsu-magic-dreams","status":"publish","type":"product","link":"https:\/\/www.krkgida.com\/?product=flute-cubuk-tutsu-magic-dreams","title":{"rendered":"FLUTE \u00c7UBUK T\u00dcTS\u00dc MAGIC DREAMS"},"content":{"rendered":"\t\t<div data-elementor-type=\"product-post\" data-elementor-id=\"30359\" class=\"elementor elementor-30359\" data-elementor-post-type=\"product\">\n\t\t\t\t<div class=\"wd-negative-gap elementor-element elementor-element-57cf7207 e-flex e-con-boxed e-con e-parent\" data-id=\"57cf7207\" data-element_type=\"container\">\n\t\t\t\t\t<div class=\"e-con-inner\">\n\t\t\t\t<div class=\"elementor-element elementor-element-5b637054 color-scheme-inherit text-left elementor-widget elementor-widget-text-editor\" data-id=\"5b637054\" data-element_type=\"widget\" data-widget_type=\"text-editor.default\">\n\t\t\t\t<div class=\"elementor-widget-container\">\n\t\t\t\t\t\t\t\t\t<p><strong>FLUTE \u00c7UBUK T\u00dcTS\u00dc MAGIC DREAMS(1 KUTU =6 ADET = 120 ADET \u00c7UBUK)<\/strong><\/p><p><strong>\u0130HRACAT\u00c7I F\u0130RMA (EXPORTED BY):<\/strong><br \/>N. RANGA RAO &amp; SONS PVT. LTD.,<br \/><strong>\u0130THALAT\u00c7I F\u0130RMA (IMPORTED BY):<\/strong><br \/>KRK GIDA VE K\u0130M. MAD. LTD. \u015eT\u0130.<br \/><strong>\u00dcR\u00dcN\u00dcN ADI:<\/strong><br \/>FLUTE BRAND HEXA \u00c7UBUK T\u00dcTS\u00dc (1*20=20 ADET \u00c7UBUK)<\/p><p><strong>AMA\u00c7LANAN KULLANIM ALANI:<\/strong><br \/>HAVA AROMAT\u0130ZE ED\u0130C\u0130<\/p><p><strong>\u00dcR\u00dcN\u00dc OLU\u015eTURAN MADDELER\u0130N CAS NUMARALARI:<\/strong><\/p><ul><li>SEL\u00dcLOZ CAS NO: 9004-34-6<\/li><li>KARBON S\u0130YAHI CAS NO: 1333-86-4<\/li><li>D\u0130PROP\u0130LEN GL\u0130KOL CAS NO: 25265-71-8<\/li><li>ESANS<\/li><\/ul><p><strong>KULLANIM TAL\u0130MATI:<\/strong><br \/>\u00c7ubuk t\u00fcts\u00fcn\u00fcn ucu bir kibrit veya \u00e7akmak kullan\u0131larak yak\u0131l\u0131r, alev \u00fcflenerek s\u00f6nd\u00fcr\u00fcl\u00fcr. \u00c7ubuk t\u00fcts\u00fc, t\u00fcts\u00fc tahtas\u0131na yerle\u015ftirilerek kendi haline b\u0131rak\u0131l\u0131r.<\/p><p><strong>UYARILAR:<\/strong><\/p><ol><li>Kullan\u0131m talimat\u0131n\u0131 mutlaka okuyunuz.<\/li><li>\u00c7ocuklardan uzak tutunuz.<\/li><li>Hamilelerin, bebeklerin ve solunum sistemi hastal\u0131\u011f\u0131 olan ki\u015filerin bulundu\u011fu ortamlarda kullanmay\u0131n\u0131z.<\/li><li>G\u0131da maddelerinden uzak tutunuz.<\/li><li>Do\u011frudan solumay\u0131n\u0131z, v\u00fccuda temas ettirmeyiniz.<\/li><li>Alerjiye sebebiyet verebilir.<\/li><\/ol><p><strong>Web Siteleri:<\/strong><br \/><a href=\"http:\/\/www.cubuktutsu.com\">www.cubuktutsu.com<\/a> \u2014 <a href=\"http:\/\/www.krkgida.com\">www.krkgida.com<\/a><\/p><p><strong>\u00dcRET\u0130M TAR\u0130H\u0130 (PRODUCTION DATE):<\/strong> 11 \/ 2024<br \/><strong>SON KULLANIM TAR\u0130H\u0130 (EXPIRE DATE):<\/strong> 11 \/ 2029<br \/><strong>PART\u0130 SER\u0130 NO (BATCH NUMBER):<\/strong> AGR2024.3<\/p><p>\u00a0<\/p>\t\t\t\t\t\t\t\t<\/div>\n\t\t\t\t<\/div>\n\t\t\t\t\t<\/div>\n\t\t\t\t<\/div>\n\t\t\t\t<\/div>\n\t\t","protected":false},"excerpt":{"rendered":"<p><strong>FLUTE \u00c7UBUK T\u00dcTS\u00dc MAGIC DREAMS<\/strong><\/p>\n","protected":false},"featured_media":30362,"comment_status":"open","ping_status":"closed","template":"","meta":[],"product_brand":[],"product_cat":[252],"product_tag":[],"class_list":{"0":"post-30359","1":"product","2":"type-product","3":"status-publish","4":"has-post-thumbnail","6":"product_cat-tutsuler","8":"first","9":"instock","10":"shipping-taxable","11":"product-type-simple"},"_links":{"self":[{"href":"https:\/\/www.krkgida.com\/index.php?rest_route=\/wp\/v2\/product\/30359","targetHints":{"allow":["GET"]}}],"collection":[{"href":"https:\/\/www.krkgida.com\/index.php?rest_route=\/wp\/v2\/product"}],"about":[{"href":"https:\/\/www.krkgida.com\/index.php?rest_route=\/wp\/v2\/types\/product"}],"replies":[{"embeddable":true,"href":"https:\/\/www.krkgida.com\/index.php?rest_route=%2Fwp%2Fv2%2Fcomments&post=30359"}],"version-history":[{"count":4,"href":"https:\/\/www.krkgida.com\/index.php?rest_route=\/wp\/v2\/product\/30359\/revisions"}],"predecessor-version":[{"id":31825,"href":"https:\/\/www.krkgida.com\/index.php?rest_route=\/wp\/v2\/product\/30359\/revisions\/31825"}],"wp:featuredmedia":[{"embeddable":true,"href":"https:\/\/www.krkgida.com\/index.php?rest_route=\/wp\/v2\/media\/30362"}],"wp:attachment":[{"href":"https:\/\/www.krkgida.com\/index.php?rest_route=%2Fwp%2Fv2%2Fmedia&parent=30359"}],"wp:term":[{"taxonomy":"product_brand","embeddable":true,"href":"https:\/\/www.krkgida.com\/index.php?rest_route=%2Fwp%2Fv2%2Fproduct_brand&post=30359"},{"taxonomy":"product_cat","embeddable":true,"href":"https:\/\/www.krkgida.com\/index.php?rest_route=%2Fwp%2Fv2%2Fproduct_cat&post=30359"},{"taxonomy":"product_tag","embeddable":true,"href":"https:\/\/www.krkgida.com\/index.php?rest_route=%2Fwp%2Fv2%2Fproduct_tag&post=30359"}],"curies":[{"name":"wp","href":"https:\/\/api.w.org\/{rel}","templated":true}]}}