{"id":30064,"date":"2025-08-21T10:16:03","date_gmt":"2025-08-21T10:16:03","guid":{"rendered":"https:\/\/www.krkgida.com\/?post_type=product&#038;p=30064"},"modified":"2025-08-21T10:16:03","modified_gmt":"2025-08-21T10:16:03","slug":"flute-cubuk-tutsu-anti-stress","status":"publish","type":"product","link":"https:\/\/www.krkgida.com\/?product=flute-cubuk-tutsu-anti-stress","title":{"rendered":"FLUTE \u00c7UBUK T\u00dcTS\u00dc ANTI STRESS"},"content":{"rendered":"<p><strong>FLUTE \u00c7UBUK T\u00dcTS\u00dc ANTI STRESS(1 KUTU =6 ADET = 120 ADET \u00c7UBUK)<\/strong><\/p>\n<p><strong>\u0130HRACAT\u00c7I F\u0130RMA (EXPORTED BY):<\/strong><br \/>\nN. RANGA RAO &amp; SONS PVT. LTD.,<br \/>\n<strong>\u0130THALAT\u00c7I F\u0130RMA (IMPORTED BY):<\/strong><br \/>\nKRK GIDA VE K\u0130M. MAD. LTD. \u015eT\u0130.<br \/>\n<strong>\u00dcR\u00dcN\u00dcN ADI:<\/strong><br \/>\nFLUTE BRAND HEXA \u00c7UBUK T\u00dcTS\u00dc (1*20=20 ADET \u00c7UBUK)<\/p>\n<p><strong>AMA\u00c7LANAN KULLANIM ALANI:<\/strong><br \/>\nHAVA AROMAT\u0130ZE ED\u0130C\u0130<\/p>\n<p><strong>\u00dcR\u00dcN\u00dc OLU\u015eTURAN MADDELER\u0130N CAS NUMARALARI:<\/strong><\/p>\n<ul>\n<li>SEL\u00dcLOZ CAS NO: 9004-34-6<\/li>\n<li>KARBON S\u0130YAHI CAS NO: 1333-86-4<\/li>\n<li>D\u0130PROP\u0130LEN GL\u0130KOL CAS NO: 25265-71-8<\/li>\n<li>ESANS<\/li>\n<\/ul>\n<p><strong>KULLANIM TAL\u0130MATI:<\/strong><br \/>\n\u00c7ubuk t\u00fcts\u00fcn\u00fcn ucu bir kibrit veya \u00e7akmak kullan\u0131larak yak\u0131l\u0131r, alev \u00fcflenerek s\u00f6nd\u00fcr\u00fcl\u00fcr. \u00c7ubuk t\u00fcts\u00fc, t\u00fcts\u00fc tahtas\u0131na yerle\u015ftirilerek kendi haline b\u0131rak\u0131l\u0131r.<\/p>\n<p><strong>UYARILAR:<\/strong><\/p>\n<ol>\n<li>Kullan\u0131m talimat\u0131n\u0131 mutlaka okuyunuz.<\/li>\n<li>\u00c7ocuklardan uzak tutunuz.<\/li>\n<li>Hamilelerin, bebeklerin ve solunum sistemi hastal\u0131\u011f\u0131 olan ki\u015filerin bulundu\u011fu ortamlarda kullanmay\u0131n\u0131z.<\/li>\n<li>G\u0131da maddelerinden uzak tutunuz.<\/li>\n<li>Do\u011frudan solumay\u0131n\u0131z, v\u00fccuda temas ettirmeyiniz.<\/li>\n<li>Alerjiye sebebiyet verebilir.<\/li>\n<\/ol>\n<p><strong>Web Siteleri:<\/strong><br \/>\n<a href=\"http:\/\/www.cubuktutsu.com\">www.cubuktutsu.com<\/a> \u2014 <a href=\"http:\/\/www.krkgida.com\">www.krkgida.com<\/a><\/p>\n<p><strong>\u00dcRET\u0130M TAR\u0130H\u0130 (PRODUCTION DATE):<\/strong> 11 \/ 2024<br \/>\n<strong>SON KULLANIM TAR\u0130H\u0130 (EXPIRE DATE):<\/strong> 11 \/ 2029<br \/>\n<strong>PART\u0130 SER\u0130 NO (BATCH NUMBER):<\/strong> AGR2024.3<\/p>\n","protected":false},"excerpt":{"rendered":"<p><strong>FLUTE \u00c7UBUK T\u00dcTS\u00dc ANTI STRESS<\/strong><\/p>\n","protected":false},"featured_media":30068,"comment_status":"open","ping_status":"closed","template":"","meta":[],"product_brand":[],"product_cat":[252],"product_tag":[],"class_list":{"0":"post-30064","1":"product","2":"type-product","3":"status-publish","4":"has-post-thumbnail","6":"product_cat-tutsuler","8":"first","9":"instock","10":"shipping-taxable","11":"product-type-simple"},"_links":{"self":[{"href":"https:\/\/www.krkgida.com\/index.php?rest_route=\/wp\/v2\/product\/30064","targetHints":{"allow":["GET"]}}],"collection":[{"href":"https:\/\/www.krkgida.com\/index.php?rest_route=\/wp\/v2\/product"}],"about":[{"href":"https:\/\/www.krkgida.com\/index.php?rest_route=\/wp\/v2\/types\/product"}],"replies":[{"embeddable":true,"href":"https:\/\/www.krkgida.com\/index.php?rest_route=%2Fwp%2Fv2%2Fcomments&post=30064"}],"version-history":[{"count":1,"href":"https:\/\/www.krkgida.com\/index.php?rest_route=\/wp\/v2\/product\/30064\/revisions"}],"predecessor-version":[{"id":30079,"href":"https:\/\/www.krkgida.com\/index.php?rest_route=\/wp\/v2\/product\/30064\/revisions\/30079"}],"wp:featuredmedia":[{"embeddable":true,"href":"https:\/\/www.krkgida.com\/index.php?rest_route=\/wp\/v2\/media\/30068"}],"wp:attachment":[{"href":"https:\/\/www.krkgida.com\/index.php?rest_route=%2Fwp%2Fv2%2Fmedia&parent=30064"}],"wp:term":[{"taxonomy":"product_brand","embeddable":true,"href":"https:\/\/www.krkgida.com\/index.php?rest_route=%2Fwp%2Fv2%2Fproduct_brand&post=30064"},{"taxonomy":"product_cat","embeddable":true,"href":"https:\/\/www.krkgida.com\/index.php?rest_route=%2Fwp%2Fv2%2Fproduct_cat&post=30064"},{"taxonomy":"product_tag","embeddable":true,"href":"https:\/\/www.krkgida.com\/index.php?rest_route=%2Fwp%2Fv2%2Fproduct_tag&post=30064"}],"curies":[{"name":"wp","href":"https:\/\/api.w.org\/{rel}","templated":true}]}}