{"id":30006,"date":"2025-08-21T08:39:49","date_gmt":"2025-08-21T08:39:49","guid":{"rendered":"https:\/\/www.krkgida.com\/?post_type=product&#038;p=30006"},"modified":"2025-08-21T08:41:12","modified_gmt":"2025-08-21T08:41:12","slug":"krk-gida-uzum-cekirdegi-yagi-250cc","status":"publish","type":"product","link":"https:\/\/www.krkgida.com\/?product=krk-gida-uzum-cekirdegi-yagi-250cc","title":{"rendered":"KRK GIDA \u00dcZ\u00dcM \u00c7EK\u0130RDE\u011e\u0130 YA\u011eI 250CC"},"content":{"rendered":"\t\t<div data-elementor-type=\"product-post\" data-elementor-id=\"30006\" class=\"elementor elementor-30006\" data-elementor-post-type=\"product\">\n\t\t\t\t<div class=\"wd-negative-gap elementor-element elementor-element-aa3f9af e-flex e-con-boxed e-con e-parent\" data-id=\"aa3f9af\" data-element_type=\"container\">\n\t\t\t\t\t<div class=\"e-con-inner\">\n\t\t\t\t<div class=\"elementor-element elementor-element-36f372f7 color-scheme-inherit text-left elementor-widget elementor-widget-text-editor\" data-id=\"36f372f7\" data-element_type=\"widget\" data-widget_type=\"text-editor.default\">\n\t\t\t\t<div class=\"elementor-widget-container\">\n\t\t\t\t\t\t\t\t\t<p><strong>KRK GIDA \u00dcZ\u00dcM \u00c7EK\u0130RDE\u011e\u0130 YA\u011eI 250CC<\/strong><\/p><p><strong>\u0130\u00e7indekiler:<\/strong> \u00dcz\u00fcm \u00c7ekirde\u011fi Sabit Ya\u011f\u0131<br \/><strong>\u00dcretim \u015fekli:<\/strong> So\u011fuk S\u0131k\u0131m \/ Cold Pressing<\/p><p><strong>Kullan\u0131m Bilgisi:<\/strong><br \/>G\u0131da olarak kullan\u0131ma uygundur.<br \/>Kozmetik ama\u00e7l\u0131 kullan\u0131ma uygundur.<\/p><p><strong>Uyar\u0131lar:<\/strong><br \/>Bu \u00fcr\u00fcn ila\u00e7 de\u011fildir.<br \/>Serin bir yerde \u015fi\u015fe a\u011fz\u0131 kapal\u0131 olarak muhafaza ediniz.<br \/>\u00c7ocuklar\u0131n ula\u015famayaca\u011f\u0131 yerlerde saklay\u0131n\u0131z.<br \/>Emniyet etiketi y\u0131rt\u0131lm\u0131\u015f ve a\u00e7\u0131lm\u0131\u015f \u00fcr\u00fcnleri sat\u0131n almay\u0131n\u0131z.<\/p><p><strong>English Instructions:<\/strong><br \/>This product is not medicine.<br \/>Sealed bottle in a cool place to keep away.<br \/>Keep away from children.<br \/>Do not buy bottles were opened.<\/p><p><strong>Muhafaza \u015eartlar\u0131:<\/strong><br \/>S\u0131k\u0131ca kapat\u0131lm\u0131\u015f kaplarda, \u0131s\u0131 kaynaklar\u0131ndan ve a\u015f\u0131r\u0131 s\u0131cak ortamlardan uzakta kesinlikle direkt g\u00fcne\u015f \u0131\u015f\u0131\u011f\u0131 almayacak \u015fekilde saklanmal\u0131d\u0131r.<\/p><p><strong>Men\u015fei:<\/strong> T\u00fcrkiye<br \/><strong>YERL\u0130 \u00dcRET\u0130M<\/strong><\/p>\t\t\t\t\t\t\t\t<\/div>\n\t\t\t\t<\/div>\n\t\t\t\t\t<\/div>\n\t\t\t\t<\/div>\n\t\t\t\t<\/div>\n\t\t","protected":false},"excerpt":{"rendered":"<p><strong>KRK GIDA \u00dcZ\u00dcM \u00c7EK\u0130RDE\u011e\u0130 YA\u011eI 250CC<\/strong><\/p>\n","protected":false},"featured_media":30007,"comment_status":"open","ping_status":"closed","template":"","meta":[],"product_brand":[],"product_cat":[256,264],"product_tag":[],"class_list":{"0":"post-30006","1":"product","2":"type-product","3":"status-publish","4":"has-post-thumbnail","6":"product_cat-bitkisel-yaglar","7":"product_cat-250cc-yag","9":"first","10":"instock","11":"shipping-taxable","12":"product-type-simple"},"_links":{"self":[{"href":"https:\/\/www.krkgida.com\/index.php?rest_route=\/wp\/v2\/product\/30006","targetHints":{"allow":["GET"]}}],"collection":[{"href":"https:\/\/www.krkgida.com\/index.php?rest_route=\/wp\/v2\/product"}],"about":[{"href":"https:\/\/www.krkgida.com\/index.php?rest_route=\/wp\/v2\/types\/product"}],"replies":[{"embeddable":true,"href":"https:\/\/www.krkgida.com\/index.php?rest_route=%2Fwp%2Fv2%2Fcomments&post=30006"}],"version-history":[{"count":4,"href":"https:\/\/www.krkgida.com\/index.php?rest_route=\/wp\/v2\/product\/30006\/revisions"}],"predecessor-version":[{"id":30022,"href":"https:\/\/www.krkgida.com\/index.php?rest_route=\/wp\/v2\/product\/30006\/revisions\/30022"}],"wp:featuredmedia":[{"embeddable":true,"href":"https:\/\/www.krkgida.com\/index.php?rest_route=\/wp\/v2\/media\/30007"}],"wp:attachment":[{"href":"https:\/\/www.krkgida.com\/index.php?rest_route=%2Fwp%2Fv2%2Fmedia&parent=30006"}],"wp:term":[{"taxonomy":"product_brand","embeddable":true,"href":"https:\/\/www.krkgida.com\/index.php?rest_route=%2Fwp%2Fv2%2Fproduct_brand&post=30006"},{"taxonomy":"product_cat","embeddable":true,"href":"https:\/\/www.krkgida.com\/index.php?rest_route=%2Fwp%2Fv2%2Fproduct_cat&post=30006"},{"taxonomy":"product_tag","embeddable":true,"href":"https:\/\/www.krkgida.com\/index.php?rest_route=%2Fwp%2Fv2%2Fproduct_tag&post=30006"}],"curies":[{"name":"wp","href":"https:\/\/api.w.org\/{rel}","templated":true}]}}