{"id":29760,"date":"2025-08-21T07:47:21","date_gmt":"2025-08-21T07:47:21","guid":{"rendered":"https:\/\/www.krkgida.com\/?post_type=product&#038;p=29760"},"modified":"2025-08-21T07:48:13","modified_gmt":"2025-08-21T07:48:13","slug":"krk-gida-hindistan-cevizi-yagi-250cc","status":"publish","type":"product","link":"https:\/\/www.krkgida.com\/?product=krk-gida-hindistan-cevizi-yagi-250cc","title":{"rendered":"KRK GIDA H\u0130ND\u0130STAN CEV\u0130Z\u0130 YA\u011eI 250CC"},"content":{"rendered":"\t\t<div data-elementor-type=\"product-post\" data-elementor-id=\"29760\" class=\"elementor elementor-29760\" data-elementor-post-type=\"product\">\n\t\t\t\t<div class=\"wd-negative-gap elementor-element elementor-element-1316dddb e-flex e-con-boxed e-con e-parent\" data-id=\"1316dddb\" data-element_type=\"container\">\n\t\t\t\t\t<div class=\"e-con-inner\">\n\t\t\t\t<div class=\"elementor-element elementor-element-30f4d03c color-scheme-inherit text-left elementor-widget elementor-widget-text-editor\" data-id=\"30f4d03c\" data-element_type=\"widget\" data-widget_type=\"text-editor.default\">\n\t\t\t\t<div class=\"elementor-widget-container\">\n\t\t\t\t\t\t\t\t\t<p><strong>KRK GIDA H\u0130ND\u0130STAN CEV\u0130Z\u0130 YA\u011eI 250CC<\/strong><\/p><p><strong>\u0130\u00e7indekiler:<\/strong> Hindistan Cevizi Ya\u011f\u0131<br \/><strong>\u00dcretim \u015fekli: <\/strong>So\u011fuk s\u0131k\u0131m \/ Cold pressed<\/p><p><strong>Kullan\u0131m Bilgisi;<\/strong><br \/>G\u0131da olarak kullan\u0131ma uygundur.<br \/>Kozmetik ama\u00e7l\u0131 kullan\u0131ma uygundur.<br \/>\u015ei\u015fe i\u00e7eri\u011fi so\u011fuk ortamda b\u0131rak\u0131ld\u0131\u011f\u0131nda donabilir.<br \/>Yaz\u0131n g\u00fcne\u015f alt\u0131nda b\u0131rak\u0131ld\u0131\u011f\u0131nda tamamen s\u0131v\u0131 hale ge\u00e7er.<br \/>Kullan\u0131lmak istendi\u011finde bir kap i\u00e7ine konmu\u015f s\u0131cak su i\u00e7inde benmari usul\u00fc bekletin.<br \/>Tamamen s\u0131v\u0131 hale ge\u00e7ecektir.<\/p><p><strong>Uyar\u0131lar:<\/strong><br \/>Bu \u00fcr\u00fcn ila\u00e7 de\u011fildir.<br \/>Serin bir yerde \u015fi\u015fe a\u011fz\u0131 kapal\u0131 olarak muhafaza ediniz.<br \/>\u00c7ocuklar\u0131n ula\u015famayaca\u011f\u0131 yerlerde saklay\u0131n\u0131z.<br \/>Emniyet etiketi y\u0131rt\u0131lm\u0131\u015f ve a\u00e7\u0131lm\u0131\u015f \u00fcr\u00fcnleri sat\u0131n almay\u0131n\u0131z.<\/p><p><strong>English Instructions:<\/strong><br \/>This product is not medicine.<br \/>Sealed bottle in a cool place to keep away.<br \/>Keep away from children.<br \/>Do not buy bottles were opened.<\/p><p><strong>Men\u015fei:<\/strong> T\u00fcrkiye<br \/><strong>YERL\u0130 \u00dcRET\u0130M<\/strong><\/p>\t\t\t\t\t\t\t\t<\/div>\n\t\t\t\t<\/div>\n\t\t\t\t\t<\/div>\n\t\t\t\t<\/div>\n\t\t\t\t<\/div>\n\t\t","protected":false},"excerpt":{"rendered":"<p><strong>KRK GIDA H\u0130ND\u0130STAN CEV\u0130Z\u0130 YA\u011eI 250CC<\/strong><\/p>\n","protected":false},"featured_media":29764,"comment_status":"open","ping_status":"closed","template":"","meta":[],"product_brand":[],"product_cat":[256,264],"product_tag":[],"class_list":{"0":"post-29760","1":"product","2":"type-product","3":"status-publish","4":"has-post-thumbnail","6":"product_cat-bitkisel-yaglar","7":"product_cat-250cc-yag","9":"first","10":"instock","11":"shipping-taxable","12":"product-type-simple"},"_links":{"self":[{"href":"https:\/\/www.krkgida.com\/index.php?rest_route=\/wp\/v2\/product\/29760","targetHints":{"allow":["GET"]}}],"collection":[{"href":"https:\/\/www.krkgida.com\/index.php?rest_route=\/wp\/v2\/product"}],"about":[{"href":"https:\/\/www.krkgida.com\/index.php?rest_route=\/wp\/v2\/types\/product"}],"replies":[{"embeddable":true,"href":"https:\/\/www.krkgida.com\/index.php?rest_route=%2Fwp%2Fv2%2Fcomments&post=29760"}],"version-history":[{"count":5,"href":"https:\/\/www.krkgida.com\/index.php?rest_route=\/wp\/v2\/product\/29760\/revisions"}],"predecessor-version":[{"id":29781,"href":"https:\/\/www.krkgida.com\/index.php?rest_route=\/wp\/v2\/product\/29760\/revisions\/29781"}],"wp:featuredmedia":[{"embeddable":true,"href":"https:\/\/www.krkgida.com\/index.php?rest_route=\/wp\/v2\/media\/29764"}],"wp:attachment":[{"href":"https:\/\/www.krkgida.com\/index.php?rest_route=%2Fwp%2Fv2%2Fmedia&parent=29760"}],"wp:term":[{"taxonomy":"product_brand","embeddable":true,"href":"https:\/\/www.krkgida.com\/index.php?rest_route=%2Fwp%2Fv2%2Fproduct_brand&post=29760"},{"taxonomy":"product_cat","embeddable":true,"href":"https:\/\/www.krkgida.com\/index.php?rest_route=%2Fwp%2Fv2%2Fproduct_cat&post=29760"},{"taxonomy":"product_tag","embeddable":true,"href":"https:\/\/www.krkgida.com\/index.php?rest_route=%2Fwp%2Fv2%2Fproduct_tag&post=29760"}],"curies":[{"name":"wp","href":"https:\/\/api.w.org\/{rel}","templated":true}]}}