{"id":29306,"date":"2025-08-19T14:13:48","date_gmt":"2025-08-19T14:13:48","guid":{"rendered":"https:\/\/www.krkgida.com\/?post_type=product&#038;p=29306"},"modified":"2025-08-21T06:13:41","modified_gmt":"2025-08-21T06:13:41","slug":"krk-gida-zencefil-yagi-20cc","status":"publish","type":"product","link":"https:\/\/www.krkgida.com\/?product=krk-gida-zencefil-yagi-20cc","title":{"rendered":"KRK GIDA ZENCEF\u0130L YA\u011eI 20CC"},"content":{"rendered":"\t\t<div data-elementor-type=\"product-post\" data-elementor-id=\"29306\" class=\"elementor elementor-29306\" data-elementor-post-type=\"product\">\n\t\t\t\t<div class=\"wd-negative-gap elementor-element elementor-element-486c7074 e-flex e-con-boxed e-con e-parent\" data-id=\"486c7074\" data-element_type=\"container\">\n\t\t\t\t\t<div class=\"e-con-inner\">\n\t\t\t\t<div class=\"elementor-element elementor-element-39f2b33c color-scheme-inherit text-left elementor-widget elementor-widget-text-editor\" data-id=\"39f2b33c\" data-element_type=\"widget\" data-widget_type=\"text-editor.default\">\n\t\t\t\t<div class=\"elementor-widget-container\">\n\t\t\t\t\t\t\t\t\t<strong>KRK GIDA ZENCEF\u0130L YA\u011eI 20CC<\/strong>\n\n<strong>\u0130\u00e7indekiler:<\/strong> Zencefil k\u00f6k\u00fcn\u00fcn ay\u00e7i\u00e7ek ya\u011f\u0131nda maserasyonu ve so\u011fuk s\u0131k\u0131m\u0131\n<strong>\u00dcretim \u015fekli:<\/strong> Maserasyon ve So\u011fuk S\u0131k\u0131m \/ Maceration and Cold Pressing\n\n<strong>Kullan\u0131m Bilgisi:<\/strong>\nG\u0131da olarak kullan\u0131ma uygundur.\nKozmetik ama\u00e7l\u0131 kullan\u0131ma uygundur.\n\n<strong>Uyar\u0131lar:<\/strong>\nBu \u00fcr\u00fcn ila\u00e7 de\u011fildir.\nSerin bir yerde \u015fi\u015fe a\u011fz\u0131 kapal\u0131 olarak muhafaza ediniz.\n\u00c7ocuklar\u0131n ula\u015famayaca\u011f\u0131 yerlerde saklay\u0131n\u0131z.\nEmniyet etiketi y\u0131rt\u0131lm\u0131\u015f ve a\u00e7\u0131lm\u0131\u015f \u00fcr\u00fcnleri sat\u0131n almay\u0131n\u0131z.\n\n<strong>English Instructions:<\/strong>\nThis product is not medicine.\nSealed bottle in a cool place to keep away.\nKeep away from children.\nDo not buy bottles were opened.\n\n<strong>Muhafaza \u015eartlar\u0131:<\/strong>\nS\u0131k\u0131ca kapat\u0131lm\u0131\u015f kaplarda, \u0131s\u0131 kaynaklar\u0131ndan ve a\u015f\u0131r\u0131 s\u0131cak ortamlardan uzakta kesinlikle direkt g\u00fcne\u015f \u0131\u015f\u0131\u011f\u0131 almayacak \u015fekilde saklanmal\u0131d\u0131r.\n\n<strong>Men\u015fei:<\/strong> T\u00fcrkiye\n<strong>YERL\u0130 \u00dcRET\u0130M<\/strong>\t\t\t\t\t\t\t\t<\/div>\n\t\t\t\t<\/div>\n\t\t\t\t\t<\/div>\n\t\t\t\t<\/div>\n\t\t\t\t<\/div>\n\t\t","protected":false},"excerpt":{"rendered":"<p><strong>KRK GIDA ZENCEF\u0130L YA\u011eI 20CC<\/strong><\/p>\n","protected":false},"featured_media":29308,"comment_status":"open","ping_status":"closed","template":"","meta":[],"product_brand":[],"product_cat":[256,265],"product_tag":[],"class_list":{"0":"post-29306","1":"product","2":"type-product","3":"status-publish","4":"has-post-thumbnail","6":"product_cat-bitkisel-yaglar","7":"product_cat-20cc-yag","9":"first","10":"instock","11":"shipping-taxable","12":"product-type-simple"},"_links":{"self":[{"href":"https:\/\/www.krkgida.com\/index.php?rest_route=\/wp\/v2\/product\/29306","targetHints":{"allow":["GET"]}}],"collection":[{"href":"https:\/\/www.krkgida.com\/index.php?rest_route=\/wp\/v2\/product"}],"about":[{"href":"https:\/\/www.krkgida.com\/index.php?rest_route=\/wp\/v2\/types\/product"}],"replies":[{"embeddable":true,"href":"https:\/\/www.krkgida.com\/index.php?rest_route=%2Fwp%2Fv2%2Fcomments&post=29306"}],"version-history":[{"count":4,"href":"https:\/\/www.krkgida.com\/index.php?rest_route=\/wp\/v2\/product\/29306\/revisions"}],"predecessor-version":[{"id":29432,"href":"https:\/\/www.krkgida.com\/index.php?rest_route=\/wp\/v2\/product\/29306\/revisions\/29432"}],"wp:featuredmedia":[{"embeddable":true,"href":"https:\/\/www.krkgida.com\/index.php?rest_route=\/wp\/v2\/media\/29308"}],"wp:attachment":[{"href":"https:\/\/www.krkgida.com\/index.php?rest_route=%2Fwp%2Fv2%2Fmedia&parent=29306"}],"wp:term":[{"taxonomy":"product_brand","embeddable":true,"href":"https:\/\/www.krkgida.com\/index.php?rest_route=%2Fwp%2Fv2%2Fproduct_brand&post=29306"},{"taxonomy":"product_cat","embeddable":true,"href":"https:\/\/www.krkgida.com\/index.php?rest_route=%2Fwp%2Fv2%2Fproduct_cat&post=29306"},{"taxonomy":"product_tag","embeddable":true,"href":"https:\/\/www.krkgida.com\/index.php?rest_route=%2Fwp%2Fv2%2Fproduct_tag&post=29306"}],"curies":[{"name":"wp","href":"https:\/\/api.w.org\/{rel}","templated":true}]}}