{"id":29283,"date":"2025-08-19T14:06:25","date_gmt":"2025-08-19T14:06:25","guid":{"rendered":"https:\/\/www.krkgida.com\/?post_type=product&#038;p=29283"},"modified":"2025-08-21T06:13:08","modified_gmt":"2025-08-21T06:13:08","slug":"krk-gida-spirulina-yagi-20cc","status":"publish","type":"product","link":"https:\/\/www.krkgida.com\/?product=krk-gida-spirulina-yagi-20cc","title":{"rendered":"KRK GIDA SP\u0130RUL\u0130NA YA\u011eI 20CC"},"content":{"rendered":"\t\t<div data-elementor-type=\"product-post\" data-elementor-id=\"29283\" class=\"elementor elementor-29283\" data-elementor-post-type=\"product\">\n\t\t\t\t<div class=\"wd-negative-gap elementor-element elementor-element-2f06bafc e-flex e-con-boxed e-con e-parent\" data-id=\"2f06bafc\" data-element_type=\"container\">\n\t\t\t\t\t<div class=\"e-con-inner\">\n\t\t\t\t<div class=\"elementor-element elementor-element-3ad88ce8 color-scheme-inherit text-left elementor-widget elementor-widget-text-editor\" data-id=\"3ad88ce8\" data-element_type=\"widget\" data-widget_type=\"text-editor.default\">\n\t\t\t\t<div class=\"elementor-widget-container\">\n\t\t\t\t\t\t\t\t\t<p><strong>KRK GIDA SP\u0130RUL\u0130NA YA\u011eI 20CC<\/strong><\/p><p><strong>\u0130\u00e7indekiler:<\/strong> Spirulina&#8217;n\u0131n ay\u00e7i\u00e7ek ya\u011f\u0131nda maserasyonu ve so\u011fuk s\u0131k\u0131m\u0131<br \/><strong>\u00dcretim \u015fekli:<\/strong> So\u011fuk s\u0131k\u0131m \/ Cold pressed<\/p><p><strong>Kullan\u0131m Bilgisi:<\/strong><br \/>G\u0131da olarak kullan\u0131ma uygundur.<br \/>Kozmetik ama\u00e7l\u0131 kullan\u0131ma uygundur.<\/p><p><strong>Uyar\u0131lar:<\/strong><br \/>Bu \u00fcr\u00fcn ila\u00e7 de\u011fildir.<br \/>Serin bir yerde, \u015fi\u015fe a\u011fz\u0131 kapal\u0131 olarak muhafaza ediniz.<br \/>\u00c7ocuklar\u0131n ula\u015famayaca\u011f\u0131 yerlerde saklay\u0131n\u0131z.<br \/>Emniyet etiketi y\u0131rt\u0131lm\u0131\u015f ve a\u00e7\u0131lm\u0131\u015f \u00fcr\u00fcnleri sat\u0131n almay\u0131n\u0131z.<\/p><p><strong>English Instructions:<\/strong><br \/>This product is not medicine.<br \/>Sealed bottle in a cool place to keep away.<br \/>Keep away from children.<br \/>Do not buy bottles that were opened.<\/p><p><strong>Men\u015fei:<\/strong> T\u00fcrkiye<br \/><strong>YERL\u0130 \u00dcRET\u0130M<\/strong><\/p>\t\t\t\t\t\t\t\t<\/div>\n\t\t\t\t<\/div>\n\t\t\t\t\t<\/div>\n\t\t\t\t<\/div>\n\t\t\t\t<\/div>\n\t\t","protected":false},"excerpt":{"rendered":"<p><strong>KRK GIDA SP\u0130RUL\u0130NA YA\u011eI 20CC<\/strong><\/p>\n","protected":false},"featured_media":29285,"comment_status":"open","ping_status":"closed","template":"","meta":[],"product_brand":[],"product_cat":[256,265],"product_tag":[],"class_list":{"0":"post-29283","1":"product","2":"type-product","3":"status-publish","4":"has-post-thumbnail","6":"product_cat-bitkisel-yaglar","7":"product_cat-20cc-yag","9":"first","10":"instock","11":"shipping-taxable","12":"product-type-simple"},"_links":{"self":[{"href":"https:\/\/www.krkgida.com\/index.php?rest_route=\/wp\/v2\/product\/29283","targetHints":{"allow":["GET"]}}],"collection":[{"href":"https:\/\/www.krkgida.com\/index.php?rest_route=\/wp\/v2\/product"}],"about":[{"href":"https:\/\/www.krkgida.com\/index.php?rest_route=\/wp\/v2\/types\/product"}],"replies":[{"embeddable":true,"href":"https:\/\/www.krkgida.com\/index.php?rest_route=%2Fwp%2Fv2%2Fcomments&post=29283"}],"version-history":[{"count":4,"href":"https:\/\/www.krkgida.com\/index.php?rest_route=\/wp\/v2\/product\/29283\/revisions"}],"predecessor-version":[{"id":29420,"href":"https:\/\/www.krkgida.com\/index.php?rest_route=\/wp\/v2\/product\/29283\/revisions\/29420"}],"wp:featuredmedia":[{"embeddable":true,"href":"https:\/\/www.krkgida.com\/index.php?rest_route=\/wp\/v2\/media\/29285"}],"wp:attachment":[{"href":"https:\/\/www.krkgida.com\/index.php?rest_route=%2Fwp%2Fv2%2Fmedia&parent=29283"}],"wp:term":[{"taxonomy":"product_brand","embeddable":true,"href":"https:\/\/www.krkgida.com\/index.php?rest_route=%2Fwp%2Fv2%2Fproduct_brand&post=29283"},{"taxonomy":"product_cat","embeddable":true,"href":"https:\/\/www.krkgida.com\/index.php?rest_route=%2Fwp%2Fv2%2Fproduct_cat&post=29283"},{"taxonomy":"product_tag","embeddable":true,"href":"https:\/\/www.krkgida.com\/index.php?rest_route=%2Fwp%2Fv2%2Fproduct_tag&post=29283"}],"curies":[{"name":"wp","href":"https:\/\/api.w.org\/{rel}","templated":true}]}}