{"id":29226,"date":"2025-08-19T13:50:50","date_gmt":"2025-08-19T13:50:50","guid":{"rendered":"https:\/\/www.krkgida.com\/?post_type=product&#038;p=29226"},"modified":"2025-08-21T06:04:54","modified_gmt":"2025-08-21T06:04:54","slug":"krk-gida-mersin-ucucu-yagi-20cc","status":"publish","type":"product","link":"https:\/\/www.krkgida.com\/?product=krk-gida-mersin-ucucu-yagi-20cc","title":{"rendered":"KRK GIDA MERS\u0130N U\u00c7UCU YA\u011eI 20CC"},"content":{"rendered":"\t\t<div data-elementor-type=\"product-post\" data-elementor-id=\"29226\" class=\"elementor elementor-29226\" data-elementor-post-type=\"product\">\n\t\t\t\t<div class=\"wd-negative-gap elementor-element elementor-element-2742f277 e-flex e-con-boxed e-con e-parent\" data-id=\"2742f277\" data-element_type=\"container\">\n\t\t\t\t\t<div class=\"e-con-inner\">\n\t\t\t\t<div class=\"elementor-element elementor-element-3dec0f08 color-scheme-inherit text-left elementor-widget elementor-widget-text-editor\" data-id=\"3dec0f08\" data-element_type=\"widget\" data-widget_type=\"text-editor.default\">\n\t\t\t\t<div class=\"elementor-widget-container\">\n\t\t\t\t\t\t\t\t\t<strong>KRK GIDA MERS\u0130N U\u00c7UCU YA\u011eI 20CC<\/strong>\n\n<strong>\u0130\u00e7indekiler:<\/strong> Mersin U\u00e7ucu Ya\u011f\u0131\n<strong>\u00dcretim \u015fekli:<\/strong> Distilasyon \/ Distillation\n\n<strong>Kullan\u0131m Bilgisi:<\/strong>\nG\u0131da olarak do\u011frudan kullan\u0131ma uygun de\u011fildir.\n1 kg \u00fcr\u00fcne ortalama 10 gr Mersin U\u00e7ucu Ya\u011f\u0131 kullan\u0131m\u0131 tavsiye edilir.\nYanl\u0131\u015fl\u0131kla yutulursa a\u011f\u0131z suyla \u00e7alkalanmal\u0131 ve t\u0131bbi tavsiye al\u0131nmal\u0131d\u0131r.\nG\u00f6ze s\u0131\u00e7ramas\u0131 halinde en az on dakika bol suyla g\u00f6z y\u0131kanmal\u0131d\u0131r ve t\u0131bbi tavsiye al\u0131nmal\u0131d\u0131r.\n\n<strong>Uyar\u0131lar:<\/strong>\nBu \u00fcr\u00fcn ila\u00e7 de\u011fildir.\nSerin bir yerde, \u015fi\u015fe a\u011fz\u0131 kapal\u0131 olarak muhafaza ediniz.\n\u00c7ocuklar\u0131n ula\u015famayaca\u011f\u0131 yerlerde saklay\u0131n\u0131z.\nEmniyet etiketi y\u0131rt\u0131lm\u0131\u015f ve a\u00e7\u0131lm\u0131\u015f \u00fcr\u00fcnleri sat\u0131n almay\u0131n\u0131z.\n\n<strong>English Instructions:<\/strong>\nThis product is not medicine.\nSealed bottle in a cool place to keep away.\nKeep away from children.\nDo not buy bottles that were opened.\n\n<strong>Men\u015fei:<\/strong> T\u00fcrkiye\n<strong>YERL\u0130 \u00dcRET\u0130M<\/strong>\t\t\t\t\t\t\t\t<\/div>\n\t\t\t\t<\/div>\n\t\t\t\t\t<\/div>\n\t\t\t\t<\/div>\n\t\t\t\t<\/div>\n\t\t","protected":false},"excerpt":{"rendered":"<p><strong>KRK GIDA MERS\u0130N U\u00c7UCU YA\u011eI 20CC<\/strong><\/p>\n","protected":false},"featured_media":29227,"comment_status":"open","ping_status":"closed","template":"","meta":[],"product_brand":[],"product_cat":[256,265],"product_tag":[],"class_list":{"0":"post-29226","1":"product","2":"type-product","3":"status-publish","4":"has-post-thumbnail","6":"product_cat-bitkisel-yaglar","7":"product_cat-20cc-yag","9":"first","10":"instock","11":"shipping-taxable","12":"product-type-simple"},"_links":{"self":[{"href":"https:\/\/www.krkgida.com\/index.php?rest_route=\/wp\/v2\/product\/29226","targetHints":{"allow":["GET"]}}],"collection":[{"href":"https:\/\/www.krkgida.com\/index.php?rest_route=\/wp\/v2\/product"}],"about":[{"href":"https:\/\/www.krkgida.com\/index.php?rest_route=\/wp\/v2\/types\/product"}],"replies":[{"embeddable":true,"href":"https:\/\/www.krkgida.com\/index.php?rest_route=%2Fwp%2Fv2%2Fcomments&post=29226"}],"version-history":[{"count":7,"href":"https:\/\/www.krkgida.com\/index.php?rest_route=\/wp\/v2\/product\/29226\/revisions"}],"predecessor-version":[{"id":29375,"href":"https:\/\/www.krkgida.com\/index.php?rest_route=\/wp\/v2\/product\/29226\/revisions\/29375"}],"wp:featuredmedia":[{"embeddable":true,"href":"https:\/\/www.krkgida.com\/index.php?rest_route=\/wp\/v2\/media\/29227"}],"wp:attachment":[{"href":"https:\/\/www.krkgida.com\/index.php?rest_route=%2Fwp%2Fv2%2Fmedia&parent=29226"}],"wp:term":[{"taxonomy":"product_brand","embeddable":true,"href":"https:\/\/www.krkgida.com\/index.php?rest_route=%2Fwp%2Fv2%2Fproduct_brand&post=29226"},{"taxonomy":"product_cat","embeddable":true,"href":"https:\/\/www.krkgida.com\/index.php?rest_route=%2Fwp%2Fv2%2Fproduct_cat&post=29226"},{"taxonomy":"product_tag","embeddable":true,"href":"https:\/\/www.krkgida.com\/index.php?rest_route=%2Fwp%2Fv2%2Fproduct_tag&post=29226"}],"curies":[{"name":"wp","href":"https:\/\/api.w.org\/{rel}","templated":true}]}}