{"id":28916,"date":"2025-08-19T12:01:44","date_gmt":"2025-08-19T12:01:44","guid":{"rendered":"https:\/\/www.krkgida.com\/?post_type=product&#038;p=28916"},"modified":"2025-09-01T05:25:32","modified_gmt":"2025-09-01T05:25:32","slug":"krk-gida-cin-yagi-20cc","status":"publish","type":"product","link":"https:\/\/www.krkgida.com\/?product=krk-gida-cin-yagi-20cc","title":{"rendered":"KRK GIDA \u00c7\u0130N YA\u011eI 20CC"},"content":{"rendered":"\t\t<div data-elementor-type=\"product-post\" data-elementor-id=\"28916\" class=\"elementor elementor-28916\" data-elementor-post-type=\"product\">\n\t\t\t\t<div class=\"wd-negative-gap elementor-element elementor-element-2abec4af e-flex e-con-boxed e-con e-parent\" data-id=\"2abec4af\" data-element_type=\"container\">\n\t\t\t\t\t<div class=\"e-con-inner\">\n\t\t\t\t<div class=\"elementor-element elementor-element-6245b263 color-scheme-inherit text-left elementor-widget elementor-widget-text-editor\" data-id=\"6245b263\" data-element_type=\"widget\" data-widget_type=\"text-editor.default\">\n\t\t\t\t<div class=\"elementor-widget-container\">\n\t\t\t\t\t\t\t\t\t<p><strong>KRK GIDA \u00c7\u0130N YA\u011eI 20CC<\/strong><\/p><p><strong>\u0130\u00e7indekiler:<\/strong> \u00c7in ya\u011f\u0131 (Menthe China Oil)<br \/><strong>\u00dcretim \u015fekli:<\/strong> So\u011fuk s\u0131k\u0131m \/ Cold pressed<\/p><p><strong>Kullan\u0131m Bilgisi:<\/strong><br \/>\u00dcr\u00fcn temiz cilde birka\u00e7 damla friksiyon (masaj) \u015feklinde tatbik edilir.<br \/>Veya kar\u0131\u015f\u0131m olarak haz\u0131rlanan \u00fcr\u00fcnlerin i\u00e7erisine birka\u00e7 damla ilave edilerek kullan\u0131l\u0131r.<\/p><p><strong>Uyar\u0131lar:<\/strong><br \/>\u0130la\u00e7 ve g\u0131da olarak kullan\u0131lmaz. Haricen kullan\u0131l\u0131r.<br \/>\u00c7ocuklardan uzak tutunuz.<br \/>G\u00f6z ile temas ettirmeyin.<br \/>Yara, yan\u0131k ve \u00e7atlak cilde uygulamay\u0131n\u0131z.<br \/>Serin bir yerde \u015fi\u015fe a\u011fz\u0131 kapal\u0131 olarak muhafaza ediniz.<br \/>Kullanmadan \u00f6nce bilek i\u00e7inde test ediniz.<\/p><p><strong>English Instructions:<\/strong><br \/>This product is not medicine or food additives.<br \/>For external use.<br \/>Keep away from children.<br \/>Avoid contact with eyes.<br \/>Do not apply to burned skin, wounded skin, or cracked skin.<br \/>Sealed bottles and keep it in cool place.<br \/>Please test before using on the skin of your wrist.<\/p><p><strong>Men\u015fei:<\/strong> T\u00fcrkiye<br \/><strong>YERL\u0130 \u00dcRET\u0130M<\/strong><\/p>\t\t\t\t\t\t\t\t<\/div>\n\t\t\t\t<\/div>\n\t\t\t\t\t<\/div>\n\t\t\t\t<\/div>\n\t\t\t\t<\/div>\n\t\t","protected":false},"excerpt":{"rendered":"<p>KRK GIDA \u00c7\u0130N YA\u011eI 20CC<\/p>\n","protected":false},"featured_media":28918,"comment_status":"open","ping_status":"closed","template":"","meta":[],"product_brand":[],"product_cat":[256,265],"product_tag":[],"class_list":{"0":"post-28916","1":"product","2":"type-product","3":"status-publish","4":"has-post-thumbnail","6":"product_cat-bitkisel-yaglar","7":"product_cat-20cc-yag","9":"first","10":"instock","11":"shipping-taxable","12":"product-type-simple"},"_links":{"self":[{"href":"https:\/\/www.krkgida.com\/index.php?rest_route=\/wp\/v2\/product\/28916","targetHints":{"allow":["GET"]}}],"collection":[{"href":"https:\/\/www.krkgida.com\/index.php?rest_route=\/wp\/v2\/product"}],"about":[{"href":"https:\/\/www.krkgida.com\/index.php?rest_route=\/wp\/v2\/types\/product"}],"replies":[{"embeddable":true,"href":"https:\/\/www.krkgida.com\/index.php?rest_route=%2Fwp%2Fv2%2Fcomments&post=28916"}],"version-history":[{"count":13,"href":"https:\/\/www.krkgida.com\/index.php?rest_route=\/wp\/v2\/product\/28916\/revisions"}],"predecessor-version":[{"id":30960,"href":"https:\/\/www.krkgida.com\/index.php?rest_route=\/wp\/v2\/product\/28916\/revisions\/30960"}],"wp:featuredmedia":[{"embeddable":true,"href":"https:\/\/www.krkgida.com\/index.php?rest_route=\/wp\/v2\/media\/28918"}],"wp:attachment":[{"href":"https:\/\/www.krkgida.com\/index.php?rest_route=%2Fwp%2Fv2%2Fmedia&parent=28916"}],"wp:term":[{"taxonomy":"product_brand","embeddable":true,"href":"https:\/\/www.krkgida.com\/index.php?rest_route=%2Fwp%2Fv2%2Fproduct_brand&post=28916"},{"taxonomy":"product_cat","embeddable":true,"href":"https:\/\/www.krkgida.com\/index.php?rest_route=%2Fwp%2Fv2%2Fproduct_cat&post=28916"},{"taxonomy":"product_tag","embeddable":true,"href":"https:\/\/www.krkgida.com\/index.php?rest_route=%2Fwp%2Fv2%2Fproduct_tag&post=28916"}],"curies":[{"name":"wp","href":"https:\/\/api.w.org\/{rel}","templated":true}]}}