{"id":28429,"date":"2025-04-22T12:30:35","date_gmt":"2025-04-22T12:30:35","guid":{"rendered":"https:\/\/www.krkgida.com\/?post_type=product&#038;p=28429"},"modified":"2025-04-23T06:12:23","modified_gmt":"2025-04-23T06:12:23","slug":"afrodit-kukurtlu-iyotlu-sabun","status":"publish","type":"product","link":"https:\/\/www.krkgida.com\/?product=afrodit-kukurtlu-iyotlu-sabun","title":{"rendered":"AFROD\u0130T K\u00dcK\u00dcRTL\u00dc \u0130YOTLU SABUN"},"content":{"rendered":"\t\t<div data-elementor-type=\"product-post\" data-elementor-id=\"28429\" class=\"elementor elementor-28429\" data-elementor-post-type=\"product\">\n\t\t\t\t<div class=\"wd-negative-gap elementor-element elementor-element-7efb3036 e-flex e-con-boxed e-con e-parent\" data-id=\"7efb3036\" data-element_type=\"container\">\n\t\t\t\t\t<div class=\"e-con-inner\">\n\t\t\t\t<div class=\"elementor-element elementor-element-281c02f6 color-scheme-inherit text-left elementor-widget elementor-widget-text-editor\" data-id=\"281c02f6\" data-element_type=\"widget\" data-widget_type=\"text-editor.default\">\n\t\t\t\t<div class=\"elementor-widget-container\">\n\t\t\t\t\t\t\t\t\t<h4><strong>AFROD\u0130T K\u00dcK\u00dcRTL\u00dc VE \u0130YOTLU SABUN<\/strong><\/h4><p><strong>\u0130\u00e7indekiler \/ Ingredients:<\/strong> Sodium Palmate, Sodium Palm Kernelate, Aqua, Sulfur, Parfum, CI 19140, Sodium Chloride, Titanium Dioxide, Potassium Iodide, Tetrasodium Etidronate, Butylphenyl Methylpropional, Linalool, Hexyl Cinnamal, Limonene.<\/p><p><strong>Kullan\u0131m\u0131:<\/strong> Islak sa\u00e7 veya cilde masajla uygulay\u0131n, k\u00f6p\u00fcrt\u00fcn ve iyice durulay\u0131n. G\u00fcnl\u00fck kullan\u0131ma uygundur.<\/p><p><strong>Muhafaza Ko\u015fullar\u0131:<\/strong> Direkt g\u00fcne\u015f \u0131\u015f\u0131\u011f\u0131ndan uzakta, oda s\u0131cakl\u0131\u011f\u0131nda, kuru yerde ve a\u011fz\u0131 kapal\u0131 olarak ambalaj\u0131nda saklay\u0131n\u0131z.<\/p><p><strong>Dikkat:<\/strong> G\u00f6z ile temas\u0131ndan ka\u00e7\u0131n\u0131n ve temas halinde bol su ile y\u0131kay\u0131n\u0131z. \u00c7ocuklar\u0131n ula\u015famayaca\u011f\u0131 yerlerde muhafaza ediniz. G\u0131da de\u011fildir.<\/p><p><strong>SORUMLU K\u0130\u015e\u0130:<\/strong><br \/>KARAKA\u015e BOYA BAHARAT K\u0130MYEV\u0130 MADDELER SAN. ve T\u0130C. LTD. \u015eT\u0130.<br \/>Tahtakale Balkapan\u0131 Sokak No: 1\/D Emin\u00f6n\u00fc \/ \u0130STANBUL<br \/>Tel.: 0212 527 30 33 &#8211; 527 35 32<br \/>www.aphrodite.com.tr \u2022 www.krkgida.com \u2022 info@krkgida.com<\/p><p><strong>Net Miktar:<\/strong> 100 g<br \/><strong>Men\u015fei:<\/strong> T\u00fcrkiye<\/p><p>\u00a0<\/p>\t\t\t\t\t\t\t\t<\/div>\n\t\t\t\t<\/div>\n\t\t\t\t\t<\/div>\n\t\t\t\t<\/div>\n\t\t\t\t<\/div>\n\t\t","protected":false},"excerpt":{"rendered":"<p>AFROD\u0130T K\u00dcK\u00dcRTL\u00dc \u0130YOTLU SABUN<\/p>\n","protected":false},"featured_media":28430,"comment_status":"open","ping_status":"closed","template":"","meta":[],"product_brand":[],"product_cat":[254],"product_tag":[],"class_list":{"0":"post-28429","1":"product","2":"type-product","3":"status-publish","4":"has-post-thumbnail","6":"product_cat-sabunlar","8":"first","9":"instock","10":"shipping-taxable","11":"product-type-simple"},"_links":{"self":[{"href":"https:\/\/www.krkgida.com\/index.php?rest_route=\/wp\/v2\/product\/28429","targetHints":{"allow":["GET"]}}],"collection":[{"href":"https:\/\/www.krkgida.com\/index.php?rest_route=\/wp\/v2\/product"}],"about":[{"href":"https:\/\/www.krkgida.com\/index.php?rest_route=\/wp\/v2\/types\/product"}],"replies":[{"embeddable":true,"href":"https:\/\/www.krkgida.com\/index.php?rest_route=%2Fwp%2Fv2%2Fcomments&post=28429"}],"version-history":[{"count":6,"href":"https:\/\/www.krkgida.com\/index.php?rest_route=\/wp\/v2\/product\/28429\/revisions"}],"predecessor-version":[{"id":28487,"href":"https:\/\/www.krkgida.com\/index.php?rest_route=\/wp\/v2\/product\/28429\/revisions\/28487"}],"wp:featuredmedia":[{"embeddable":true,"href":"https:\/\/www.krkgida.com\/index.php?rest_route=\/wp\/v2\/media\/28430"}],"wp:attachment":[{"href":"https:\/\/www.krkgida.com\/index.php?rest_route=%2Fwp%2Fv2%2Fmedia&parent=28429"}],"wp:term":[{"taxonomy":"product_brand","embeddable":true,"href":"https:\/\/www.krkgida.com\/index.php?rest_route=%2Fwp%2Fv2%2Fproduct_brand&post=28429"},{"taxonomy":"product_cat","embeddable":true,"href":"https:\/\/www.krkgida.com\/index.php?rest_route=%2Fwp%2Fv2%2Fproduct_cat&post=28429"},{"taxonomy":"product_tag","embeddable":true,"href":"https:\/\/www.krkgida.com\/index.php?rest_route=%2Fwp%2Fv2%2Fproduct_tag&post=28429"}],"curies":[{"name":"wp","href":"https:\/\/api.w.org\/{rel}","templated":true}]}}