{"id":28347,"date":"2025-04-02T11:22:45","date_gmt":"2025-04-02T11:22:45","guid":{"rendered":"https:\/\/www.krkgida.com\/?post_type=product&#038;p=28347"},"modified":"2025-04-02T11:39:04","modified_gmt":"2025-04-02T11:39:04","slug":"krk-gida-renklendirici-koyu-kahverengi-dark-brown-brown-ht-e-155-9gr-48-adet","status":"publish","type":"product","link":"https:\/\/www.krkgida.com\/?product=krk-gida-renklendirici-koyu-kahverengi-dark-brown-brown-ht-e-155-9gr-48-adet","title":{"rendered":"KRK GIDA RENKLEND\u0130R\u0130C\u0130 KOYU KAHVERENG\u0130 (DARK BROWN) (BROWN HT) (E 155) 9GR-48 ADET"},"content":{"rendered":"\t\t<div data-elementor-type=\"product-post\" data-elementor-id=\"28347\" class=\"elementor elementor-28347\" data-elementor-post-type=\"product\">\n\t\t\t\t<div class=\"wd-negative-gap elementor-element elementor-element-9257438 e-flex e-con-boxed e-con e-parent\" data-id=\"9257438\" data-element_type=\"container\">\n\t\t\t\t\t<div class=\"e-con-inner\">\n\t\t\t\t<div class=\"elementor-element elementor-element-7b2be441 color-scheme-inherit text-left elementor-widget elementor-widget-text-editor\" data-id=\"7b2be441\" data-element_type=\"widget\" data-widget_type=\"text-editor.default\">\n\t\t\t\t<div class=\"elementor-widget-container\">\n\t\t\t\t\t\t\t\t\t<p>KRK GIDA RENKLEND\u0130R\u0130C\u0130 KOYU KAHVERENG\u0130 (DARK BROWN) (BROWN HT) (E 155)<br \/>\u00dcR\u00dcN \u0130SM\u0130 :\u00a0 \u00a0 \u00a0 \u00a0 \u00a0 \u00a0 \u00a0 \u00a0 \u00a0 \u00a0 \u00a0 \u00a0 \u00a0 \u00a0 \u00a0 \u00a0 \u00a0 \u00a0KRK GIDA RENKLEND\u0130R\u0130C\u0130 KOYU KAHVERENG\u0130 (DARK BROWN) (BROWN HT) (E 155)<br \/>RENK ENDEKS NO:\u00a0 \u00a0 \u00a0 \u00a0 \u00a0 \u00a0 \u00a0 \u00a0 \u00a0 \u00a0 \u00a0 \u00a0 \u00a0 20285<br \/>EEC NUMARASI:\u00a0 \u00a0 \u00a0 \u00a0 \u00a0 \u00a0 \u00a0 \u00a0 \u00a0 \u00a0 \u00a0 \u00a0 \u00a0 \u00a0 \u00a0 E 155<br \/>EINECS:\u00a0 \u00a0 \u00a0 \u00a0 \u00a0 \u00a0 \u00a0 \u00a0 \u00a0 \u00a0 \u00a0 \u00a0 \u00a0 \u00a0 \u00a0 \u00a0 \u00a0 \u00a0 \u00a0 \u00a0 \u00a0 224-924-0<br \/>K\u0130MYASAL FORM\u00dcL:\u00a0 \u00a0 \u00a0 \u00a0 \u00a0 \u00a0 \u00a0 \u00a0 \u00a0 \u00a0 \u00a0 \u00a0 \u00a0C27H18N4Na2O9S2<br \/>TANIMLAMA:\u00a0 \u00a0 \u00a0 \u00a0 \u00a0 \u00a0 \u00a0 \u00a0 \u00a0 \u00a0 \u00a0 \u00a0 \u00a0 \u00a0 \u00a0 \u00a0 \u00a0 \u00a0KIRMIZIMSI- KAHVERENG\u0130 TOZ<br \/>\u0130\u00c7ER\u0130K\u00a0 \u00a0 \u00a0 \u00a0 \u00a0 \u00a0 \u00a0 \u00a0 \u00a0 \u00a0 \u00a0 \u00a0 \u00a0 \u00a0 \u00a0 \u00a0 \u00a0M\u0130KTAR(%WEIGHT)<br \/>TOPLAM RENKLEND\u0130R\u0130C\u0130 MADDE:\u00a0 \u00a0 \u00a0%70<br \/>SODYUM TUZU:\u00a0 \u00a0 \u00a0 \u00a0 \u00a0 \u00a0 \u00a0 \u00a0 \u00a0 \u00a0 \u00a0 \u00a0 \u00a0 \u00a0 \u00a0 \u00a0%30<\/p><p>KRK GIDA RENKLEND\u0130R\u0130C\u0130 KAHVERENG\u0130 (DARK BROWN) (BROWN HT) (E 155) \u00dcR\u00dcN\u00dc T\u00dcRK GIDA KODEKS\u0130NE UYGUN DE\u011eERLERDE \u00dcRET\u0130LM\u0130\u015eT\u0130R.<\/p><p>KULLANILAB\u0130LECE\u011e\u0130 \u00dcR\u00dcNLER VE MAKS\u0130MUM KULLANIM ORANLARI T\u00dcRK GIDA KODEKS\u0130NDE BEL\u0130RT\u0130LM\u0130\u015eT\u0130R.<\/p><p>BAZI \u00dcR\u00dcNLER \u0130\u00c7\u0130N MAKS\u0130MUM KULLANIM ORANLARI:<\/p><p>\u015eEKELEMELER 50 MG\/KG, S\u00dcSLEME VE KAPLAMALAR 50 MG\/KG, \u00c7ORBALAR 50 MG \/KG<\/p><p>\u00c7\u00d6Z\u00dcN\u00dcRL\u00dcK: SU VE ALKOLDE \u00c7\u00d6Z\u00dcN\u00dcR.<\/p><p>PASKALYA YUMURTASI BOYAMADA KULLANILAB\u0130L\u0130R.<\/p><p>GIDA \u0130MALATINDA KULLANIMA UYGUNDUR.<\/p>\t\t\t\t\t\t\t\t<\/div>\n\t\t\t\t<\/div>\n\t\t\t\t\t<\/div>\n\t\t\t\t<\/div>\n\t\t\t\t<\/div>\n\t\t","protected":false},"excerpt":{"rendered":"<p>KRK GIDA RENKLEND\u0130R\u0130C\u0130 KOYU KAHVERENG\u0130 (DARK BROWN) (BROWN HT) (E 155) 9GR-48 ADET<\/p>\n","protected":false},"featured_media":28348,"comment_status":"open","ping_status":"closed","template":"","meta":[],"product_brand":[],"product_cat":[260],"product_tag":[],"class_list":{"0":"post-28347","1":"product","2":"type-product","3":"status-publish","4":"has-post-thumbnail","6":"product_cat-9gr48adet-gida-renklendiricileri","8":"first","9":"instock","10":"shipping-taxable","11":"product-type-simple"},"_links":{"self":[{"href":"https:\/\/www.krkgida.com\/index.php?rest_route=\/wp\/v2\/product\/28347","targetHints":{"allow":["GET"]}}],"collection":[{"href":"https:\/\/www.krkgida.com\/index.php?rest_route=\/wp\/v2\/product"}],"about":[{"href":"https:\/\/www.krkgida.com\/index.php?rest_route=\/wp\/v2\/types\/product"}],"replies":[{"embeddable":true,"href":"https:\/\/www.krkgida.com\/index.php?rest_route=%2Fwp%2Fv2%2Fcomments&post=28347"}],"version-history":[{"count":1,"href":"https:\/\/www.krkgida.com\/index.php?rest_route=\/wp\/v2\/product\/28347\/revisions"}],"predecessor-version":[{"id":28350,"href":"https:\/\/www.krkgida.com\/index.php?rest_route=\/wp\/v2\/product\/28347\/revisions\/28350"}],"wp:featuredmedia":[{"embeddable":true,"href":"https:\/\/www.krkgida.com\/index.php?rest_route=\/wp\/v2\/media\/28348"}],"wp:attachment":[{"href":"https:\/\/www.krkgida.com\/index.php?rest_route=%2Fwp%2Fv2%2Fmedia&parent=28347"}],"wp:term":[{"taxonomy":"product_brand","embeddable":true,"href":"https:\/\/www.krkgida.com\/index.php?rest_route=%2Fwp%2Fv2%2Fproduct_brand&post=28347"},{"taxonomy":"product_cat","embeddable":true,"href":"https:\/\/www.krkgida.com\/index.php?rest_route=%2Fwp%2Fv2%2Fproduct_cat&post=28347"},{"taxonomy":"product_tag","embeddable":true,"href":"https:\/\/www.krkgida.com\/index.php?rest_route=%2Fwp%2Fv2%2Fproduct_tag&post=28347"}],"curies":[{"name":"wp","href":"https:\/\/api.w.org\/{rel}","templated":true}]}}