{"id":28327,"date":"2025-04-02T11:07:42","date_gmt":"2025-04-02T11:07:42","guid":{"rendered":"https:\/\/www.krkgida.com\/?post_type=product&#038;p=28327"},"modified":"2025-04-02T11:09:48","modified_gmt":"2025-04-02T11:09:48","slug":"krk-gida-renklendirici-siyah-black-pn-e-151-9gr-48-adet","status":"publish","type":"product","link":"https:\/\/www.krkgida.com\/?product=krk-gida-renklendirici-siyah-black-pn-e-151-9gr-48-adet","title":{"rendered":"KRK GIDA RENKLEND\u0130R\u0130C\u0130 S\u0130YAH (BLACK PN) (E 151) 9GR-48 ADET"},"content":{"rendered":"\t\t<div data-elementor-type=\"product-post\" data-elementor-id=\"28327\" class=\"elementor elementor-28327\" data-elementor-post-type=\"product\">\n\t\t\t\t<div class=\"wd-negative-gap elementor-element elementor-element-916bd44 e-flex e-con-boxed e-con e-parent\" data-id=\"916bd44\" data-element_type=\"container\">\n\t\t\t\t\t<div class=\"e-con-inner\">\n\t\t\t\t<div class=\"elementor-element elementor-element-67a0856f color-scheme-inherit text-left elementor-widget elementor-widget-text-editor\" data-id=\"67a0856f\" data-element_type=\"widget\" data-widget_type=\"text-editor.default\">\n\t\t\t\t<div class=\"elementor-widget-container\">\n\t\t\t\t\t\t\t\t\t<p>KRK GIDA RENKLEND\u0130R\u0130C\u0130 S\u0130YAH (BLACK PN) (E 151)<br \/>\u00dcR\u00dcN \u0130SM\u0130:\u00a0 \u00a0 \u00a0 \u00a0 \u00a0 \u00a0 \u00a0 \u00a0 \u00a0 \u00a0 \u00a0 \u00a0 \u00a0 \u00a0 \u00a0 \u00a0 \u00a0 \u00a0 KRK GIDA RENKLEND\u0130R\u0130C\u0130 S\u0130YAH (BLACK PN) (E 151)<br \/>RENK ENDEKS NO:\u00a0 \u00a0 \u00a0 \u00a0 \u00a0 \u00a0 \u00a0 \u00a0 \u00a0 \u00a0 \u00a0 \u00a0 \u00a0 28440<br \/>EEC NUMARASI:\u00a0 \u00a0 \u00a0 \u00a0 \u00a0 \u00a0 \u00a0 \u00a0 \u00a0 \u00a0 \u00a0 \u00a0 \u00a0 \u00a0 \u00a0 E 151<br \/>EINECS:\u00a0 \u00a0 \u00a0 \u00a0 \u00a0 \u00a0 \u00a0 \u00a0 \u00a0 \u00a0 \u00a0 \u00a0 \u00a0 \u00a0 \u00a0 \u00a0 \u00a0 \u00a0 \u00a0 \u00a0 \u00a0219\u2013476-5<br \/>K\u0130MYASAL FORM\u00dcL:\u00a0 \u00a0 \u00a0 \u00a0 \u00a0 \u00a0 \u00a0 \u00a0 \u00a0 \u00a0 \u00a0 \u00a0 C28H17N6Na4O14S4<br \/>TANIMLAMA:\u00a0 \u00a0 \u00a0 \u00a0 \u00a0 \u00a0 \u00a0 \u00a0 \u00a0 \u00a0 \u00a0 \u00a0 \u00a0 \u00a0 \u00a0 \u00a0 \u00a0 S\u0130YAH TOZ<br \/>\u0130\u00c7ER\u0130K\u00a0 \u00a0 \u00a0 \u00a0 \u00a0 \u00a0 \u00a0 \u00a0 \u00a0 \u00a0 \u00a0 \u00a0 \u00a0 \u00a0 \u00a0 \u00a0M\u0130KTAR(%WEIGHT)<br \/>TOPLAM RENKLEND\u0130R\u0130C\u0130 MADDE:\u00a0 \u00a0 \u00a0%80<br \/>SODYUM TUZU:\u00a0 \u00a0 \u00a0 \u00a0 \u00a0 \u00a0 \u00a0 \u00a0 \u00a0 \u00a0 \u00a0 \u00a0 \u00a0 \u00a0 \u00a0 \u00a0%20<\/p><p>KRK GIDA RENKLEND\u0130R\u0130C\u0130 S\u0130YAH (BLACK PN) (E 151) \u00dcR\u00dcN\u00dc T\u00dcRK GIDA KODEKS\u0130NE UYGUN DE\u011eERLERDE \u00dcRET\u0130LM\u0130\u015eT\u0130R.<\/p><p>KULLANILAB\u0130LECE\u011e\u0130 \u00dcR\u00dcNLER VE MAKS\u0130MUM KULLANIM ORANLARI T\u00dcRK GIDA KODEKS\u0130NDE BEL\u0130RT\u0130LM\u0130\u015eT\u0130R.<\/p><p>BAZI \u00dcR\u00dcNLER \u0130\u00c7\u0130N MAKS\u0130MUM KULLANIM ORANLARI:<\/p><p>\u015eEKELEMELER 200 MG\/KG, S\u00dcSLEME VE KAPLAMALAR 500 MG\/KG, \u00c7ORBALAR 50 MG \/KG<\/p><p>RENKLEND\u0130R\u0130C\u0130 KULLANILDI\u011eI \u00dcR\u00dcN\u00dcN YAPISINA VE DO\u011eAL RENG\u0130NE G\u00d6RE SONU\u00c7 RENKTE KOYU YE\u015e\u0130LE VEYA LAC\u0130VERTE D\u00d6N\u00dcK S\u0130YAH B\u0130R RENK VER\u0130R.<\/p><p>TAM S\u0130YAH YAPMAZ.<\/p><p>\u00c7\u00d6Z\u00dcN\u00dcRL\u00dcK: SU VE ALKOLDE \u00c7\u00d6Z\u00dcN\u00dcR.<\/p><p>PASKALYA YUMURTASI BOYAMADA KULLANILAB\u0130L\u0130R.<\/p><p>GIDA \u0130MALATINDA KULLANIMA UYGUNDUR.<\/p>\t\t\t\t\t\t\t\t<\/div>\n\t\t\t\t<\/div>\n\t\t\t\t\t<\/div>\n\t\t\t\t<\/div>\n\t\t\t\t<\/div>\n\t\t","protected":false},"excerpt":{"rendered":"<p>KRK GIDA RENKLEND\u0130R\u0130C\u0130 S\u0130YAH (BLACK PN) (E 151) 9GR-48 ADET<\/p>\n","protected":false},"featured_media":28328,"comment_status":"open","ping_status":"closed","template":"","meta":[],"product_brand":[],"product_cat":[260],"product_tag":[],"class_list":{"0":"post-28327","1":"product","2":"type-product","3":"status-publish","4":"has-post-thumbnail","6":"product_cat-9gr48adet-gida-renklendiricileri","8":"first","9":"instock","10":"shipping-taxable","11":"product-type-simple"},"_links":{"self":[{"href":"https:\/\/www.krkgida.com\/index.php?rest_route=\/wp\/v2\/product\/28327","targetHints":{"allow":["GET"]}}],"collection":[{"href":"https:\/\/www.krkgida.com\/index.php?rest_route=\/wp\/v2\/product"}],"about":[{"href":"https:\/\/www.krkgida.com\/index.php?rest_route=\/wp\/v2\/types\/product"}],"replies":[{"embeddable":true,"href":"https:\/\/www.krkgida.com\/index.php?rest_route=%2Fwp%2Fv2%2Fcomments&post=28327"}],"version-history":[{"count":1,"href":"https:\/\/www.krkgida.com\/index.php?rest_route=\/wp\/v2\/product\/28327\/revisions"}],"predecessor-version":[{"id":28330,"href":"https:\/\/www.krkgida.com\/index.php?rest_route=\/wp\/v2\/product\/28327\/revisions\/28330"}],"wp:featuredmedia":[{"embeddable":true,"href":"https:\/\/www.krkgida.com\/index.php?rest_route=\/wp\/v2\/media\/28328"}],"wp:attachment":[{"href":"https:\/\/www.krkgida.com\/index.php?rest_route=%2Fwp%2Fv2%2Fmedia&parent=28327"}],"wp:term":[{"taxonomy":"product_brand","embeddable":true,"href":"https:\/\/www.krkgida.com\/index.php?rest_route=%2Fwp%2Fv2%2Fproduct_brand&post=28327"},{"taxonomy":"product_cat","embeddable":true,"href":"https:\/\/www.krkgida.com\/index.php?rest_route=%2Fwp%2Fv2%2Fproduct_cat&post=28327"},{"taxonomy":"product_tag","embeddable":true,"href":"https:\/\/www.krkgida.com\/index.php?rest_route=%2Fwp%2Fv2%2Fproduct_tag&post=28327"}],"curies":[{"name":"wp","href":"https:\/\/api.w.org\/{rel}","templated":true}]}}