{"id":28323,"date":"2025-04-02T11:01:58","date_gmt":"2025-04-02T11:01:58","guid":{"rendered":"https:\/\/www.krkgida.com\/?post_type=product&#038;p=28323"},"modified":"2025-04-02T11:06:38","modified_gmt":"2025-04-02T11:06:38","slug":"krk-gida-renklendirici-pembe-erythrosine-e-127-9gr-48-adet","status":"publish","type":"product","link":"https:\/\/www.krkgida.com\/?product=krk-gida-renklendirici-pembe-erythrosine-e-127-9gr-48-adet","title":{"rendered":"KRK GIDA RENKLEND\u0130R\u0130C\u0130 PEMBE (ERYTHROSINE) (E 127) 9GR-48 ADET"},"content":{"rendered":"\t\t<div data-elementor-type=\"product-post\" data-elementor-id=\"28323\" class=\"elementor elementor-28323\" data-elementor-post-type=\"product\">\n\t\t\t\t<div class=\"wd-negative-gap elementor-element elementor-element-782eb05d e-flex e-con-boxed e-con e-parent\" data-id=\"782eb05d\" data-element_type=\"container\">\n\t\t\t\t\t<div class=\"e-con-inner\">\n\t\t\t\t<div class=\"elementor-element elementor-element-6f842871 color-scheme-inherit text-left elementor-widget elementor-widget-text-editor\" data-id=\"6f842871\" data-element_type=\"widget\" data-widget_type=\"text-editor.default\">\n\t\t\t\t<div class=\"elementor-widget-container\">\n\t\t\t\t\t\t\t\t\t<p>KRK GIDA RENKLEND\u0130R\u0130C\u0130 PEMBE (ERYTHROSINE) (E 127)<br \/>\u00dcR\u00dcN \u0130SM\u0130:\u00a0 \u00a0 \u00a0 \u00a0 \u00a0 \u00a0 \u00a0 \u00a0 \u00a0 \u00a0 \u00a0 \u00a0 \u00a0 \u00a0 \u00a0 \u00a0 \u00a0 \u00a0 KRK GIDA RENKLEND\u0130R\u0130C\u0130 PEMBE (ERYTHROSINE) (E 127)<br \/>RENK ENDEKS NO:\u00a0 \u00a0 \u00a0 \u00a0 \u00a0 \u00a0 \u00a0 \u00a0 \u00a0 \u00a0 \u00a0 \u00a0 \u00a045430<br \/>EEC NUMARASI:\u00a0 \u00a0 \u00a0 \u00a0 \u00a0 \u00a0 \u00a0 \u00a0 \u00a0 \u00a0 \u00a0 \u00a0 \u00a0 \u00a0 \u00a0E 127<br \/>EINECS:\u00a0 \u00a0 \u00a0 \u00a0 \u00a0 \u00a0 \u00a0 \u00a0 \u00a0 \u00a0 \u00a0 \u00a0 \u00a0 \u00a0 \u00a0 \u00a0 \u00a0 \u00a0 \u00a0 \u00a0 240-474-8<br \/>K\u0130MYASAL FORM\u00dcL:\u00a0 \u00a0 \u00a0 \u00a0 \u00a0 \u00a0 \u00a0 \u00a0 \u00a0 \u00a0 \u00a0 \u00a0C20H6I4Na2O5. H2O<br \/>TANIMLAMA:\u00a0 \u00a0 \u00a0 \u00a0 \u00a0 \u00a0 \u00a0 \u00a0 \u00a0 \u00a0 \u00a0 \u00a0 \u00a0 \u00a0 \u00a0 \u00a0 \u00a0 KIRMIZI TOZ<br \/>\u0130\u00c7ER\u0130K\u00a0 \u00a0 \u00a0 \u00a0 \u00a0 \u00a0 \u00a0 \u00a0 \u00a0 \u00a0 \u00a0 \u00a0 \u00a0 \u00a0 \u00a0 \u00a0 \u00a0M\u0130KTAR(%WEIGHT)<br \/>TOPLAM RENKLEND\u0130R\u0130C\u0130 MADDE:\u00a0 \u00a0 %87<br \/>SODYUM TUZU:\u00a0 \u00a0 \u00a0 \u00a0 \u00a0 \u00a0 \u00a0 \u00a0 \u00a0 \u00a0 \u00a0 \u00a0 \u00a0 \u00a0 \u00a0 %13<\/p><p>KRK GIDA RENKLEND\u0130R\u0130C\u0130 PEMBE (ERYTHROSINE) (E 127) \u00dcR\u00dcN\u00dc T\u00dcRK GIDA KODEKS\u0130NE UYGUN DE\u011eERLERDE \u00dcRET\u0130LM\u0130\u015eT\u0130R.<\/p><p>KULLANILAB\u0130LECE\u011e\u0130 \u00dcR\u00dcNLER VE MAKS\u0130MUM KULLANIM ORANLARI T\u00dcRK GIDA KODEKS\u0130NDE BEL\u0130RT\u0130LM\u0130\u015eT\u0130R.<\/p><p>BAZI \u00dcR\u00dcNLER \u0130\u00c7\u0130N MAKS\u0130MUM KULLANIM ORANLARI:<\/p><p>KOKTEYL K\u0130RAZLARI VE K\u0130RAZ \u015eEKERLEMELER\u0130 200 MG\/KG, B\u0130GARRO K\u0130RAZLAR(\u015eURUP HAL\u0130NDE VEYA KOKTEYL HA\u0130NDE ) 150 MG\/KG<\/p><p>\u00c7\u00d6Z\u00dcN\u00dcRL\u00dcK: SU VE ALKOLDE \u00c7\u00d6Z\u00dcN\u00dcR<\/p><p>PASKALYA YUMURTASI BOYAMADA KULLANILAB\u0130L\u0130R.<\/p><p>GIDA \u0130MALATINDA KULLANIMA UYGUNDU<\/p>\t\t\t\t\t\t\t\t<\/div>\n\t\t\t\t<\/div>\n\t\t\t\t\t<\/div>\n\t\t\t\t<\/div>\n\t\t\t\t<\/div>\n\t\t","protected":false},"excerpt":{"rendered":"<p>KRK GIDA RENKLEND\u0130R\u0130C\u0130 PEMBE (ERYTHROSINE) (E 127) 9GR-48 ADET<\/p>\n","protected":false},"featured_media":28324,"comment_status":"open","ping_status":"closed","template":"","meta":[],"product_brand":[],"product_cat":[260],"product_tag":[],"class_list":{"0":"post-28323","1":"product","2":"type-product","3":"status-publish","4":"has-post-thumbnail","6":"product_cat-9gr48adet-gida-renklendiricileri","8":"first","9":"instock","10":"shipping-taxable","11":"product-type-simple"},"_links":{"self":[{"href":"https:\/\/www.krkgida.com\/index.php?rest_route=\/wp\/v2\/product\/28323","targetHints":{"allow":["GET"]}}],"collection":[{"href":"https:\/\/www.krkgida.com\/index.php?rest_route=\/wp\/v2\/product"}],"about":[{"href":"https:\/\/www.krkgida.com\/index.php?rest_route=\/wp\/v2\/types\/product"}],"replies":[{"embeddable":true,"href":"https:\/\/www.krkgida.com\/index.php?rest_route=%2Fwp%2Fv2%2Fcomments&post=28323"}],"version-history":[{"count":1,"href":"https:\/\/www.krkgida.com\/index.php?rest_route=\/wp\/v2\/product\/28323\/revisions"}],"predecessor-version":[{"id":28326,"href":"https:\/\/www.krkgida.com\/index.php?rest_route=\/wp\/v2\/product\/28323\/revisions\/28326"}],"wp:featuredmedia":[{"embeddable":true,"href":"https:\/\/www.krkgida.com\/index.php?rest_route=\/wp\/v2\/media\/28324"}],"wp:attachment":[{"href":"https:\/\/www.krkgida.com\/index.php?rest_route=%2Fwp%2Fv2%2Fmedia&parent=28323"}],"wp:term":[{"taxonomy":"product_brand","embeddable":true,"href":"https:\/\/www.krkgida.com\/index.php?rest_route=%2Fwp%2Fv2%2Fproduct_brand&post=28323"},{"taxonomy":"product_cat","embeddable":true,"href":"https:\/\/www.krkgida.com\/index.php?rest_route=%2Fwp%2Fv2%2Fproduct_cat&post=28323"},{"taxonomy":"product_tag","embeddable":true,"href":"https:\/\/www.krkgida.com\/index.php?rest_route=%2Fwp%2Fv2%2Fproduct_tag&post=28323"}],"curies":[{"name":"wp","href":"https:\/\/api.w.org\/{rel}","templated":true}]}}