{"id":28315,"date":"2025-04-02T10:56:12","date_gmt":"2025-04-02T10:56:12","guid":{"rendered":"https:\/\/www.krkgida.com\/?post_type=product&#038;p=28315"},"modified":"2025-04-02T10:57:50","modified_gmt":"2025-04-02T10:57:50","slug":"krk-gida-renklendirici-visne-rengi-amaranth-e-123-9gr-48-adet","status":"publish","type":"product","link":"https:\/\/www.krkgida.com\/?product=krk-gida-renklendirici-visne-rengi-amaranth-e-123-9gr-48-adet","title":{"rendered":"KRK GIDA RENKLEND\u0130R\u0130C\u0130 V\u0130\u015eNE RENG\u0130 (AMARANTH) (E 123) 9GR-48 ADET"},"content":{"rendered":"\t\t<div data-elementor-type=\"product-post\" data-elementor-id=\"28315\" class=\"elementor elementor-28315\" data-elementor-post-type=\"product\">\n\t\t\t\t<div class=\"wd-negative-gap elementor-element elementor-element-5d9a6df4 e-flex e-con-boxed e-con e-parent\" data-id=\"5d9a6df4\" data-element_type=\"container\">\n\t\t\t\t\t<div class=\"e-con-inner\">\n\t\t\t\t<div class=\"elementor-element elementor-element-338387b color-scheme-inherit text-left elementor-widget elementor-widget-text-editor\" data-id=\"338387b\" data-element_type=\"widget\" data-widget_type=\"text-editor.default\">\n\t\t\t\t<div class=\"elementor-widget-container\">\n\t\t\t\t\t\t\t\t\t<h5>KRK GIDA RENKLEND\u0130R\u0130C\u0130 V\u0130\u015eNE RENG\u0130 (AMARANTH) (E 123)<\/h5>\n<p>\u00dcR\u00dcN \u0130SM\u0130:&nbsp; &nbsp; &nbsp; &nbsp; &nbsp; &nbsp; &nbsp; &nbsp; &nbsp; &nbsp; &nbsp; &nbsp; &nbsp; &nbsp; &nbsp; &nbsp; &nbsp; &nbsp; KRK GIDA RENKLEND\u0130R\u0130C\u0130 V\u0130\u015eNE RENG\u0130 (AMARANTH) (E123)<br>RENK ENDEKS NO:&nbsp; &nbsp; &nbsp; &nbsp; &nbsp; &nbsp; &nbsp; &nbsp; &nbsp; &nbsp; &nbsp; &nbsp; &nbsp;16185<br>EEC NUMARASI:&nbsp; &nbsp; &nbsp; &nbsp; &nbsp; &nbsp; &nbsp; &nbsp; &nbsp; &nbsp; &nbsp; &nbsp; &nbsp; &nbsp; &nbsp;E 123<br>EINECS:&nbsp; &nbsp; &nbsp; &nbsp; &nbsp; &nbsp; &nbsp; &nbsp; &nbsp; &nbsp; &nbsp; &nbsp; &nbsp; &nbsp; &nbsp; &nbsp; &nbsp; &nbsp; &nbsp; &nbsp; 213-022-2<br>K\u0130MYASAL FORM\u00dcL:&nbsp; &nbsp; &nbsp; &nbsp; &nbsp; &nbsp; &nbsp; &nbsp; &nbsp; &nbsp; &nbsp; &nbsp;C20H11N2Na3O10S3<br>TANIMLAMA: KIRMIZIMSI KAHVERENG\u0130 TOZ<br>\u0130\u00c7ER\u0130K&nbsp; &nbsp; &nbsp; &nbsp; &nbsp; &nbsp; &nbsp; &nbsp; &nbsp; &nbsp; &nbsp; &nbsp; &nbsp; &nbsp; &nbsp; &nbsp; &nbsp; M\u0130KTAR(%WEIGHT)<br>TOPLAM RENKLEND\u0130R\u0130C\u0130 MADDE:&nbsp; &nbsp; %87<br>SODYUM TUZU:&nbsp; &nbsp; &nbsp; &nbsp; &nbsp; &nbsp; &nbsp; &nbsp; &nbsp; &nbsp; &nbsp; &nbsp; &nbsp; &nbsp; &nbsp; %13<\/p>\n<p>KRK GIDA RENKLEND\u0130R\u0130C\u0130 V\u0130\u015eNE RENG\u0130 (AMARANTH)(E123) \u00dcR\u00dcN\u00dc T\u00dcRK GIDA KODEKS\u0130NE UYGUN DE\u011eERLERDE \u00dcRET\u0130LM\u0130\u015eT\u0130R.<\/p>\n<p>KULLANILAB\u0130LECE\u011e\u0130 \u00dcR\u00dcNLER VE MAKS\u0130MUM KULLANIM ORANLARI T\u00dcRK GIDA KODEKS\u0130NDE BEL\u0130RT\u0130LM\u0130\u015eT\u0130R.<\/p>\n<p>BAZI \u00dcR\u00dcNLER \u0130\u00c7\u0130N MAKS\u0130MUM KULLANIM ORANLARI:<br>B\u0130TTER SODA 100 MG\/KG, APERAT\u0130F \u015eARAPLAR 30 MG\/KG,BALIK YUMURTASI 30 MG\/KG<\/p>\n<p>\u00c7\u00d6Z\u00dcN\u00dcRL\u00dcK: SU VE ALKOLDE \u00c7\u00d6Z\u00dcN\u00dcR.<\/p>\n<p>PASKALYA YUMURTASI BOYAMADA KULLANILAB\u0130L\u0130R.<\/p>\n<p>GIDA \u0130MALATINDA KULLANIMA UYGUNDUR.<\/p>\t\t\t\t\t\t\t\t<\/div>\n\t\t\t\t<\/div>\n\t\t\t\t\t<\/div>\n\t\t\t\t<\/div>\n\t\t\t\t<\/div>\n\t\t","protected":false},"excerpt":{"rendered":"<p>KRK GIDA RENKLEND\u0130R\u0130C\u0130 V\u0130\u015eNE RENG\u0130 (AMARANTH) (E 123) 9GR-48 ADET<\/p>\n","protected":false},"featured_media":28316,"comment_status":"open","ping_status":"closed","template":"","meta":[],"product_brand":[],"product_cat":[260],"product_tag":[],"class_list":{"0":"post-28315","1":"product","2":"type-product","3":"status-publish","4":"has-post-thumbnail","6":"product_cat-9gr48adet-gida-renklendiricileri","8":"first","9":"instock","10":"shipping-taxable","11":"product-type-simple"},"_links":{"self":[{"href":"https:\/\/www.krkgida.com\/index.php?rest_route=\/wp\/v2\/product\/28315","targetHints":{"allow":["GET"]}}],"collection":[{"href":"https:\/\/www.krkgida.com\/index.php?rest_route=\/wp\/v2\/product"}],"about":[{"href":"https:\/\/www.krkgida.com\/index.php?rest_route=\/wp\/v2\/types\/product"}],"replies":[{"embeddable":true,"href":"https:\/\/www.krkgida.com\/index.php?rest_route=%2Fwp%2Fv2%2Fcomments&post=28315"}],"version-history":[{"count":1,"href":"https:\/\/www.krkgida.com\/index.php?rest_route=\/wp\/v2\/product\/28315\/revisions"}],"predecessor-version":[{"id":28318,"href":"https:\/\/www.krkgida.com\/index.php?rest_route=\/wp\/v2\/product\/28315\/revisions\/28318"}],"wp:featuredmedia":[{"embeddable":true,"href":"https:\/\/www.krkgida.com\/index.php?rest_route=\/wp\/v2\/media\/28316"}],"wp:attachment":[{"href":"https:\/\/www.krkgida.com\/index.php?rest_route=%2Fwp%2Fv2%2Fmedia&parent=28315"}],"wp:term":[{"taxonomy":"product_brand","embeddable":true,"href":"https:\/\/www.krkgida.com\/index.php?rest_route=%2Fwp%2Fv2%2Fproduct_brand&post=28315"},{"taxonomy":"product_cat","embeddable":true,"href":"https:\/\/www.krkgida.com\/index.php?rest_route=%2Fwp%2Fv2%2Fproduct_cat&post=28315"},{"taxonomy":"product_tag","embeddable":true,"href":"https:\/\/www.krkgida.com\/index.php?rest_route=%2Fwp%2Fv2%2Fproduct_tag&post=28315"}],"curies":[{"name":"wp","href":"https:\/\/api.w.org\/{rel}","templated":true}]}}