{"id":28294,"date":"2025-04-02T10:21:15","date_gmt":"2025-04-02T10:21:15","guid":{"rendered":"https:\/\/www.krkgida.com\/?post_type=product&#038;p=28294"},"modified":"2025-04-02T10:24:02","modified_gmt":"2025-04-02T10:24:02","slug":"krk-gida-renklendirici-turuncu-sunset-yellow-fcf-e-110-9gr-48-adet","status":"publish","type":"product","link":"https:\/\/www.krkgida.com\/?product=krk-gida-renklendirici-turuncu-sunset-yellow-fcf-e-110-9gr-48-adet","title":{"rendered":"KRK GIDA RENKLEND\u0130R\u0130C\u0130 TURUNCU (SUNSET YELLOW FCF) (E 110) 9GR-48 ADET"},"content":{"rendered":"\t\t<div data-elementor-type=\"product-post\" data-elementor-id=\"28294\" class=\"elementor elementor-28294\" data-elementor-post-type=\"product\">\n\t\t\t\t<div class=\"elementor-element elementor-element-14007ae7 e-con-full e-flex e-con e-parent\" data-id=\"14007ae7\" data-element_type=\"container\">\n\t\t\t\t<div class=\"elementor-element elementor-element-650453af color-scheme-inherit text-left elementor-widget elementor-widget-text-editor\" data-id=\"650453af\" data-element_type=\"widget\" data-widget_type=\"text-editor.default\">\n\t\t\t\t<div class=\"elementor-widget-container\">\n\t\t\t\t\t\t\t\t\t<h5>KRK GIDA RENKLEND\u0130R\u0130C\u0130 TURUNCU (SUNSET YELLOW FCF)\u00a0 (E 110)<\/h5><p>\u00dcR\u00dcN \u0130SM\u0130:\u00a0 \u00a0 \u00a0 \u00a0 \u00a0 \u00a0 \u00a0 \u00a0 \u00a0 \u00a0 \u00a0 \u00a0 \u00a0 \u00a0 \u00a0 \u00a0 \u00a0 \u00a0KRK GIDA RENKLEND\u0130R\u0130C\u0130 TURUNCU (SUNSET YELLOW FCF) (E 110)<br \/>RENK ENDEKS NO:\u00a0 \u00a0 \u00a0 \u00a0 \u00a0 \u00a0 \u00a0 \u00a0 \u00a0 \u00a0 \u00a0 \u00a0 \u00a015985<br \/>EEC NUMARASI:\u00a0 \u00a0 \u00a0 \u00a0 \u00a0 \u00a0 \u00a0 \u00a0 \u00a0 \u00a0 \u00a0 \u00a0 \u00a0 \u00a0 \u00a0E 110<br \/>EINECS:\u00a0 \u00a0 \u00a0 \u00a0 \u00a0 \u00a0 \u00a0 \u00a0 \u00a0 \u00a0 \u00a0 \u00a0 \u00a0 \u00a0 \u00a0 \u00a0 \u00a0 \u00a0 \u00a0 \u00a0 220-491-7<br \/>K\u0130MYASAL FORM\u00dcL:\u00a0 \u00a0 \u00a0 \u00a0 \u00a0 \u00a0 \u00a0 \u00a0 \u00a0 \u00a0 \u00a0 \u00a0C16H10N2Na2O7S2<br \/>TANIMLAMA:\u00a0 \u00a0 \u00a0 \u00a0 \u00a0 \u00a0 \u00a0 \u00a0 \u00a0 \u00a0 \u00a0 \u00a0 \u00a0 \u00a0 \u00a0 \u00a0 \u00a0TURUNCU-KIRMIZI TOZ<br \/>\u0130\u00c7ER\u0130K\u00a0<span style=\"font-family: 'Work Sans', Arial, Helvetica, sans-serif; font-size: 15px; font-style: normal; font-variant-ligatures: normal; font-variant-caps: normal; font-weight: 400; text-align: var(--text-align); color: var(--wd-text-color);\">\u00a0 \u00a0 \u00a0 \u00a0 \u00a0 \u00a0 \u00a0 \u00a0 \u00a0 \u00a0 \u00a0 \u00a0 \u00a0<\/span><span style=\"font-family: 'Work Sans', Arial, Helvetica, sans-serif; font-size: 15px; font-style: normal; font-variant-ligatures: normal; font-variant-caps: normal; font-weight: 400; text-align: var(--text-align); color: var(--wd-text-color);\">\u00a0<\/span><span style=\"font-size: 15px; text-align: var(--text-align); color: var(--wd-text-color);\">M\u0130KTAR(%WEIGHT)<\/span><br \/>TOPLAM RENKLEND\u0130R\u0130C\u0130 MADDE:\u00a0 \u00a0 %87<br \/>SODYUM TUZU:\u00a0 \u00a0 \u00a0 \u00a0 \u00a0 \u00a0 \u00a0 \u00a0 \u00a0 \u00a0 \u00a0 \u00a0 \u00a0 \u00a0 \u00a0 %13<\/p><p>SUNSET YELLOW FCF E110 KOD LU BU \u00dcR\u00dcN T\u00dcRK GIDA KODEKS\u0130NE UYGUN DE\u011eERLERDE \u00dcRET\u0130LM\u0130\u015eT\u0130R.<\/p><p>KULLANILAB\u0130LECE\u011e\u0130 \u00dcR\u00dcNLER VE MAKS\u0130MUM KULLANIM ORANLARI T\u00dcRK GIDA KODEKS\u0130NDE BEL\u0130RT\u0130LM\u0130\u015eT\u0130R.<\/p><p>BAZI \u00dcR\u00dcNLER \u0130\u00c7\u0130N MAKS\u0130MUM KULLANIM ORANLARI:<br \/>\u015eEKELEMELER 10 MG\/KG, S\u00dcSLEME VE KAPLAMALAR 35 MG\/KG, \u00c7ORBALAR 50 MG \/KG<\/p><p>\u00c7\u00d6Z\u00dcN\u00dcRL\u00dcK: SU VE ALKOLDE \u00c7\u00d6Z\u00dcN\u00dcR.<\/p><p>PASKALYA YUMURTASI BOYAMADA KULLANILAB\u0130L\u0130R.<\/p><p>GIDA \u0130MALATINDA KULLANIMA UYGUNDUR.<\/p>\t\t\t\t\t\t\t\t<\/div>\n\t\t\t\t<\/div>\n\t\t\t\t<\/div>\n\t\t\t\t<\/div>\n\t\t","protected":false},"excerpt":{"rendered":"<p>KRK GIDA RENKLEND\u0130R\u0130C\u0130 TURUNCU (SUNSET YELLOW FCF) (E 110) 9GR-48 ADET<\/p>\n","protected":false},"featured_media":28295,"comment_status":"open","ping_status":"closed","template":"","meta":[],"product_brand":[],"product_cat":[260],"product_tag":[],"class_list":{"0":"post-28294","1":"product","2":"type-product","3":"status-publish","4":"has-post-thumbnail","6":"product_cat-9gr48adet-gida-renklendiricileri","8":"first","9":"instock","10":"shipping-taxable","11":"product-type-simple"},"_links":{"self":[{"href":"https:\/\/www.krkgida.com\/index.php?rest_route=\/wp\/v2\/product\/28294","targetHints":{"allow":["GET"]}}],"collection":[{"href":"https:\/\/www.krkgida.com\/index.php?rest_route=\/wp\/v2\/product"}],"about":[{"href":"https:\/\/www.krkgida.com\/index.php?rest_route=\/wp\/v2\/types\/product"}],"replies":[{"embeddable":true,"href":"https:\/\/www.krkgida.com\/index.php?rest_route=%2Fwp%2Fv2%2Fcomments&post=28294"}],"version-history":[{"count":1,"href":"https:\/\/www.krkgida.com\/index.php?rest_route=\/wp\/v2\/product\/28294\/revisions"}],"predecessor-version":[{"id":28297,"href":"https:\/\/www.krkgida.com\/index.php?rest_route=\/wp\/v2\/product\/28294\/revisions\/28297"}],"wp:featuredmedia":[{"embeddable":true,"href":"https:\/\/www.krkgida.com\/index.php?rest_route=\/wp\/v2\/media\/28295"}],"wp:attachment":[{"href":"https:\/\/www.krkgida.com\/index.php?rest_route=%2Fwp%2Fv2%2Fmedia&parent=28294"}],"wp:term":[{"taxonomy":"product_brand","embeddable":true,"href":"https:\/\/www.krkgida.com\/index.php?rest_route=%2Fwp%2Fv2%2Fproduct_brand&post=28294"},{"taxonomy":"product_cat","embeddable":true,"href":"https:\/\/www.krkgida.com\/index.php?rest_route=%2Fwp%2Fv2%2Fproduct_cat&post=28294"},{"taxonomy":"product_tag","embeddable":true,"href":"https:\/\/www.krkgida.com\/index.php?rest_route=%2Fwp%2Fv2%2Fproduct_tag&post=28294"}],"curies":[{"name":"wp","href":"https:\/\/api.w.org\/{rel}","templated":true}]}}